{"id":222349514,"date":"2025-09-01T13:36:36","date_gmt":"2025-09-01T11:36:36","guid":{"rendered":"https:\/\/quieton.com\/shop\/quieton-ersatz-schaumaufsaetze\/"},"modified":"2026-03-20T16:17:06","modified_gmt":"2026-03-20T14:17:06","slug":"quieton-ersatz-schaumaufsaetze","status":"publish","type":"product","link":"https:\/\/quieton.com\/de\/shop\/quieton-ersatz-schaumaufsaetze\/","title":{"rendered":"QuietOn Ersatz Schaumaufs\u00e4tze"},"content":{"rendered":"<p>Bitte beachten: Die Ohrst\u00f6psel der QuietOn\u202f4 werden mit vorinstallierten Aufs\u00e4tzen in Gr\u00f6\u00dfe S geliefert.<\/p>\n<p>Um optimale Leistung und Haltbarkeit sicherzustellen, sollten die Aufs\u00e4tze regelm\u00e4\u00dfig ausgetauscht werden.<\/p>\n<div>\n<div><\/div>\n<\/div>\n","protected":false},"excerpt":{"rendered":"<p><!--StartFragment --><\/p>\n<p>QuietOn Ersatz\u2011Schaumaufs\u00e4tze bieten einen sicheren, bequemen Sitz, der dir hilft, die volle Ger\u00e4uschunterdr\u00fcckungsleistung deiner QuietOn\u202f4 Schlafohrst\u00f6psel zu erleben. Gefertigt aus propriet\u00e4rem Comply\u00ae\u2011Memory\u2011Schaum sind diese Aufs\u00e4tze weicher, langlebiger und f\u00fcr langfristigen Komfort entwickelt. Ein integrierter Ohrenschmalz\u2011Schutz h\u00e4lt deine Ohrst\u00f6psel sauber und bewahrt ihre Leistung \u00fcber die Zeit. <br \/>Die verbesserte Passform steigert die akustischen F\u00e4higkeiten von QuietOn\u202f4 und sorgt daf\u00fcr, dass du die bestm\u00f6gliche Ger\u00e4uschreduzierung f\u00fcr einen tieferen, erholsameren Schlaf erh\u00e4ltst.   <\/p>\n<ul>\n<li>Ein integrierter Ohrenschmalz\u2011Schutz h\u00e4lt die Ohrst\u00f6psel sauber und sorgt f\u00fcr langfristige Haltbarkeit<\/li>\n<li>Jetzt noch weicher und f\u00fcr ein angenehmeres Schlaferlebnis<\/li>\n<li>Verbesserte akustische Eigenschaften, keine Gr\u00f6\u00dfenver\u00e4nderung bei Kontakt mit Wasser oder Schwei\u00df<\/li>\n<li>Hergestellt aus propriet\u00e4rem Comply\u00ae\u2011Memory\u2011Schaum<\/li>\n<li>Verkaufsbox enth\u00e4lt drei Paar Schaumaufs\u00e4tze f\u00fcr QuietOn\u202f4 in einer Gr\u00f6\u00dfe deiner Wahl (XS\/S\/M\/L)<\/li>\n<li>Ebenfalls geeignet f\u00fcr QuietOn\u202f3.1 und QuietOn\u202f3.0<\/li>\n<li>F\u00fcr optimale Leistung und Haltbarkeit sollten die Aufs\u00e4tze regelm\u00e4\u00dfig ausgetauscht werden<\/li>\n<\/ul>\n[geot_filter region=\"eu-countries\" country=\"\"]<\/p>\n<p><strong>Bestelle 2 Artikel und erhalte kostenlosen Versand!<\/strong><\/p>\n<p><em>Der Preis umfasst alle anfallenden Steuern (MwSt.).<\/em><\/p>\n<p>[\/geot_filter]\n[geot_filter region=\"\" country=\"SG\"]<\/p>\n<p><i data-olk-copy-source=\"MailCompose\">Alle Bestellungen werden aus Finnland versendet. For destinations outside the EU, customs duties and import taxes may be applied upon arrival. These charges are the responsibility of the recipient. <\/i><\/p>\n<p>[\/geot_filter]\n<p>&nbsp;<\/p>\n","protected":false},"featured_media":222349520,"comment_status":"closed","ping_status":"closed","template":"","meta":{"_acf_changed":false,"_uag_custom_page_level_css":""},"product_brand":[],"product_cat":[1400],"product_tag":[],"class_list":{"0":"post-222349514","1":"product","2":"type-product","3":"status-publish","4":"has-post-thumbnail","6":"product_cat-products-de","8":"first","9":"instock","10":"taxable","11":"shipping-taxable","12":"purchasable","13":"product-type-variable"},"acf":[],"yoast_head":"<!-- This site is optimized with the Yoast SEO plugin v27.3 - https:\/\/yoast.com\/product\/yoast-seo-wordpress\/ -->\n<title>QuietOn Ersatz Schaumaufs\u00e4tze - QuietOn<\/title>\n<meta name=\"description\" content=\"Frischen Sie Ihre QuietOn ANC-Schlaf-Ohrh\u00f6rer mit weichen Ersatz-Ohrst\u00f6pseln auf. F\u00fcr eine perfekte Passform, hohen Komfort und optimale Leistung.\" \/>\n<meta name=\"robots\" content=\"index, follow, max-snippet:-1, max-image-preview:large, max-video-preview:-1\" \/>\n<link rel=\"canonical\" href=\"https:\/\/quieton.com\/de\/shop\/quieton-ersatz-schaumaufsaetze\/\" \/>\n<meta property=\"og:locale\" content=\"de_DE\" \/>\n<meta property=\"og:type\" content=\"article\" \/>\n<meta property=\"og:title\" content=\"QuietOn Ersatz Schaumaufs\u00e4tze - QuietOn\" \/>\n<meta property=\"og:description\" content=\"Frischen Sie Ihre QuietOn ANC-Schlaf-Ohrh\u00f6rer mit weichen Ersatz-Ohrst\u00f6pseln auf. F\u00fcr eine perfekte Passform, hohen Komfort und optimale Leistung.\" \/>\n<meta property=\"og:url\" content=\"https:\/\/quieton.com\/de\/shop\/quieton-ersatz-schaumaufsaetze\/\" \/>\n<meta property=\"og:site_name\" content=\"QuietOn\" \/>\n<meta property=\"article:modified_time\" content=\"2026-03-20T14:17:06+00:00\" \/>\n<meta property=\"og:image\" content=\"https:\/\/quieton.com\/wp-content\/uploads\/2025\/09\/QuietOn-4-foam-tips-4.jpg\" \/>\n\t<meta property=\"og:image:width\" content=\"1000\" \/>\n\t<meta property=\"og:image:height\" content=\"1000\" \/>\n\t<meta property=\"og:image:type\" content=\"image\/jpeg\" \/>\n<meta name=\"twitter:card\" content=\"summary_large_image\" \/>\n<script type=\"application\/ld+json\" class=\"yoast-schema-graph\">{\"@context\":\"https:\\\/\\\/schema.org\",\"@graph\":[{\"@type\":\"WebPage\",\"@id\":\"https:\\\/\\\/quieton.com\\\/de\\\/shop\\\/quieton-ersatz-schaumaufsaetze\\\/\",\"url\":\"https:\\\/\\\/quieton.com\\\/de\\\/shop\\\/quieton-ersatz-schaumaufsaetze\\\/\",\"name\":\"QuietOn Ersatz Schaumaufs\u00e4tze - QuietOn\",\"isPartOf\":{\"@id\":\"https:\\\/\\\/quieton.com\\\/de\\\/#website\"},\"primaryImageOfPage\":{\"@id\":\"https:\\\/\\\/quieton.com\\\/de\\\/shop\\\/quieton-ersatz-schaumaufsaetze\\\/#primaryimage\"},\"image\":{\"@id\":\"https:\\\/\\\/quieton.com\\\/de\\\/shop\\\/quieton-ersatz-schaumaufsaetze\\\/#primaryimage\"},\"thumbnailUrl\":\"https:\\\/\\\/quieton.com\\\/wp-content\\\/uploads\\\/2025\\\/09\\\/QuietOn-4-foam-tips-4.jpg\",\"datePublished\":\"2025-09-01T11:36:36+00:00\",\"dateModified\":\"2026-03-20T14:17:06+00:00\",\"description\":\"Frischen Sie Ihre QuietOn ANC-Schlaf-Ohrh\u00f6rer mit weichen Ersatz-Ohrst\u00f6pseln auf. F\u00fcr eine perfekte Passform, hohen Komfort und optimale Leistung.\",\"breadcrumb\":{\"@id\":\"https:\\\/\\\/quieton.com\\\/de\\\/shop\\\/quieton-ersatz-schaumaufsaetze\\\/#breadcrumb\"},\"inLanguage\":\"de\",\"potentialAction\":[{\"@type\":\"ReadAction\",\"target\":[\"https:\\\/\\\/quieton.com\\\/de\\\/shop\\\/quieton-ersatz-schaumaufsaetze\\\/\"]}]},{\"@type\":\"ImageObject\",\"inLanguage\":\"de\",\"@id\":\"https:\\\/\\\/quieton.com\\\/de\\\/shop\\\/quieton-ersatz-schaumaufsaetze\\\/#primaryimage\",\"url\":\"https:\\\/\\\/quieton.com\\\/wp-content\\\/uploads\\\/2025\\\/09\\\/QuietOn-4-foam-tips-4.jpg\",\"contentUrl\":\"https:\\\/\\\/quieton.com\\\/wp-content\\\/uploads\\\/2025\\\/09\\\/QuietOn-4-foam-tips-4.jpg\",\"width\":1000,\"height\":1000},{\"@type\":\"BreadcrumbList\",\"@id\":\"https:\\\/\\\/quieton.com\\\/de\\\/shop\\\/quieton-ersatz-schaumaufsaetze\\\/#breadcrumb\",\"itemListElement\":[{\"@type\":\"ListItem\",\"position\":1,\"name\":\"Home\",\"item\":\"https:\\\/\\\/quieton.com\\\/de\\\/\"},{\"@type\":\"ListItem\",\"position\":2,\"name\":\"Shop\",\"item\":\"https:\\\/\\\/quieton.com\\\/de\\\/shop\\\/\"},{\"@type\":\"ListItem\",\"position\":3,\"name\":\"QuietOn Ersatz Schaumaufs\u00e4tze\"}]},{\"@type\":\"WebSite\",\"@id\":\"https:\\\/\\\/quieton.com\\\/de\\\/#website\",\"url\":\"https:\\\/\\\/quieton.com\\\/de\\\/\",\"name\":\"QuietOn\",\"description\":\"\",\"publisher\":{\"@id\":\"https:\\\/\\\/quieton.com\\\/de\\\/#organization\"},\"potentialAction\":[{\"@type\":\"SearchAction\",\"target\":{\"@type\":\"EntryPoint\",\"urlTemplate\":\"https:\\\/\\\/quieton.com\\\/de\\\/?s={search_term_string}\"},\"query-input\":{\"@type\":\"PropertyValueSpecification\",\"valueRequired\":true,\"valueName\":\"search_term_string\"}}],\"inLanguage\":\"de\"},{\"@type\":\"Organization\",\"@id\":\"https:\\\/\\\/quieton.com\\\/de\\\/#organization\",\"name\":\"QuietOn\",\"url\":\"https:\\\/\\\/quieton.com\\\/de\\\/\",\"logo\":{\"@type\":\"ImageObject\",\"inLanguage\":\"de\",\"@id\":\"https:\\\/\\\/quieton.com\\\/de\\\/#\\\/schema\\\/logo\\\/image\\\/\",\"url\":\"\",\"contentUrl\":\"\",\"caption\":\"QuietOn\"},\"image\":{\"@id\":\"https:\\\/\\\/quieton.com\\\/de\\\/#\\\/schema\\\/logo\\\/image\\\/\"}}]}<\/script>\n<!-- \/ Yoast SEO plugin. -->","yoast_head_json":{"title":"QuietOn Ersatz Schaumaufs\u00e4tze - QuietOn","description":"Frischen Sie Ihre QuietOn ANC-Schlaf-Ohrh\u00f6rer mit weichen Ersatz-Ohrst\u00f6pseln auf. F\u00fcr eine perfekte Passform, hohen Komfort und optimale Leistung.","robots":{"index":"index","follow":"follow","max-snippet":"max-snippet:-1","max-image-preview":"max-image-preview:large","max-video-preview":"max-video-preview:-1"},"canonical":"https:\/\/quieton.com\/de\/shop\/quieton-ersatz-schaumaufsaetze\/","og_locale":"de_DE","og_type":"article","og_title":"QuietOn Ersatz Schaumaufs\u00e4tze - QuietOn","og_description":"Frischen Sie Ihre QuietOn ANC-Schlaf-Ohrh\u00f6rer mit weichen Ersatz-Ohrst\u00f6pseln auf. F\u00fcr eine perfekte Passform, hohen Komfort und optimale Leistung.","og_url":"https:\/\/quieton.com\/de\/shop\/quieton-ersatz-schaumaufsaetze\/","og_site_name":"QuietOn","article_modified_time":"2026-03-20T14:17:06+00:00","og_image":[{"width":1000,"height":1000,"url":"https:\/\/quieton.com\/wp-content\/uploads\/2025\/09\/QuietOn-4-foam-tips-4.jpg","type":"image\/jpeg"}],"twitter_card":"summary_large_image","schema":{"@context":"https:\/\/schema.org","@graph":[{"@type":"WebPage","@id":"https:\/\/quieton.com\/de\/shop\/quieton-ersatz-schaumaufsaetze\/","url":"https:\/\/quieton.com\/de\/shop\/quieton-ersatz-schaumaufsaetze\/","name":"QuietOn Ersatz Schaumaufs\u00e4tze - QuietOn","isPartOf":{"@id":"https:\/\/quieton.com\/de\/#website"},"primaryImageOfPage":{"@id":"https:\/\/quieton.com\/de\/shop\/quieton-ersatz-schaumaufsaetze\/#primaryimage"},"image":{"@id":"https:\/\/quieton.com\/de\/shop\/quieton-ersatz-schaumaufsaetze\/#primaryimage"},"thumbnailUrl":"https:\/\/quieton.com\/wp-content\/uploads\/2025\/09\/QuietOn-4-foam-tips-4.jpg","datePublished":"2025-09-01T11:36:36+00:00","dateModified":"2026-03-20T14:17:06+00:00","description":"Frischen Sie Ihre QuietOn ANC-Schlaf-Ohrh\u00f6rer mit weichen Ersatz-Ohrst\u00f6pseln auf. F\u00fcr eine perfekte Passform, hohen Komfort und optimale Leistung.","breadcrumb":{"@id":"https:\/\/quieton.com\/de\/shop\/quieton-ersatz-schaumaufsaetze\/#breadcrumb"},"inLanguage":"de","potentialAction":[{"@type":"ReadAction","target":["https:\/\/quieton.com\/de\/shop\/quieton-ersatz-schaumaufsaetze\/"]}]},{"@type":"ImageObject","inLanguage":"de","@id":"https:\/\/quieton.com\/de\/shop\/quieton-ersatz-schaumaufsaetze\/#primaryimage","url":"https:\/\/quieton.com\/wp-content\/uploads\/2025\/09\/QuietOn-4-foam-tips-4.jpg","contentUrl":"https:\/\/quieton.com\/wp-content\/uploads\/2025\/09\/QuietOn-4-foam-tips-4.jpg","width":1000,"height":1000},{"@type":"BreadcrumbList","@id":"https:\/\/quieton.com\/de\/shop\/quieton-ersatz-schaumaufsaetze\/#breadcrumb","itemListElement":[{"@type":"ListItem","position":1,"name":"Home","item":"https:\/\/quieton.com\/de\/"},{"@type":"ListItem","position":2,"name":"Shop","item":"https:\/\/quieton.com\/de\/shop\/"},{"@type":"ListItem","position":3,"name":"QuietOn Ersatz Schaumaufs\u00e4tze"}]},{"@type":"WebSite","@id":"https:\/\/quieton.com\/de\/#website","url":"https:\/\/quieton.com\/de\/","name":"QuietOn","description":"","publisher":{"@id":"https:\/\/quieton.com\/de\/#organization"},"potentialAction":[{"@type":"SearchAction","target":{"@type":"EntryPoint","urlTemplate":"https:\/\/quieton.com\/de\/?s={search_term_string}"},"query-input":{"@type":"PropertyValueSpecification","valueRequired":true,"valueName":"search_term_string"}}],"inLanguage":"de"},{"@type":"Organization","@id":"https:\/\/quieton.com\/de\/#organization","name":"QuietOn","url":"https:\/\/quieton.com\/de\/","logo":{"@type":"ImageObject","inLanguage":"de","@id":"https:\/\/quieton.com\/de\/#\/schema\/logo\/image\/","url":"","contentUrl":"","caption":"QuietOn"},"image":{"@id":"https:\/\/quieton.com\/de\/#\/schema\/logo\/image\/"}}]}},"uagb_featured_image_src":{"full":["https:\/\/quieton.com\/wp-content\/uploads\/2025\/09\/QuietOn-4-foam-tips-4.jpg",1000,1000,false],"thumbnail":["https:\/\/quieton.com\/wp-content\/uploads\/2025\/09\/QuietOn-4-foam-tips-4-320x320.jpg",320,320,true],"medium":["https:\/\/quieton.com\/wp-content\/uploads\/2025\/09\/QuietOn-4-foam-tips-4-640x640.jpg",640,640,true],"medium_large":["https:\/\/quieton.com\/wp-content\/uploads\/2025\/09\/QuietOn-4-foam-tips-4-768x768.jpg",768,768,true],"large":["https:\/\/quieton.com\/wp-content\/uploads\/2025\/09\/QuietOn-4-foam-tips-4.jpg",1000,1000,false],"tf-client-image-size":["https:\/\/quieton.com\/wp-content\/uploads\/2025\/09\/QuietOn-4-foam-tips-4-120x120.jpg",120,120,true],"1536x1536":["https:\/\/quieton.com\/wp-content\/uploads\/2025\/09\/QuietOn-4-foam-tips-4.jpg",1000,1000,false],"2048x2048":["https:\/\/quieton.com\/wp-content\/uploads\/2025\/09\/QuietOn-4-foam-tips-4.jpg",1000,1000,false],"woocommerce_thumbnail":["https:\/\/quieton.com\/wp-content\/uploads\/2025\/09\/QuietOn-4-foam-tips-4-360x360.jpg",360,360,true],"woocommerce_single":["https:\/\/quieton.com\/wp-content\/uploads\/2025\/09\/QuietOn-4-foam-tips-4-530x530.jpg",530,530,true],"woocommerce_gallery_thumbnail":["https:\/\/quieton.com\/wp-content\/uploads\/2025\/09\/QuietOn-4-foam-tips-4-100x100.jpg",100,100,true]},"uagb_author_info":{"display_name":"Katarina Li","author_link":"https:\/\/quieton.com\/de\/author\/"},"uagb_comment_info":0,"uagb_excerpt":"QuietOn Ersatz\u2011Schaumaufs\u00e4tze bieten einen sicheren, bequemen Sitz, der dir hilft, die volle Ger\u00e4uschunterdr\u00fcckungsleistung deiner QuietOn\u202f4 Schlafohrst\u00f6psel zu erleben. Gefertigt aus propriet\u00e4rem Comply\u00ae\u2011Memory\u2011Schaum sind diese Aufs\u00e4tze weicher, langlebiger und f\u00fcr langfristigen Komfort entwickelt. Ein integrierter Ohrenschmalz\u2011Schutz h\u00e4lt deine Ohrst\u00f6psel sauber und bewahrt ihre Leistung \u00fcber die Zeit. Die verbesserte Passform steigert die akustischen F\u00e4higkeiten von QuietOn\u202f4&hellip;","_links":{"self":[{"href":"https:\/\/quieton.com\/de\/wp-json\/wp\/v2\/product\/222349514","targetHints":{"allow":["GET"]}}],"collection":[{"href":"https:\/\/quieton.com\/de\/wp-json\/wp\/v2\/product"}],"about":[{"href":"https:\/\/quieton.com\/de\/wp-json\/wp\/v2\/types\/product"}],"replies":[{"embeddable":true,"href":"https:\/\/quieton.com\/de\/wp-json\/wp\/v2\/comments?post=222349514"}],"wp:featuredmedia":[{"embeddable":true,"href":"https:\/\/quieton.com\/de\/wp-json\/wp\/v2\/media\/222349520"}],"wp:attachment":[{"href":"https:\/\/quieton.com\/de\/wp-json\/wp\/v2\/media?parent=222349514"}],"wp:term":[{"taxonomy":"product_brand","embeddable":true,"href":"https:\/\/quieton.com\/de\/wp-json\/wp\/v2\/product_brand?post=222349514"},{"taxonomy":"product_cat","embeddable":true,"href":"https:\/\/quieton.com\/de\/wp-json\/wp\/v2\/product_cat?post=222349514"},{"taxonomy":"product_tag","embeddable":true,"href":"https:\/\/quieton.com\/de\/wp-json\/wp\/v2\/product_tag?post=222349514"}],"curies":[{"name":"wp","href":"https:\/\/api.w.org\/{rel}","templated":true}]}}