{"id":222349493,"date":"2025-08-25T13:19:03","date_gmt":"2025-08-25T11:19:03","guid":{"rendered":"https:\/\/quieton.com\/shop\/quieton-4-schlafstoepsel-schlafmasken-bundle\/"},"modified":"2026-04-07T11:51:46","modified_gmt":"2026-04-07T09:51:46","slug":"quieton-4-schlafstoepsel-schlafmasken-bundle","status":"publish","type":"product","link":"https:\/\/quieton.com\/de\/shop\/quieton-4-schlafstoepsel-schlafmasken-bundle\/","title":{"rendered":"QuietOn\u202f4 Schlafst\u00f6psel + Schlafmasken Bundle"},"content":{"rendered":"<p><strong>Hauptfunktionen der QuietOn\u202f4\u2011Schlafohrst\u00f6psel<\/strong><\/p>\n<ul>\n<li>Die kleinsten Ohrst\u00f6psel mit aktiver Ger\u00e4uschunterdr\u00fcckung der Welt, speziell f\u00fcr den Schlaf entwickelt<\/li>\n<li>Keine Maskierungsger\u00e4usche, keine Bluetooth\u2011Verbindung und keine Musikwiedergabe \u2013 voll auf Schlaf fokussiert<\/li>\n<li>Vollst\u00e4ndig EMF\u2011freies Design f\u00fcr eine sicherere und erholsamere Nachtruhe.<\/li>\n<li>Hochwertiges Ladeetui f\u00fcr Reise und Aufbewahrung<\/li>\n<\/ul>\n<p><strong>Versand nur innerhalb der EU verf\u00fcgbar<\/strong><\/p>\n<ul>\n<li data-olk-copy-source=\"MailCompose\">Wir liefern derzeit in alle EU\u2011L\u00e4nder, in die Schweiz und nach Singapur, und wir erweitern unser Versandgebiet kontinuierlich auf weitere Regionen.<\/li>\n<li>Wenn Ihr Land noch nicht unterst\u00fctzt wird, k\u00f6nnen Sie Ihre Bestellung \u00fcber einen unserer autorisierten <a id=\"OWA2e4ac0d0-66a6-61ed-6a09-19880f201083\" class=\"OWAAutoLink\" href=\"https:\/\/quieton.com\/de\/wo-kaufen\/\">QuietOn\u2011Wiederverk\u00e4ufer aufgeben.<\/a><\/li>\n<li>Kostenlose &amp; schnelle Lieferung \u2013 Bearbeitungszeit: 2\u20134 Werktage<\/li>\n<li>2\u2011Jahre\u2011Garantie f\u00fcr EU\u2011Kunden inklusive<\/li>\n<\/ul>\n<p><strong>Lieferumfang QuietOn\u202f4<\/strong><\/p>\n<ul>\n<li>QuietOn 4 Active\u2011Noise\u2011Cancelling\u2011Schlaf\u2011Ohrst\u00f6psel<\/li>\n<li>Comply\u00ae\u2011Schaumaufs\u00e4tze in 4 Gr\u00f6\u00dfen: XS, S, M, L<\/li>\n<li>Hochwertiges Ladeetui f\u00fcr Reise und Aufbewahrung<\/li>\n<li>USB\u2011C\u2011Ladekabel<\/li>\n<li>QuietOn Schnellstartanleitung<\/li>\n<li>QuietOn 3D\u2011geformte Schlafmaske<\/li>\n<\/ul>\n<p><img loading=\"lazy\" decoding=\"async\" class=\"alignnone wp-image-222345247 size-medium\" src=\"https:\/\/quieton.com\/wp-content\/uploads\/2025\/08\/Packet_includes-5-640x338.png\" alt=\"\" width=\"640\" height=\"338\" srcset=\"https:\/\/quieton.com\/wp-content\/uploads\/2025\/08\/Packet_includes-5-640x338.png 640w, https:\/\/quieton.com\/wp-content\/uploads\/2025\/08\/Packet_includes-5-360x190.png 360w, https:\/\/quieton.com\/wp-content\/uploads\/2025\/08\/Packet_includes-5-530x280.png 530w, https:\/\/quieton.com\/wp-content\/uploads\/2025\/08\/Packet_includes-5-768x405.png 768w, https:\/\/quieton.com\/wp-content\/uploads\/2025\/08\/Packet_includes-5.png 1419w\" sizes=\"auto, (max-width: 640px) 100vw, 640px\" \/><\/p>\n","protected":false},"excerpt":{"rendered":"<p>QuietOn\u202f4 Ohrst\u00f6psel mit aktiver Ger\u00e4uschunterdr\u00fcckung reduzieren Schnarchen, Verkehrsl\u00e4rm und andere Umgebungsger\u00e4usche f\u00fcr eine tiefere Erholung. Perfekt f\u00fcr leichte Schl\u00e4fer, Schichtarbeiter, Vielfreisende \u2013 und alle mit einem schnarchenden Partner \u2013 helfen QuietOn\u202f4 dabei, schneller einzuschlafen und l\u00e4nger durchzuschlafen. <br \/>In Kombination mit der QuietOn Schlafmaske erh\u00e4ltst du eine vollst\u00e4ndige Reduzierung von Licht und Ger\u00e4uschen f\u00fcr ein noch tieferes, erholsameres Schlaferlebnis.  <\/p>\n<ul>\n<li>Schnarchen-, Verkehrs- und Umgebungsger\u00e4usche reduzieren f\u00fcr besseren Schlaf<br \/>\nActive\u2011Noise\u2011Cancelling\u2011(ANC)-Technologie<\/li>\n<li>Federleicht &amp; ultra\u2011kompakt, ideal f\u00fcr Seitenschl\u00e4fer<\/li>\n<li>Weiche Comply\u00ae Schaumaufs\u00e4tze in 4 Gr\u00f6\u00dfen f\u00fcr perfekten Sitz<\/li>\n<li>Kein Maskierungsrauschen, kein Bluetooth, keine Musik \u2013 nur reine, ablenkungsfreie Schlaftechnologie.<\/li>\n<li>Bis zu 28 Stunden Akkulaufzeit pro Ladung<\/li>\n<li>Lichtblockierende Schlafmaske<br \/>\nEine weiche, bequeme Maske, die unerw\u00fcnschtes Licht blockiert und sich druckfrei um die Augen legt \u2013 f\u00fcr einen tieferen, ungest\u00f6rten Schlaf.<\/li>\n<\/ul>\n<p><!--EndFragment --><\/p>\n<p><strong><strong><span data-teams=\"true\">Kostenloser Versand, 30\u2011Tage\u2011Geld\u2011zur\u00fcck\u2011Garantie, 2\u2011j\u00e4hrige Garantie f\u00fcr EU\u2011Kund:innen und 1 Jahr Garantie f\u00fcr den Rest der Welt<\/span><\/strong><\/strong> <\/p>\n<p><em>[geot_filter region=\"eu-countries\" country=\"\"]<\/em><\/p>\n<p><em>Der Preis umfasst alle anfallenden Steuern (MwSt.).<\/em><\/p>\n<p><em>[\/geot_filter]<\/em><\/p>\n[geot_filter region=\"\" country=\"SG\"]<\/p>\n<p><i data-olk-copy-source=\"MailCompose\">Alle Bestellungen werden aus Finnland versendet. F\u00fcr Lieferziele au\u00dferhalb der EU k\u00f6nnen bei Ankunft Zollgeb\u00fchren und Einfuhrsteuern anfallen. Diese Kosten tr\u00e4gt die empfangende Person. <\/i><\/p>\n<p>[\/geot_filter]\n<p>&nbsp;<\/p>\n","protected":false},"featured_media":222349502,"comment_status":"closed","ping_status":"closed","template":"","meta":{"_acf_changed":false,"_uag_custom_page_level_css":""},"product_brand":[],"product_cat":[1400],"product_tag":[],"class_list":{"0":"post-222349493","1":"product","2":"type-product","3":"status-publish","4":"has-post-thumbnail","6":"product_cat-products-de","8":"first","9":"instock","10":"sale","11":"taxable","12":"shipping-taxable","13":"purchasable","14":"product-type-simple"},"acf":[],"yoast_head":"<!-- This site is optimized with the Yoast SEO plugin v27.3 - https:\/\/yoast.com\/product\/yoast-seo-wordpress\/ -->\n<title>QuietOn\u202f4 Schlafst\u00f6psel + Schlafmasken Bundle - QuietOn<\/title>\n<meta name=\"description\" content=\"Tiefer schlafen mit QuietOn: Aktive Ger\u00e4uschunterdr\u00fcckung &amp; Verdunklungsmaske f\u00fcr die perfekte Schlafumgebung. Reduzieren Sie L\u00e4rm und Licht f\u00fcr maximale Ruhe.\" \/>\n<meta name=\"robots\" content=\"index, follow, max-snippet:-1, max-image-preview:large, max-video-preview:-1\" \/>\n<link rel=\"canonical\" href=\"https:\/\/quieton.com\/de\/shop\/quieton-4-schlafstoepsel-schlafmasken-bundle\/\" \/>\n<meta property=\"og:locale\" content=\"de_DE\" \/>\n<meta property=\"og:type\" content=\"article\" \/>\n<meta property=\"og:title\" content=\"QuietOn\u202f4 Schlafst\u00f6psel + Schlafmasken Bundle - QuietOn\" \/>\n<meta property=\"og:description\" content=\"Tiefer schlafen mit QuietOn: Aktive Ger\u00e4uschunterdr\u00fcckung &amp; Verdunklungsmaske f\u00fcr die perfekte Schlafumgebung. Reduzieren Sie L\u00e4rm und Licht f\u00fcr maximale Ruhe.\" \/>\n<meta property=\"og:url\" content=\"https:\/\/quieton.com\/de\/shop\/quieton-4-schlafstoepsel-schlafmasken-bundle\/\" \/>\n<meta property=\"og:site_name\" content=\"QuietOn\" \/>\n<meta property=\"article:modified_time\" content=\"2026-04-07T09:51:46+00:00\" \/>\n<meta property=\"og:image\" content=\"https:\/\/quieton.com\/wp-content\/uploads\/2025\/08\/QuietOn-4-Sleep-Mask.jpg\" \/>\n\t<meta property=\"og:image:width\" content=\"1544\" \/>\n\t<meta property=\"og:image:height\" content=\"1542\" \/>\n\t<meta property=\"og:image:type\" content=\"image\/jpeg\" \/>\n<meta name=\"twitter:card\" content=\"summary_large_image\" \/>\n<meta name=\"twitter:label1\" content=\"Gesch\u00e4tzte Lesezeit\" \/>\n\t<meta name=\"twitter:data1\" content=\"2\u00a0Minuten\" \/>\n<script type=\"application\/ld+json\" class=\"yoast-schema-graph\">{\"@context\":\"https:\\\/\\\/schema.org\",\"@graph\":[{\"@type\":\"WebPage\",\"@id\":\"https:\\\/\\\/quieton.com\\\/de\\\/shop\\\/quieton-4-schlafstoepsel-schlafmasken-bundle\\\/\",\"url\":\"https:\\\/\\\/quieton.com\\\/de\\\/shop\\\/quieton-4-schlafstoepsel-schlafmasken-bundle\\\/\",\"name\":\"QuietOn\u202f4 Schlafst\u00f6psel + Schlafmasken Bundle - QuietOn\",\"isPartOf\":{\"@id\":\"https:\\\/\\\/quieton.com\\\/de\\\/#website\"},\"primaryImageOfPage\":{\"@id\":\"https:\\\/\\\/quieton.com\\\/de\\\/shop\\\/quieton-4-schlafstoepsel-schlafmasken-bundle\\\/#primaryimage\"},\"image\":{\"@id\":\"https:\\\/\\\/quieton.com\\\/de\\\/shop\\\/quieton-4-schlafstoepsel-schlafmasken-bundle\\\/#primaryimage\"},\"thumbnailUrl\":\"https:\\\/\\\/quieton.com\\\/wp-content\\\/uploads\\\/2025\\\/08\\\/QuietOn-4-Sleep-Mask.jpg\",\"datePublished\":\"2025-08-25T11:19:03+00:00\",\"dateModified\":\"2026-04-07T09:51:46+00:00\",\"description\":\"Tiefer schlafen mit QuietOn: Aktive Ger\u00e4uschunterdr\u00fcckung & Verdunklungsmaske f\u00fcr die perfekte Schlafumgebung. Reduzieren Sie L\u00e4rm und Licht f\u00fcr maximale Ruhe.\",\"breadcrumb\":{\"@id\":\"https:\\\/\\\/quieton.com\\\/de\\\/shop\\\/quieton-4-schlafstoepsel-schlafmasken-bundle\\\/#breadcrumb\"},\"inLanguage\":\"de\",\"potentialAction\":[{\"@type\":\"ReadAction\",\"target\":[\"https:\\\/\\\/quieton.com\\\/de\\\/shop\\\/quieton-4-schlafstoepsel-schlafmasken-bundle\\\/\"]}]},{\"@type\":\"ImageObject\",\"inLanguage\":\"de\",\"@id\":\"https:\\\/\\\/quieton.com\\\/de\\\/shop\\\/quieton-4-schlafstoepsel-schlafmasken-bundle\\\/#primaryimage\",\"url\":\"https:\\\/\\\/quieton.com\\\/wp-content\\\/uploads\\\/2025\\\/08\\\/QuietOn-4-Sleep-Mask.jpg\",\"contentUrl\":\"https:\\\/\\\/quieton.com\\\/wp-content\\\/uploads\\\/2025\\\/08\\\/QuietOn-4-Sleep-Mask.jpg\",\"width\":1544,\"height\":1542},{\"@type\":\"BreadcrumbList\",\"@id\":\"https:\\\/\\\/quieton.com\\\/de\\\/shop\\\/quieton-4-schlafstoepsel-schlafmasken-bundle\\\/#breadcrumb\",\"itemListElement\":[{\"@type\":\"ListItem\",\"position\":1,\"name\":\"Home\",\"item\":\"https:\\\/\\\/quieton.com\\\/de\\\/\"},{\"@type\":\"ListItem\",\"position\":2,\"name\":\"Shop\",\"item\":\"https:\\\/\\\/quieton.com\\\/de\\\/shop\\\/\"},{\"@type\":\"ListItem\",\"position\":3,\"name\":\"QuietOn\u202f4 Schlafst\u00f6psel + Schlafmasken Bundle\"}]},{\"@type\":\"WebSite\",\"@id\":\"https:\\\/\\\/quieton.com\\\/de\\\/#website\",\"url\":\"https:\\\/\\\/quieton.com\\\/de\\\/\",\"name\":\"QuietOn\",\"description\":\"\",\"publisher\":{\"@id\":\"https:\\\/\\\/quieton.com\\\/de\\\/#organization\"},\"potentialAction\":[{\"@type\":\"SearchAction\",\"target\":{\"@type\":\"EntryPoint\",\"urlTemplate\":\"https:\\\/\\\/quieton.com\\\/de\\\/?s={search_term_string}\"},\"query-input\":{\"@type\":\"PropertyValueSpecification\",\"valueRequired\":true,\"valueName\":\"search_term_string\"}}],\"inLanguage\":\"de\"},{\"@type\":\"Organization\",\"@id\":\"https:\\\/\\\/quieton.com\\\/de\\\/#organization\",\"name\":\"QuietOn\",\"url\":\"https:\\\/\\\/quieton.com\\\/de\\\/\",\"logo\":{\"@type\":\"ImageObject\",\"inLanguage\":\"de\",\"@id\":\"https:\\\/\\\/quieton.com\\\/de\\\/#\\\/schema\\\/logo\\\/image\\\/\",\"url\":\"\",\"contentUrl\":\"\",\"caption\":\"QuietOn\"},\"image\":{\"@id\":\"https:\\\/\\\/quieton.com\\\/de\\\/#\\\/schema\\\/logo\\\/image\\\/\"}}]}<\/script>\n<!-- \/ Yoast SEO plugin. -->","yoast_head_json":{"title":"QuietOn\u202f4 Schlafst\u00f6psel + Schlafmasken Bundle - QuietOn","description":"Tiefer schlafen mit QuietOn: Aktive Ger\u00e4uschunterdr\u00fcckung & Verdunklungsmaske f\u00fcr die perfekte Schlafumgebung. Reduzieren Sie L\u00e4rm und Licht f\u00fcr maximale Ruhe.","robots":{"index":"index","follow":"follow","max-snippet":"max-snippet:-1","max-image-preview":"max-image-preview:large","max-video-preview":"max-video-preview:-1"},"canonical":"https:\/\/quieton.com\/de\/shop\/quieton-4-schlafstoepsel-schlafmasken-bundle\/","og_locale":"de_DE","og_type":"article","og_title":"QuietOn\u202f4 Schlafst\u00f6psel + Schlafmasken Bundle - QuietOn","og_description":"Tiefer schlafen mit QuietOn: Aktive Ger\u00e4uschunterdr\u00fcckung & Verdunklungsmaske f\u00fcr die perfekte Schlafumgebung. Reduzieren Sie L\u00e4rm und Licht f\u00fcr maximale Ruhe.","og_url":"https:\/\/quieton.com\/de\/shop\/quieton-4-schlafstoepsel-schlafmasken-bundle\/","og_site_name":"QuietOn","article_modified_time":"2026-04-07T09:51:46+00:00","og_image":[{"width":1544,"height":1542,"url":"https:\/\/quieton.com\/wp-content\/uploads\/2025\/08\/QuietOn-4-Sleep-Mask.jpg","type":"image\/jpeg"}],"twitter_card":"summary_large_image","twitter_misc":{"Gesch\u00e4tzte Lesezeit":"2\u00a0Minuten"},"schema":{"@context":"https:\/\/schema.org","@graph":[{"@type":"WebPage","@id":"https:\/\/quieton.com\/de\/shop\/quieton-4-schlafstoepsel-schlafmasken-bundle\/","url":"https:\/\/quieton.com\/de\/shop\/quieton-4-schlafstoepsel-schlafmasken-bundle\/","name":"QuietOn\u202f4 Schlafst\u00f6psel + Schlafmasken Bundle - QuietOn","isPartOf":{"@id":"https:\/\/quieton.com\/de\/#website"},"primaryImageOfPage":{"@id":"https:\/\/quieton.com\/de\/shop\/quieton-4-schlafstoepsel-schlafmasken-bundle\/#primaryimage"},"image":{"@id":"https:\/\/quieton.com\/de\/shop\/quieton-4-schlafstoepsel-schlafmasken-bundle\/#primaryimage"},"thumbnailUrl":"https:\/\/quieton.com\/wp-content\/uploads\/2025\/08\/QuietOn-4-Sleep-Mask.jpg","datePublished":"2025-08-25T11:19:03+00:00","dateModified":"2026-04-07T09:51:46+00:00","description":"Tiefer schlafen mit QuietOn: Aktive Ger\u00e4uschunterdr\u00fcckung & Verdunklungsmaske f\u00fcr die perfekte Schlafumgebung. Reduzieren Sie L\u00e4rm und Licht f\u00fcr maximale Ruhe.","breadcrumb":{"@id":"https:\/\/quieton.com\/de\/shop\/quieton-4-schlafstoepsel-schlafmasken-bundle\/#breadcrumb"},"inLanguage":"de","potentialAction":[{"@type":"ReadAction","target":["https:\/\/quieton.com\/de\/shop\/quieton-4-schlafstoepsel-schlafmasken-bundle\/"]}]},{"@type":"ImageObject","inLanguage":"de","@id":"https:\/\/quieton.com\/de\/shop\/quieton-4-schlafstoepsel-schlafmasken-bundle\/#primaryimage","url":"https:\/\/quieton.com\/wp-content\/uploads\/2025\/08\/QuietOn-4-Sleep-Mask.jpg","contentUrl":"https:\/\/quieton.com\/wp-content\/uploads\/2025\/08\/QuietOn-4-Sleep-Mask.jpg","width":1544,"height":1542},{"@type":"BreadcrumbList","@id":"https:\/\/quieton.com\/de\/shop\/quieton-4-schlafstoepsel-schlafmasken-bundle\/#breadcrumb","itemListElement":[{"@type":"ListItem","position":1,"name":"Home","item":"https:\/\/quieton.com\/de\/"},{"@type":"ListItem","position":2,"name":"Shop","item":"https:\/\/quieton.com\/de\/shop\/"},{"@type":"ListItem","position":3,"name":"QuietOn\u202f4 Schlafst\u00f6psel + Schlafmasken Bundle"}]},{"@type":"WebSite","@id":"https:\/\/quieton.com\/de\/#website","url":"https:\/\/quieton.com\/de\/","name":"QuietOn","description":"","publisher":{"@id":"https:\/\/quieton.com\/de\/#organization"},"potentialAction":[{"@type":"SearchAction","target":{"@type":"EntryPoint","urlTemplate":"https:\/\/quieton.com\/de\/?s={search_term_string}"},"query-input":{"@type":"PropertyValueSpecification","valueRequired":true,"valueName":"search_term_string"}}],"inLanguage":"de"},{"@type":"Organization","@id":"https:\/\/quieton.com\/de\/#organization","name":"QuietOn","url":"https:\/\/quieton.com\/de\/","logo":{"@type":"ImageObject","inLanguage":"de","@id":"https:\/\/quieton.com\/de\/#\/schema\/logo\/image\/","url":"","contentUrl":"","caption":"QuietOn"},"image":{"@id":"https:\/\/quieton.com\/de\/#\/schema\/logo\/image\/"}}]}},"uagb_featured_image_src":{"full":["https:\/\/quieton.com\/wp-content\/uploads\/2025\/08\/QuietOn-4-Sleep-Mask.jpg",1544,1542,false],"thumbnail":["https:\/\/quieton.com\/wp-content\/uploads\/2025\/08\/QuietOn-4-Sleep-Mask-320x320.jpg",320,320,true],"medium":["https:\/\/quieton.com\/wp-content\/uploads\/2025\/08\/QuietOn-4-Sleep-Mask-640x640.jpg",640,640,true],"medium_large":["https:\/\/quieton.com\/wp-content\/uploads\/2025\/08\/QuietOn-4-Sleep-Mask-768x767.jpg",768,767,true],"large":["https:\/\/quieton.com\/wp-content\/uploads\/2025\/08\/QuietOn-4-Sleep-Mask-1440x1438.jpg",1440,1438,true],"tf-client-image-size":["https:\/\/quieton.com\/wp-content\/uploads\/2025\/08\/QuietOn-4-Sleep-Mask-120x120.jpg",120,120,true],"1536x1536":["https:\/\/quieton.com\/wp-content\/uploads\/2025\/08\/QuietOn-4-Sleep-Mask-1536x1534.jpg",1536,1534,true],"2048x2048":["https:\/\/quieton.com\/wp-content\/uploads\/2025\/08\/QuietOn-4-Sleep-Mask.jpg",1544,1542,false],"woocommerce_thumbnail":["https:\/\/quieton.com\/wp-content\/uploads\/2025\/08\/QuietOn-4-Sleep-Mask-360x360.jpg",360,360,true],"woocommerce_single":["https:\/\/quieton.com\/wp-content\/uploads\/2025\/08\/QuietOn-4-Sleep-Mask-530x529.jpg",530,529,true],"woocommerce_gallery_thumbnail":["https:\/\/quieton.com\/wp-content\/uploads\/2025\/08\/QuietOn-4-Sleep-Mask-100x100.jpg",100,100,true]},"uagb_author_info":{"display_name":"Katarina Li","author_link":"https:\/\/quieton.com\/de\/author\/"},"uagb_comment_info":0,"uagb_excerpt":"QuietOn\u202f4 Ohrst\u00f6psel mit aktiver Ger\u00e4uschunterdr\u00fcckung reduzieren Schnarchen, Verkehrsl\u00e4rm und andere Umgebungsger\u00e4usche f\u00fcr eine tiefere Erholung. Perfekt f\u00fcr leichte Schl\u00e4fer, Schichtarbeiter, Vielfreisende \u2013 und alle mit einem schnarchenden Partner \u2013 helfen QuietOn\u202f4 dabei, schneller einzuschlafen und l\u00e4nger durchzuschlafen. In Kombination mit der QuietOn Schlafmaske erh\u00e4ltst du eine vollst\u00e4ndige Reduzierung von Licht und Ger\u00e4uschen f\u00fcr ein noch&hellip;","_links":{"self":[{"href":"https:\/\/quieton.com\/de\/wp-json\/wp\/v2\/product\/222349493","targetHints":{"allow":["GET"]}}],"collection":[{"href":"https:\/\/quieton.com\/de\/wp-json\/wp\/v2\/product"}],"about":[{"href":"https:\/\/quieton.com\/de\/wp-json\/wp\/v2\/types\/product"}],"replies":[{"embeddable":true,"href":"https:\/\/quieton.com\/de\/wp-json\/wp\/v2\/comments?post=222349493"}],"wp:featuredmedia":[{"embeddable":true,"href":"https:\/\/quieton.com\/de\/wp-json\/wp\/v2\/media\/222349502"}],"wp:attachment":[{"href":"https:\/\/quieton.com\/de\/wp-json\/wp\/v2\/media?parent=222349493"}],"wp:term":[{"taxonomy":"product_brand","embeddable":true,"href":"https:\/\/quieton.com\/de\/wp-json\/wp\/v2\/product_brand?post=222349493"},{"taxonomy":"product_cat","embeddable":true,"href":"https:\/\/quieton.com\/de\/wp-json\/wp\/v2\/product_cat?post=222349493"},{"taxonomy":"product_tag","embeddable":true,"href":"https:\/\/quieton.com\/de\/wp-json\/wp\/v2\/product_tag?post=222349493"}],"curies":[{"name":"wp","href":"https:\/\/api.w.org\/{rel}","templated":true}]}}