{"id":222349472,"date":"2025-08-07T09:54:18","date_gmt":"2025-08-07T07:54:18","guid":{"rendered":"https:\/\/quieton.com\/shop\/quieton-4-schlaf-ohrstoepsel\/"},"modified":"2026-04-07T11:43:56","modified_gmt":"2026-04-07T09:43:56","slug":"quieton-4-schlaf-ohrstoepsel","status":"publish","type":"product","link":"https:\/\/quieton.com\/de\/shop\/quieton-4-schlaf-ohrstoepsel\/","title":{"rendered":"QuietOn 4 Schlaf Ohrst\u00f6psel"},"content":{"rendered":"<p><strong>Hauptfunktionen der QuietOn\u202f4\u2011Schlafohrst\u00f6psel<\/strong><\/p>\n<ul>\n<li>Die weltweit kleinsten Active\u2011Noise\u2011Cancelling\u2011Ohrst\u00f6psel, hergestellt ausschlie\u00dflich f\u00fcr den Schlaf.<\/li>\n<li>Kein Maskierungsrauschen, kein Bluetooth, keine Musik \u2013 nur reine, ablenkungsfreie Schlaftechnologie.<\/li>\n<li>Vollst\u00e4ndig EMF\u2011freies Design f\u00fcr eine sicherere und erholsamere Nachtruhe.<\/li>\n<li>Hochwertiges Ladeetui f\u00fcr Reise und Aufbewahrung<\/li>\n<\/ul>\n<p><strong>Versand nur innerhalb der EU verf\u00fcgbar<\/strong><\/p>\n<ul>\n<li>Wir liefern derzeit in alle EU\u2011L\u00e4nder, in die Schweiz und nach Singapur, und wir erweitern unser Versandgebiet kontinuierlich auf weitere Regionen.<\/li>\n<li>Wenn Ihr Land noch nicht unterst\u00fctzt wird, k\u00f6nnen Sie Ihre Bestellung \u00fcber einen unserer autorisierten <a href=\"https:\/\/quieton.com\/de\/wo-kaufen\/\">QuietOn\u2011Wiederverk\u00e4ufer aufgeben.<\/a><\/li>\n<li>Kostenlose &amp; schnelle Lieferung \u2013 Bearbeitungszeit: 2\u20134 Werktage.<\/li>\n<li>2\u2011j\u00e4hrige Garantie f\u00fcr Kund:innen in der EU, 1 Jahr Garantie f\u00fcr alle anderen Regionen.<\/li>\n<\/ul>\n<p><strong>Lieferumfang der QuietOn 4<\/strong><\/p>\n<ul>\n<li>QuietOn 4 Active\u2011Noise\u2011Cancelling\u2011Schlaf\u2011Ohrst\u00f6psel<\/li>\n<li>Comply\u00ae\u2011Schaumaufs\u00e4tze in 4 Gr\u00f6\u00dfen: XS, S, M, L<\/li>\n<li>Hochwertiges Ladeetui f\u00fcr Reise und Aufbewahrung<\/li>\n<li>USB\u2011C\u2011Ladekabel<\/li>\n<li>QuietOn Schnellstartanleitung<\/li>\n<\/ul>\n<p><img loading=\"lazy\" decoding=\"async\" class=\"alignnone wp-image-222345247 size-medium\" src=\"https:\/\/quieton.com\/wp-content\/uploads\/2025\/08\/Packet_includes-5-640x338.png\" alt=\"\" width=\"640\" height=\"338\" srcset=\"https:\/\/quieton.com\/wp-content\/uploads\/2025\/08\/Packet_includes-5-640x338.png 640w, https:\/\/quieton.com\/wp-content\/uploads\/2025\/08\/Packet_includes-5-360x190.png 360w, https:\/\/quieton.com\/wp-content\/uploads\/2025\/08\/Packet_includes-5-530x280.png 530w, https:\/\/quieton.com\/wp-content\/uploads\/2025\/08\/Packet_includes-5-768x405.png 768w, https:\/\/quieton.com\/wp-content\/uploads\/2025\/08\/Packet_includes-5.png 1419w\" sizes=\"auto, (max-width: 640px) 100vw, 640px\" \/><\/p>\n<p>&nbsp;<\/p>\n","protected":false},"excerpt":{"rendered":"<div data-olk-copy-source=\"MailCompose\">QuietOn\u202f4\u202fOhrst\u00f6psel mit aktiver Ger\u00e4uschunterdr\u00fcckung reduzieren Schnarchen, Verkehrsl\u00e4rm und andere Umgebungsger\u00e4usche f\u00fcr eine erholsamere Nachtruhe. Perfekt f\u00fcr leichte Schl\u00e4fer, Schichtarbeiter, Vielfreisende \u2013 und alle mit einem schnarchenden Partner \u2013 helfen QuietOn\u202f4 dabei, schneller einzuschlafen und l\u00e4nger durchzuschlafen. <\/div>\n<ul>\n<li>Schnarchen-, Verkehrs- und Umgebungsger\u00e4usche reduzieren f\u00fcr besseren Schlaf<br \/>\nActive\u2011Noise\u2011Cancelling\u2011(ANC)-Technologie<\/li>\n<li>Federleicht &amp; ultra\u2011kompakt, ideal f\u00fcr Seitenschl\u00e4fer<\/li>\n<li role=\"presentation\">Weiche Comply\u00ae\u2011Schaumaufs\u00e4tze in 4 Gr\u00f6\u00dfen f\u00fcr perfekten Sitz<\/li>\n<li role=\"presentation\">Kein Maskierungsrauschen, kein Bluetooth, keine Musik \u2013 nur reine, ablenkungsfreie Schlaftechnologie.<\/li>\n<li>Bis zu 28 Stunden Akkulaufzeit pro Ladung<\/li>\n<\/ul>\n<p><strong>Kostenloser Versand, 30\u2011Tage\u2011Geld\u2011zur\u00fcck\u2011Garantie, 2\u2011j\u00e4hrige Garantie f\u00fcr EU\u2011Kund:innen und 1 Jahr Garantie f\u00fcr den Rest der Welt<\/strong> <\/p>\n<p><em>[geot_filter region=\"eu-countries\" country=\"\"]<\/em><\/p>\n<p><em>Der Preis umfasst alle anfallenden Steuern (MwSt.).<\/em><\/p>\n<p><em>[\/geot_filter]<\/em><\/p>\n[geot_filter region=\"\" country=\"SG\"]<\/p>\n<p><strong><em>Alle Bestellungen werden aus Finnland versendet. F\u00fcr Lieferziele au\u00dferhalb der EU k\u00f6nnen bei Ankunft Zollgeb\u00fchren und Einfuhrsteuern anfallen. Diese Kosten tr\u00e4gt die empfangende Person. <\/em><\/strong><\/p>\n<p>[\/geot_filter]\n","protected":false},"featured_media":222347067,"comment_status":"open","ping_status":"closed","template":"","meta":{"_acf_changed":false,"_uag_custom_page_level_css":""},"product_brand":[],"product_cat":[1400],"product_tag":[],"class_list":{"0":"post-222349472","1":"product","2":"type-product","3":"status-publish","4":"has-post-thumbnail","6":"product_cat-products-de","8":"first","9":"instock","10":"taxable","11":"shipping-taxable","12":"purchasable","13":"product-type-simple"},"acf":[],"yoast_head":"<!-- This site is optimized with the Yoast SEO plugin v27.3 - https:\/\/yoast.com\/product\/yoast-seo-wordpress\/ -->\n<title>QuietOn 4 Schlaf Ohrst\u00f6psel - QuietOn<\/title>\n<meta name=\"description\" content=\"Verbessern Sie Ihren Schlaf mit den QuietOn Schlaf-Ohrh\u00f6rern mit aktiver Ger\u00e4uschunterdr\u00fcckung. Reduzieren Sie Schnarchger\u00e4usche und Umgebungsl\u00e4rm f\u00fcr eine ungest\u00f6rte Nachtruhe \u2013 zu Hause oder auf Reisen.\" \/>\n<meta name=\"robots\" content=\"index, follow, max-snippet:-1, max-image-preview:large, max-video-preview:-1\" \/>\n<link rel=\"canonical\" href=\"https:\/\/quieton.com\/de\/shop\/quieton-4-schlaf-ohrstoepsel\/\" \/>\n<meta property=\"og:locale\" content=\"de_DE\" \/>\n<meta property=\"og:type\" content=\"article\" \/>\n<meta property=\"og:title\" content=\"QuietOn 4 Schlaf Ohrst\u00f6psel - QuietOn\" \/>\n<meta property=\"og:description\" content=\"Verbessern Sie Ihren Schlaf mit den QuietOn Schlaf-Ohrh\u00f6rern mit aktiver Ger\u00e4uschunterdr\u00fcckung. Reduzieren Sie Schnarchger\u00e4usche und Umgebungsl\u00e4rm f\u00fcr eine ungest\u00f6rte Nachtruhe \u2013 zu Hause oder auf Reisen.\" \/>\n<meta property=\"og:url\" content=\"https:\/\/quieton.com\/de\/shop\/quieton-4-schlaf-ohrstoepsel\/\" \/>\n<meta property=\"og:site_name\" content=\"QuietOn\" \/>\n<meta property=\"article:modified_time\" content=\"2026-04-07T09:43:56+00:00\" \/>\n<meta property=\"og:image\" content=\"https:\/\/quieton.com\/wp-content\/uploads\/2025\/08\/QuietOn-4-1200x1200-1.jpg\" \/>\n\t<meta property=\"og:image:width\" content=\"1200\" \/>\n\t<meta property=\"og:image:height\" content=\"1200\" \/>\n\t<meta property=\"og:image:type\" content=\"image\/jpeg\" \/>\n<meta name=\"twitter:card\" content=\"summary_large_image\" \/>\n<meta name=\"twitter:label1\" content=\"Gesch\u00e4tzte Lesezeit\" \/>\n\t<meta name=\"twitter:data1\" content=\"1\u00a0Minute\" \/>\n<script type=\"application\/ld+json\" class=\"yoast-schema-graph\">{\"@context\":\"https:\\\/\\\/schema.org\",\"@graph\":[{\"@type\":\"WebPage\",\"@id\":\"https:\\\/\\\/quieton.com\\\/de\\\/shop\\\/quieton-4-schlaf-ohrstoepsel\\\/\",\"url\":\"https:\\\/\\\/quieton.com\\\/de\\\/shop\\\/quieton-4-schlaf-ohrstoepsel\\\/\",\"name\":\"QuietOn 4 Schlaf Ohrst\u00f6psel - QuietOn\",\"isPartOf\":{\"@id\":\"https:\\\/\\\/quieton.com\\\/de\\\/#website\"},\"primaryImageOfPage\":{\"@id\":\"https:\\\/\\\/quieton.com\\\/de\\\/shop\\\/quieton-4-schlaf-ohrstoepsel\\\/#primaryimage\"},\"image\":{\"@id\":\"https:\\\/\\\/quieton.com\\\/de\\\/shop\\\/quieton-4-schlaf-ohrstoepsel\\\/#primaryimage\"},\"thumbnailUrl\":\"https:\\\/\\\/quieton.com\\\/wp-content\\\/uploads\\\/2025\\\/08\\\/QuietOn-4-1200x1200-1.jpg\",\"datePublished\":\"2025-08-07T07:54:18+00:00\",\"dateModified\":\"2026-04-07T09:43:56+00:00\",\"description\":\"Verbessern Sie Ihren Schlaf mit den QuietOn Schlaf-Ohrh\u00f6rern mit aktiver Ger\u00e4uschunterdr\u00fcckung. Reduzieren Sie Schnarchger\u00e4usche und Umgebungsl\u00e4rm f\u00fcr eine ungest\u00f6rte Nachtruhe \u2013 zu Hause oder auf Reisen.\",\"breadcrumb\":{\"@id\":\"https:\\\/\\\/quieton.com\\\/de\\\/shop\\\/quieton-4-schlaf-ohrstoepsel\\\/#breadcrumb\"},\"inLanguage\":\"de\",\"potentialAction\":[{\"@type\":\"ReadAction\",\"target\":[\"https:\\\/\\\/quieton.com\\\/de\\\/shop\\\/quieton-4-schlaf-ohrstoepsel\\\/\"]}]},{\"@type\":\"ImageObject\",\"inLanguage\":\"de\",\"@id\":\"https:\\\/\\\/quieton.com\\\/de\\\/shop\\\/quieton-4-schlaf-ohrstoepsel\\\/#primaryimage\",\"url\":\"https:\\\/\\\/quieton.com\\\/wp-content\\\/uploads\\\/2025\\\/08\\\/QuietOn-4-1200x1200-1.jpg\",\"contentUrl\":\"https:\\\/\\\/quieton.com\\\/wp-content\\\/uploads\\\/2025\\\/08\\\/QuietOn-4-1200x1200-1.jpg\",\"width\":1200,\"height\":1200},{\"@type\":\"BreadcrumbList\",\"@id\":\"https:\\\/\\\/quieton.com\\\/de\\\/shop\\\/quieton-4-schlaf-ohrstoepsel\\\/#breadcrumb\",\"itemListElement\":[{\"@type\":\"ListItem\",\"position\":1,\"name\":\"Home\",\"item\":\"https:\\\/\\\/quieton.com\\\/de\\\/\"},{\"@type\":\"ListItem\",\"position\":2,\"name\":\"Shop\",\"item\":\"https:\\\/\\\/quieton.com\\\/de\\\/shop\\\/\"},{\"@type\":\"ListItem\",\"position\":3,\"name\":\"QuietOn 4 Schlaf Ohrst\u00f6psel\"}]},{\"@type\":\"WebSite\",\"@id\":\"https:\\\/\\\/quieton.com\\\/de\\\/#website\",\"url\":\"https:\\\/\\\/quieton.com\\\/de\\\/\",\"name\":\"QuietOn\",\"description\":\"\",\"publisher\":{\"@id\":\"https:\\\/\\\/quieton.com\\\/de\\\/#organization\"},\"potentialAction\":[{\"@type\":\"SearchAction\",\"target\":{\"@type\":\"EntryPoint\",\"urlTemplate\":\"https:\\\/\\\/quieton.com\\\/de\\\/?s={search_term_string}\"},\"query-input\":{\"@type\":\"PropertyValueSpecification\",\"valueRequired\":true,\"valueName\":\"search_term_string\"}}],\"inLanguage\":\"de\"},{\"@type\":\"Organization\",\"@id\":\"https:\\\/\\\/quieton.com\\\/de\\\/#organization\",\"name\":\"QuietOn\",\"url\":\"https:\\\/\\\/quieton.com\\\/de\\\/\",\"logo\":{\"@type\":\"ImageObject\",\"inLanguage\":\"de\",\"@id\":\"https:\\\/\\\/quieton.com\\\/de\\\/#\\\/schema\\\/logo\\\/image\\\/\",\"url\":\"\",\"contentUrl\":\"\",\"caption\":\"QuietOn\"},\"image\":{\"@id\":\"https:\\\/\\\/quieton.com\\\/de\\\/#\\\/schema\\\/logo\\\/image\\\/\"}}]}<\/script>\n<!-- \/ Yoast SEO plugin. -->","yoast_head_json":{"title":"QuietOn 4 Schlaf Ohrst\u00f6psel - QuietOn","description":"Verbessern Sie Ihren Schlaf mit den QuietOn Schlaf-Ohrh\u00f6rern mit aktiver Ger\u00e4uschunterdr\u00fcckung. Reduzieren Sie Schnarchger\u00e4usche und Umgebungsl\u00e4rm f\u00fcr eine ungest\u00f6rte Nachtruhe \u2013 zu Hause oder auf Reisen.","robots":{"index":"index","follow":"follow","max-snippet":"max-snippet:-1","max-image-preview":"max-image-preview:large","max-video-preview":"max-video-preview:-1"},"canonical":"https:\/\/quieton.com\/de\/shop\/quieton-4-schlaf-ohrstoepsel\/","og_locale":"de_DE","og_type":"article","og_title":"QuietOn 4 Schlaf Ohrst\u00f6psel - QuietOn","og_description":"Verbessern Sie Ihren Schlaf mit den QuietOn Schlaf-Ohrh\u00f6rern mit aktiver Ger\u00e4uschunterdr\u00fcckung. Reduzieren Sie Schnarchger\u00e4usche und Umgebungsl\u00e4rm f\u00fcr eine ungest\u00f6rte Nachtruhe \u2013 zu Hause oder auf Reisen.","og_url":"https:\/\/quieton.com\/de\/shop\/quieton-4-schlaf-ohrstoepsel\/","og_site_name":"QuietOn","article_modified_time":"2026-04-07T09:43:56+00:00","og_image":[{"width":1200,"height":1200,"url":"https:\/\/quieton.com\/wp-content\/uploads\/2025\/08\/QuietOn-4-1200x1200-1.jpg","type":"image\/jpeg"}],"twitter_card":"summary_large_image","twitter_misc":{"Gesch\u00e4tzte Lesezeit":"1\u00a0Minute"},"schema":{"@context":"https:\/\/schema.org","@graph":[{"@type":"WebPage","@id":"https:\/\/quieton.com\/de\/shop\/quieton-4-schlaf-ohrstoepsel\/","url":"https:\/\/quieton.com\/de\/shop\/quieton-4-schlaf-ohrstoepsel\/","name":"QuietOn 4 Schlaf Ohrst\u00f6psel - QuietOn","isPartOf":{"@id":"https:\/\/quieton.com\/de\/#website"},"primaryImageOfPage":{"@id":"https:\/\/quieton.com\/de\/shop\/quieton-4-schlaf-ohrstoepsel\/#primaryimage"},"image":{"@id":"https:\/\/quieton.com\/de\/shop\/quieton-4-schlaf-ohrstoepsel\/#primaryimage"},"thumbnailUrl":"https:\/\/quieton.com\/wp-content\/uploads\/2025\/08\/QuietOn-4-1200x1200-1.jpg","datePublished":"2025-08-07T07:54:18+00:00","dateModified":"2026-04-07T09:43:56+00:00","description":"Verbessern Sie Ihren Schlaf mit den QuietOn Schlaf-Ohrh\u00f6rern mit aktiver Ger\u00e4uschunterdr\u00fcckung. Reduzieren Sie Schnarchger\u00e4usche und Umgebungsl\u00e4rm f\u00fcr eine ungest\u00f6rte Nachtruhe \u2013 zu Hause oder auf Reisen.","breadcrumb":{"@id":"https:\/\/quieton.com\/de\/shop\/quieton-4-schlaf-ohrstoepsel\/#breadcrumb"},"inLanguage":"de","potentialAction":[{"@type":"ReadAction","target":["https:\/\/quieton.com\/de\/shop\/quieton-4-schlaf-ohrstoepsel\/"]}]},{"@type":"ImageObject","inLanguage":"de","@id":"https:\/\/quieton.com\/de\/shop\/quieton-4-schlaf-ohrstoepsel\/#primaryimage","url":"https:\/\/quieton.com\/wp-content\/uploads\/2025\/08\/QuietOn-4-1200x1200-1.jpg","contentUrl":"https:\/\/quieton.com\/wp-content\/uploads\/2025\/08\/QuietOn-4-1200x1200-1.jpg","width":1200,"height":1200},{"@type":"BreadcrumbList","@id":"https:\/\/quieton.com\/de\/shop\/quieton-4-schlaf-ohrstoepsel\/#breadcrumb","itemListElement":[{"@type":"ListItem","position":1,"name":"Home","item":"https:\/\/quieton.com\/de\/"},{"@type":"ListItem","position":2,"name":"Shop","item":"https:\/\/quieton.com\/de\/shop\/"},{"@type":"ListItem","position":3,"name":"QuietOn 4 Schlaf Ohrst\u00f6psel"}]},{"@type":"WebSite","@id":"https:\/\/quieton.com\/de\/#website","url":"https:\/\/quieton.com\/de\/","name":"QuietOn","description":"","publisher":{"@id":"https:\/\/quieton.com\/de\/#organization"},"potentialAction":[{"@type":"SearchAction","target":{"@type":"EntryPoint","urlTemplate":"https:\/\/quieton.com\/de\/?s={search_term_string}"},"query-input":{"@type":"PropertyValueSpecification","valueRequired":true,"valueName":"search_term_string"}}],"inLanguage":"de"},{"@type":"Organization","@id":"https:\/\/quieton.com\/de\/#organization","name":"QuietOn","url":"https:\/\/quieton.com\/de\/","logo":{"@type":"ImageObject","inLanguage":"de","@id":"https:\/\/quieton.com\/de\/#\/schema\/logo\/image\/","url":"","contentUrl":"","caption":"QuietOn"},"image":{"@id":"https:\/\/quieton.com\/de\/#\/schema\/logo\/image\/"}}]}},"uagb_featured_image_src":{"full":["https:\/\/quieton.com\/wp-content\/uploads\/2025\/08\/QuietOn-4-1200x1200-1.jpg",1200,1200,false],"thumbnail":["https:\/\/quieton.com\/wp-content\/uploads\/2025\/08\/QuietOn-4-1200x1200-1-320x320.jpg",320,320,true],"medium":["https:\/\/quieton.com\/wp-content\/uploads\/2025\/08\/QuietOn-4-1200x1200-1-640x640.jpg",640,640,true],"medium_large":["https:\/\/quieton.com\/wp-content\/uploads\/2025\/08\/QuietOn-4-1200x1200-1-768x768.jpg",768,768,true],"large":["https:\/\/quieton.com\/wp-content\/uploads\/2025\/08\/QuietOn-4-1200x1200-1.jpg",1200,1200,false],"tf-client-image-size":["https:\/\/quieton.com\/wp-content\/uploads\/2025\/08\/QuietOn-4-1200x1200-1-120x120.jpg",120,120,true],"1536x1536":["https:\/\/quieton.com\/wp-content\/uploads\/2025\/08\/QuietOn-4-1200x1200-1.jpg",1200,1200,false],"2048x2048":["https:\/\/quieton.com\/wp-content\/uploads\/2025\/08\/QuietOn-4-1200x1200-1.jpg",1200,1200,false],"woocommerce_thumbnail":["https:\/\/quieton.com\/wp-content\/uploads\/2025\/08\/QuietOn-4-1200x1200-1-360x360.jpg",360,360,true],"woocommerce_single":["https:\/\/quieton.com\/wp-content\/uploads\/2025\/08\/QuietOn-4-1200x1200-1-530x530.jpg",530,530,true],"woocommerce_gallery_thumbnail":["https:\/\/quieton.com\/wp-content\/uploads\/2025\/08\/QuietOn-4-1200x1200-1-100x100.jpg",100,100,true]},"uagb_author_info":{"display_name":"Katja Siberg","author_link":"https:\/\/quieton.com\/de\/author\/"},"uagb_comment_info":31,"uagb_excerpt":"QuietOn\u202f4\u202fOhrst\u00f6psel mit aktiver Ger\u00e4uschunterdr\u00fcckung reduzieren Schnarchen, Verkehrsl\u00e4rm und andere Umgebungsger\u00e4usche f\u00fcr eine erholsamere Nachtruhe. Perfekt f\u00fcr leichte Schl\u00e4fer, Schichtarbeiter, Vielfreisende \u2013 und alle mit einem schnarchenden Partner \u2013 helfen QuietOn\u202f4 dabei, schneller einzuschlafen und l\u00e4nger durchzuschlafen. Schnarchen-, Verkehrs- und Umgebungsger\u00e4usche reduzieren f\u00fcr besseren Schlaf Active\u2011Noise\u2011Cancelling\u2011(ANC)-Technologie Federleicht &amp; ultra\u2011kompakt, ideal f\u00fcr Seitenschl\u00e4fer Weiche Comply\u00ae\u2011Schaumaufs\u00e4tze in 4&hellip;","_links":{"self":[{"href":"https:\/\/quieton.com\/de\/wp-json\/wp\/v2\/product\/222349472","targetHints":{"allow":["GET"]}}],"collection":[{"href":"https:\/\/quieton.com\/de\/wp-json\/wp\/v2\/product"}],"about":[{"href":"https:\/\/quieton.com\/de\/wp-json\/wp\/v2\/types\/product"}],"replies":[{"embeddable":true,"href":"https:\/\/quieton.com\/de\/wp-json\/wp\/v2\/comments?post=222349472"}],"wp:featuredmedia":[{"embeddable":true,"href":"https:\/\/quieton.com\/de\/wp-json\/wp\/v2\/media\/222347067"}],"wp:attachment":[{"href":"https:\/\/quieton.com\/de\/wp-json\/wp\/v2\/media?parent=222349472"}],"wp:term":[{"taxonomy":"product_brand","embeddable":true,"href":"https:\/\/quieton.com\/de\/wp-json\/wp\/v2\/product_brand?post=222349472"},{"taxonomy":"product_cat","embeddable":true,"href":"https:\/\/quieton.com\/de\/wp-json\/wp\/v2\/product_cat?post=222349472"},{"taxonomy":"product_tag","embeddable":true,"href":"https:\/\/quieton.com\/de\/wp-json\/wp\/v2\/product_tag?post=222349472"}],"curies":[{"name":"wp","href":"https:\/\/api.w.org\/{rel}","templated":true}]}}