{"id":222349457,"date":"2021-07-05T09:02:55","date_gmt":"2021-07-05T07:02:55","guid":{"rendered":"https:\/\/quieton.com\/shop\/quieton-schlafmaske\/"},"modified":"2026-02-25T15:50:49","modified_gmt":"2026-02-25T13:50:49","slug":"quieton-schlafmaske","status":"publish","type":"product","link":"https:\/\/quieton.com\/de\/shop\/quieton-schlafmaske\/","title":{"rendered":"QuietOn Schlafmaske"},"content":{"rendered":"<p>Beschreibung Material:<br \/>\nPolyamidfaser, Polyurethanfaser, Milchprotein (modifizierte Polyacrylnitrilfaser)<\/p>\n<div><\/div>\n","protected":false},"excerpt":{"rendered":"<p>Die QuietOn Schlafmaske wurde f\u00fcr alle entwickelt, die in v\u00f6lliger Dunkelheit schlafen m\u00f6chten. Ihr geformter Augenbereich verhindert Druck auf den Augen, w\u00e4hrend das vollst\u00e4ndig verdunkelnde Design 100\u202f% unerw\u00fcnschtes Licht blockiert. Leicht, atmungsaktiv und vollst\u00e4ndig verstellbar \u2013 ideal zum Schlafen zu Hause, auf Reisen oder beim Meditieren.  <\/p>\n<ul>\n<li>Augenh\u00f6hlen verhindern Druck auf den Augen<\/li>\n<li>Spezielles Blackout\u2011Design blockiert 100\u202f% des Lichts<\/li>\n<li>Ergonomic wing shape ensures comfort around the nose<\/li>\n<li>Ergonomische Fl\u00fcgelform sorgt f\u00fcr Komfort im Nasenbereich<\/li>\n<li>Vollst\u00e4ndig verstellbares Kopfband \u2013 eine Gr\u00f6\u00dfe passt fast allen<\/li>\n<li>Erh\u00e4ltlich in Silber oder Schwarz<\/li>\n<\/ul>\n<p>Bestelle beliebige 2 Artikel und erhalte kostenlosen Versand.<\/p>\n<p><em>Der Preis umfasst alle anfallenden Steuern (MwSt.).<\/em><\/p>\n<p><!--EndFragment --><\/p>\n","protected":false},"featured_media":222349467,"comment_status":"closed","ping_status":"closed","template":"","meta":{"_acf_changed":false,"_uag_custom_page_level_css":""},"product_brand":[],"product_cat":[1400],"product_tag":[],"class_list":{"0":"post-222349457","1":"product","2":"type-product","3":"status-publish","4":"has-post-thumbnail","6":"product_cat-products-de","8":"first","9":"instock","10":"taxable","11":"shipping-taxable","12":"purchasable","13":"product-type-variable"},"acf":[],"yoast_head":"<!-- This site is optimized with the Yoast SEO plugin v27.3 - https:\/\/yoast.com\/product\/yoast-seo-wordpress\/ -->\n<title>QuietOn Schlafmaske - QuietOn<\/title>\n<meta name=\"description\" content=\"Schlafen Sie besser mit einer Premium-Schlafmaske, die Licht komplett ausblendet. Weich, komfortabel und ideal f\u00fcr zu Hause, auf Reisen sowie f\u00fcr lichtempfindliche Schl\u00e4fer.\" \/>\n<meta name=\"robots\" content=\"index, follow, max-snippet:-1, max-image-preview:large, max-video-preview:-1\" \/>\n<link rel=\"canonical\" href=\"https:\/\/quieton.com\/de\/shop\/quieton-schlafmaske\/\" \/>\n<meta property=\"og:locale\" content=\"de_DE\" \/>\n<meta property=\"og:type\" content=\"article\" \/>\n<meta property=\"og:title\" content=\"QuietOn Schlafmaske - QuietOn\" \/>\n<meta property=\"og:description\" content=\"Schlafen Sie besser mit einer Premium-Schlafmaske, die Licht komplett ausblendet. Weich, komfortabel und ideal f\u00fcr zu Hause, auf Reisen sowie f\u00fcr lichtempfindliche Schl\u00e4fer.\" \/>\n<meta property=\"og:url\" content=\"https:\/\/quieton.com\/de\/shop\/quieton-schlafmaske\/\" \/>\n<meta property=\"og:site_name\" content=\"QuietOn\" \/>\n<meta property=\"article:modified_time\" content=\"2026-02-25T13:50:49+00:00\" \/>\n<meta property=\"og:image\" content=\"https:\/\/quieton.com\/wp-content\/uploads\/2021\/07\/Sleepmask-package-1000x1000-1.jpg\" \/>\n\t<meta property=\"og:image:width\" content=\"1000\" \/>\n\t<meta property=\"og:image:height\" content=\"1000\" \/>\n\t<meta property=\"og:image:type\" content=\"image\/jpeg\" \/>\n<meta name=\"twitter:card\" content=\"summary_large_image\" \/>\n<script type=\"application\/ld+json\" class=\"yoast-schema-graph\">{\"@context\":\"https:\\\/\\\/schema.org\",\"@graph\":[{\"@type\":\"WebPage\",\"@id\":\"https:\\\/\\\/quieton.com\\\/de\\\/shop\\\/quieton-schlafmaske\\\/\",\"url\":\"https:\\\/\\\/quieton.com\\\/de\\\/shop\\\/quieton-schlafmaske\\\/\",\"name\":\"QuietOn Schlafmaske - QuietOn\",\"isPartOf\":{\"@id\":\"https:\\\/\\\/quieton.com\\\/de\\\/#website\"},\"primaryImageOfPage\":{\"@id\":\"https:\\\/\\\/quieton.com\\\/de\\\/shop\\\/quieton-schlafmaske\\\/#primaryimage\"},\"image\":{\"@id\":\"https:\\\/\\\/quieton.com\\\/de\\\/shop\\\/quieton-schlafmaske\\\/#primaryimage\"},\"thumbnailUrl\":\"https:\\\/\\\/quieton.com\\\/wp-content\\\/uploads\\\/2021\\\/07\\\/Sleepmask-package-1000x1000-1.jpg\",\"datePublished\":\"2021-07-05T07:02:55+00:00\",\"dateModified\":\"2026-02-25T13:50:49+00:00\",\"description\":\"Schlafen Sie besser mit einer Premium-Schlafmaske, die Licht komplett ausblendet. Weich, komfortabel und ideal f\u00fcr zu Hause, auf Reisen sowie f\u00fcr lichtempfindliche Schl\u00e4fer.\",\"breadcrumb\":{\"@id\":\"https:\\\/\\\/quieton.com\\\/de\\\/shop\\\/quieton-schlafmaske\\\/#breadcrumb\"},\"inLanguage\":\"de\",\"potentialAction\":[{\"@type\":\"ReadAction\",\"target\":[\"https:\\\/\\\/quieton.com\\\/de\\\/shop\\\/quieton-schlafmaske\\\/\"]}]},{\"@type\":\"ImageObject\",\"inLanguage\":\"de\",\"@id\":\"https:\\\/\\\/quieton.com\\\/de\\\/shop\\\/quieton-schlafmaske\\\/#primaryimage\",\"url\":\"https:\\\/\\\/quieton.com\\\/wp-content\\\/uploads\\\/2021\\\/07\\\/Sleepmask-package-1000x1000-1.jpg\",\"contentUrl\":\"https:\\\/\\\/quieton.com\\\/wp-content\\\/uploads\\\/2021\\\/07\\\/Sleepmask-package-1000x1000-1.jpg\",\"width\":1000,\"height\":1000},{\"@type\":\"BreadcrumbList\",\"@id\":\"https:\\\/\\\/quieton.com\\\/de\\\/shop\\\/quieton-schlafmaske\\\/#breadcrumb\",\"itemListElement\":[{\"@type\":\"ListItem\",\"position\":1,\"name\":\"Home\",\"item\":\"https:\\\/\\\/quieton.com\\\/de\\\/\"},{\"@type\":\"ListItem\",\"position\":2,\"name\":\"Shop\",\"item\":\"https:\\\/\\\/quieton.com\\\/de\\\/shop\\\/\"},{\"@type\":\"ListItem\",\"position\":3,\"name\":\"QuietOn Schlafmaske\"}]},{\"@type\":\"WebSite\",\"@id\":\"https:\\\/\\\/quieton.com\\\/de\\\/#website\",\"url\":\"https:\\\/\\\/quieton.com\\\/de\\\/\",\"name\":\"QuietOn\",\"description\":\"\",\"publisher\":{\"@id\":\"https:\\\/\\\/quieton.com\\\/de\\\/#organization\"},\"potentialAction\":[{\"@type\":\"SearchAction\",\"target\":{\"@type\":\"EntryPoint\",\"urlTemplate\":\"https:\\\/\\\/quieton.com\\\/de\\\/?s={search_term_string}\"},\"query-input\":{\"@type\":\"PropertyValueSpecification\",\"valueRequired\":true,\"valueName\":\"search_term_string\"}}],\"inLanguage\":\"de\"},{\"@type\":\"Organization\",\"@id\":\"https:\\\/\\\/quieton.com\\\/de\\\/#organization\",\"name\":\"QuietOn\",\"url\":\"https:\\\/\\\/quieton.com\\\/de\\\/\",\"logo\":{\"@type\":\"ImageObject\",\"inLanguage\":\"de\",\"@id\":\"https:\\\/\\\/quieton.com\\\/de\\\/#\\\/schema\\\/logo\\\/image\\\/\",\"url\":\"\",\"contentUrl\":\"\",\"caption\":\"QuietOn\"},\"image\":{\"@id\":\"https:\\\/\\\/quieton.com\\\/de\\\/#\\\/schema\\\/logo\\\/image\\\/\"}}]}<\/script>\n<!-- \/ Yoast SEO plugin. -->","yoast_head_json":{"title":"QuietOn Schlafmaske - QuietOn","description":"Schlafen Sie besser mit einer Premium-Schlafmaske, die Licht komplett ausblendet. Weich, komfortabel und ideal f\u00fcr zu Hause, auf Reisen sowie f\u00fcr lichtempfindliche Schl\u00e4fer.","robots":{"index":"index","follow":"follow","max-snippet":"max-snippet:-1","max-image-preview":"max-image-preview:large","max-video-preview":"max-video-preview:-1"},"canonical":"https:\/\/quieton.com\/de\/shop\/quieton-schlafmaske\/","og_locale":"de_DE","og_type":"article","og_title":"QuietOn Schlafmaske - QuietOn","og_description":"Schlafen Sie besser mit einer Premium-Schlafmaske, die Licht komplett ausblendet. Weich, komfortabel und ideal f\u00fcr zu Hause, auf Reisen sowie f\u00fcr lichtempfindliche Schl\u00e4fer.","og_url":"https:\/\/quieton.com\/de\/shop\/quieton-schlafmaske\/","og_site_name":"QuietOn","article_modified_time":"2026-02-25T13:50:49+00:00","og_image":[{"width":1000,"height":1000,"url":"https:\/\/quieton.com\/wp-content\/uploads\/2021\/07\/Sleepmask-package-1000x1000-1.jpg","type":"image\/jpeg"}],"twitter_card":"summary_large_image","schema":{"@context":"https:\/\/schema.org","@graph":[{"@type":"WebPage","@id":"https:\/\/quieton.com\/de\/shop\/quieton-schlafmaske\/","url":"https:\/\/quieton.com\/de\/shop\/quieton-schlafmaske\/","name":"QuietOn Schlafmaske - QuietOn","isPartOf":{"@id":"https:\/\/quieton.com\/de\/#website"},"primaryImageOfPage":{"@id":"https:\/\/quieton.com\/de\/shop\/quieton-schlafmaske\/#primaryimage"},"image":{"@id":"https:\/\/quieton.com\/de\/shop\/quieton-schlafmaske\/#primaryimage"},"thumbnailUrl":"https:\/\/quieton.com\/wp-content\/uploads\/2021\/07\/Sleepmask-package-1000x1000-1.jpg","datePublished":"2021-07-05T07:02:55+00:00","dateModified":"2026-02-25T13:50:49+00:00","description":"Schlafen Sie besser mit einer Premium-Schlafmaske, die Licht komplett ausblendet. Weich, komfortabel und ideal f\u00fcr zu Hause, auf Reisen sowie f\u00fcr lichtempfindliche Schl\u00e4fer.","breadcrumb":{"@id":"https:\/\/quieton.com\/de\/shop\/quieton-schlafmaske\/#breadcrumb"},"inLanguage":"de","potentialAction":[{"@type":"ReadAction","target":["https:\/\/quieton.com\/de\/shop\/quieton-schlafmaske\/"]}]},{"@type":"ImageObject","inLanguage":"de","@id":"https:\/\/quieton.com\/de\/shop\/quieton-schlafmaske\/#primaryimage","url":"https:\/\/quieton.com\/wp-content\/uploads\/2021\/07\/Sleepmask-package-1000x1000-1.jpg","contentUrl":"https:\/\/quieton.com\/wp-content\/uploads\/2021\/07\/Sleepmask-package-1000x1000-1.jpg","width":1000,"height":1000},{"@type":"BreadcrumbList","@id":"https:\/\/quieton.com\/de\/shop\/quieton-schlafmaske\/#breadcrumb","itemListElement":[{"@type":"ListItem","position":1,"name":"Home","item":"https:\/\/quieton.com\/de\/"},{"@type":"ListItem","position":2,"name":"Shop","item":"https:\/\/quieton.com\/de\/shop\/"},{"@type":"ListItem","position":3,"name":"QuietOn Schlafmaske"}]},{"@type":"WebSite","@id":"https:\/\/quieton.com\/de\/#website","url":"https:\/\/quieton.com\/de\/","name":"QuietOn","description":"","publisher":{"@id":"https:\/\/quieton.com\/de\/#organization"},"potentialAction":[{"@type":"SearchAction","target":{"@type":"EntryPoint","urlTemplate":"https:\/\/quieton.com\/de\/?s={search_term_string}"},"query-input":{"@type":"PropertyValueSpecification","valueRequired":true,"valueName":"search_term_string"}}],"inLanguage":"de"},{"@type":"Organization","@id":"https:\/\/quieton.com\/de\/#organization","name":"QuietOn","url":"https:\/\/quieton.com\/de\/","logo":{"@type":"ImageObject","inLanguage":"de","@id":"https:\/\/quieton.com\/de\/#\/schema\/logo\/image\/","url":"","contentUrl":"","caption":"QuietOn"},"image":{"@id":"https:\/\/quieton.com\/de\/#\/schema\/logo\/image\/"}}]}},"uagb_featured_image_src":{"full":["https:\/\/quieton.com\/wp-content\/uploads\/2021\/07\/Sleepmask-package-1000x1000-1.jpg",1000,1000,false],"thumbnail":["https:\/\/quieton.com\/wp-content\/uploads\/2021\/07\/Sleepmask-package-1000x1000-1-320x320.jpg",320,320,true],"medium":["https:\/\/quieton.com\/wp-content\/uploads\/2021\/07\/Sleepmask-package-1000x1000-1-640x640.jpg",640,640,true],"medium_large":["https:\/\/quieton.com\/wp-content\/uploads\/2021\/07\/Sleepmask-package-1000x1000-1-768x768.jpg",768,768,true],"large":["https:\/\/quieton.com\/wp-content\/uploads\/2021\/07\/Sleepmask-package-1000x1000-1.jpg",1000,1000,false],"tf-client-image-size":["https:\/\/quieton.com\/wp-content\/uploads\/2021\/07\/Sleepmask-package-1000x1000-1-120x120.jpg",120,120,true],"1536x1536":["https:\/\/quieton.com\/wp-content\/uploads\/2021\/07\/Sleepmask-package-1000x1000-1.jpg",1000,1000,false],"2048x2048":["https:\/\/quieton.com\/wp-content\/uploads\/2021\/07\/Sleepmask-package-1000x1000-1.jpg",1000,1000,false],"woocommerce_thumbnail":["https:\/\/quieton.com\/wp-content\/uploads\/2021\/07\/Sleepmask-package-1000x1000-1-360x360.jpg",360,360,true],"woocommerce_single":["https:\/\/quieton.com\/wp-content\/uploads\/2021\/07\/Sleepmask-package-1000x1000-1-530x530.jpg",530,530,true],"woocommerce_gallery_thumbnail":["https:\/\/quieton.com\/wp-content\/uploads\/2021\/07\/Sleepmask-package-1000x1000-1-100x100.jpg",100,100,true]},"uagb_author_info":{"display_name":"Janne Kyll\u00f6nen","author_link":"https:\/\/quieton.com\/de\/author\/"},"uagb_comment_info":0,"uagb_excerpt":"Die QuietOn Schlafmaske wurde f\u00fcr alle entwickelt, die in v\u00f6lliger Dunkelheit schlafen m\u00f6chten. Ihr geformter Augenbereich verhindert Druck auf den Augen, w\u00e4hrend das vollst\u00e4ndig verdunkelnde Design 100\u202f% unerw\u00fcnschtes Licht blockiert. Leicht, atmungsaktiv und vollst\u00e4ndig verstellbar \u2013 ideal zum Schlafen zu Hause, auf Reisen oder beim Meditieren. Augenh\u00f6hlen verhindern Druck auf den Augen Spezielles Blackout\u2011Design blockiert&hellip;","_links":{"self":[{"href":"https:\/\/quieton.com\/de\/wp-json\/wp\/v2\/product\/222349457","targetHints":{"allow":["GET"]}}],"collection":[{"href":"https:\/\/quieton.com\/de\/wp-json\/wp\/v2\/product"}],"about":[{"href":"https:\/\/quieton.com\/de\/wp-json\/wp\/v2\/types\/product"}],"replies":[{"embeddable":true,"href":"https:\/\/quieton.com\/de\/wp-json\/wp\/v2\/comments?post=222349457"}],"wp:featuredmedia":[{"embeddable":true,"href":"https:\/\/quieton.com\/de\/wp-json\/wp\/v2\/media\/222349467"}],"wp:attachment":[{"href":"https:\/\/quieton.com\/de\/wp-json\/wp\/v2\/media?parent=222349457"}],"wp:term":[{"taxonomy":"product_brand","embeddable":true,"href":"https:\/\/quieton.com\/de\/wp-json\/wp\/v2\/product_brand?post=222349457"},{"taxonomy":"product_cat","embeddable":true,"href":"https:\/\/quieton.com\/de\/wp-json\/wp\/v2\/product_cat?post=222349457"},{"taxonomy":"product_tag","embeddable":true,"href":"https:\/\/quieton.com\/de\/wp-json\/wp\/v2\/product_tag?post=222349457"}],"curies":[{"name":"wp","href":"https:\/\/api.w.org\/{rel}","templated":true}]}}