{"id":222349717,"date":"2026-03-23T15:37:47","date_gmt":"2026-03-23T13:37:47","guid":{"rendered":"https:\/\/quieton.com\/?page_id=222349717"},"modified":"2026-03-23T15:44:21","modified_gmt":"2026-03-23T13:44:21","slug":"datenschutzerklaerung","status":"publish","type":"page","link":"https:\/\/quieton.com\/de\/datenschutzerklaerung\/","title":{"rendered":"Datenschutzerkl\u00e4rung"},"content":{"rendered":"\n<div class=\"wp-block-uagb-advanced-heading uagb-block-84cfe1b4\"><h2 class=\"uagb-heading-text\">Datenschutzerkl\u00e4rung<\/h2><\/div>\n\n\n\n<p>Dies ist eine kombinierte Datenschutzerkl\u00e4rung und ein Informationsdokument gem\u00e4\u00df \u00a7\u202f10 und \u00a7\u202f24 des finnischen Datenschutzgesetzes (523\/99) sowie der EU\u2011Datenschutz\u2011Grundverordnung (DSGVO). Diese Datenschutzerkl\u00e4rung legt die Datenschutzpraktiken von Soundless Ltd. (\u201eSoundless\u201c oder \u201ewir\u201c) und den zugeh\u00f6rigen Websites www.quieton.com (zusammen die \u201eWebsite\u201c) offen, indem sie beschreibt, wie Soundless personenbezogene Daten erh\u00e4lt, sammelt und nutzt <\/p>\n\n\n\n<p>Allgemeine Informationen:<\/p>\n\n\n\n<ul class=\"wp-block-list\">\n<li>Verantwortlicher: Soundless Ltd, USt\u2011Nr. FI34567451<\/li>\n\n\n\n<li>Adresse: Teknologiantie 18, 90550 Oulu, Finnland<\/li>\n\n\n\n<li>Kontakt f\u00fcr Datenschutzangelegenheiten: sales[at]soundlesstech.com<\/li>\n\n\n\n<li>Name des Registers: Soundless\u2011Kundenregister<\/li>\n<\/ul>\n\n\n\n<p>Wir sind die alleinigen Eigent\u00fcmer der Informationen, die auf dieser Website und im Soundless\u2011Kundenregister erfasst werden. Wir werden diese Informationen weder verkaufen noch an Dritte vermieten. <\/p>\n\n\n\n<p>DURCH DIE NUTZUNG DER WEBSITE AKZEPTIEREN SIE DIE IN DIESER DATENSCHUTZERKL\u00c4RUNG BESCHRIEBENEN RICHTLINIEN UND PRAKTIKEN, DIE VON ZEIT ZU ZEIT AKTUALISIERT WERDEN K\u00d6NNEN. JEDES MAL, WENN SIE DIE WEBSITE BESUCHEN, ERKL\u00c4REN SIE SICH AUSDR\u00dcCKLICH MIT DER ERHEBUNG, NUTZUNG UND OFFENLEGUNG DER VON IHNEN BEREITGESTELLTEN PERSONENBEZOGENEN DATEN EINVERSTANDEN, WIE IN DIESER DATENSCHUTZERKL\u00c4RUNG DARGELEGT, UND WILLIGEN AUSDR\u00dcCKLICH IN UNSERE VERWENDUNG VON IDENTIFIKATIONSDATEN EIN. SOUNDLESS BEH\u00c4LT SICH DAS RECHT VOR, DIESE DATENSCHUTZERKL\u00c4RUNG ZU \u00c4NDERN. IHRE WEITERE NUTZUNG DER WEBSITE BEST\u00c4TIGT, DASS SIE DIE \u00c4NDERUNGEN DIESER DATENSCHUTZERKL\u00c4RUNG AKZEPTIEREN. BITTE NUTZEN SIE DIE WEBSITE ODER DEN WEBSHOP NICHT, WENN SIE DIESER DATENSCHUTZERKL\u00c4RUNG NICHT ZUSTIMMEN.    <\/p>\n\n\n\n<p><strong>Wie verwenden wir Ihre Daten?<\/strong><\/p>\n\n\n\n<p>Durch die Nutzung der Website und die Bereitstellung Ihrer personenbezogenen Daten willigen Sie ein, dass Soundless die gesammelten Daten nutzt, um unsere Verpflichtungen Ihnen gegen\u00fcber zu erf\u00fcllen und Ihnen den erwarteten Service bereitzustellen. Wir ben\u00f6tigen Ihre personenbezogenen Daten f\u00fcr folgende Zwecke: <\/p>\n\n\n\n<ul class=\"wp-block-list\">\n<li>Lieferung bestellter Produkte und Zahlungsabwicklung.<\/li>\n\n\n\n<li>Bereitstellung eines personalisierten Services und Zusendung von Updates zu Unternehmensaktivit\u00e4ten und saisonalen Aktionen.<\/li>\n\n\n\n<li>Pflege der Kundenbeziehung und Sicherstellung eines guten Kundendienstes sowie ggf. zur Erkennung, Verhinderung oder Untersuchung von technischen St\u00f6rungen oder Fehlern in der Kommunikation.<\/li>\n\n\n\n<li>Verwaltung und Betrieb Ihres Kontos sowie Bereitstellung von Diensten, die Sie gelegentlich anfordern. Ihre E\u2011Mail\u2011Adresse und Ihr Passwort dienen der Identifizierung beim Login. <\/li>\n\n\n\n<li>Durchf\u00fchrung von Untersuchungen und Sammlung von Statistiken, Analyse der Website\u2011Nutzung und Verbesserung unserer Dienste, sofern die Analyse nicht auf andere Weise ohne unverh\u00e4ltnism\u00e4\u00dfige Schwierigkeiten m\u00f6glich ist und keine nat\u00fcrliche Person identifizierbar bleibt.<\/li>\n\n\n\n<li>Kontaktaufnahme per E\u2011Mail, um Sie k\u00fcnftig \u00fcber Sonderangebote, neue Produkte oder Dienstleistungen zu informieren.<\/li>\n<\/ul>\n\n\n\n<p>Wir verarbeiten personenbezogene Daten und Identifikationsinformationen gem\u00e4\u00df dem finnischen Personendatengesetz (523\/1999 in der jeweils g\u00fcltigen Fassung) sowie dem finnischen Informationsgesellschaftsgesetz und anderer anwendbarer Gesetze \u2013 basierend auf dem Vertrag (oder einer sonstigen relevanten Verbindung zwischen Ihnen und uns, wie der Nutzung unserer Dienste), Ihrer Einwilligung oder unserem berechtigten Interesse, etwa f\u00fcr Marketing.<\/p>\n\n\n\n<p>Wir speichern die personenbezogenen Daten der Nutzer nur so lange, wie es zur Erf\u00fcllung der in dieser Datenschutzerkl\u00e4rung genannten Zwecke und\/oder gem\u00e4\u00df den geltenden gesetzlichen Vorschriften erforderlich ist. Die im Register enthaltenen Informationen werden mindestens f\u00fcr die Dauer der Produktgarantie, also zwei Jahre, aufbewahrt. <\/p>\n\n\n\n<p><strong>Was sind Ihre Rechte?<\/strong><\/p>\n\n\n\n<p>Sie haben das Recht, Auskunft \u00fcber die personenbezogenen Daten zu verlangen, die wir \u00fcber Sie gespeichert haben. Wenn Ihre Daten falsch, unvollst\u00e4ndig oder irrelevant sind, k\u00f6nnen Sie verlangen, dass diese berichtigt oder gel\u00f6scht werden. Der Antrag muss schriftlich an Soundless gestellt und unterschrieben werden. Ihre Einwilligung zur Nutzung der Daten f\u00fcr Marketingzwecke k\u00f6nnen Sie jederzeit widerrufen.   <\/p>\n\n\n\n<p><strong>Wer hat Zugriff auf die Daten?<\/strong><\/p>\n\n\n\n<p>Wir verkaufen Ihre Daten nicht an Dritte. Wir geben sie jedoch dann an Dritte weiter, wenn dies notwendig ist, um eine Transaktion abzuwickeln, eine Dienstleistung zu erbringen, zu administrativen Zwecken oder wenn dies gesetzlich vorgeschrieben ist. <\/p>\n\n\n\n<p><strong>Ihre Kontoinformationen<\/strong><\/p>\n\n\n\n<p>Sie k\u00f6nnen auf Ihr pers\u00f6nliches Konto zugreifen, um Ihre pers\u00f6nlichen Daten zu aktualisieren. Bitte beachten Sie jedoch, dass Ihre Kontoinformationen durch Ihren Benutzernamen und Ihr Passwort gesch\u00fctzt sind. Es liegt in Ihrer Verantwortung, die Sicherheit Ihres Benutzernamens und Passworts zu gew\u00e4hrleisten, da alle Handlungen, die durchgef\u00fchrt werden, w\u00e4hrend Sie in Ihrem Konto angemeldet sind, in Ihrer Verantwortung liegen.  <\/p>\n\n\n\n<p><strong>\u00dcbermittlung und Weitergabe von Informationen au\u00dferhalb der EU oder des EWR<\/strong><\/p>\n\n\n\n<p>Personenbezogene Daten werden nicht au\u00dferhalb der Soundless Ltd offengelegt \u2013 mit Ausnahme von Ausk\u00fcnften an Beh\u00f6rden in F\u00e4llen, in denen dies gesetzlich vorgeschrieben ist, etwa zur Aufdeckung oder Verhinderung von Unregelm\u00e4\u00dfigkeiten. Daten werden nicht au\u00dferhalb der EU oder des Europ\u00e4ischen Wirtschaftsraums \u00fcbermittelt, es sei denn, dies ist f\u00fcr die technische Umsetzung der Datenverarbeitung erforderlich. <\/p>\n\n\n\n<p><strong>Wie sch\u00fctzen wir Ihre Daten?<\/strong><\/p>\n\n\n\n<p>Wir ergreifen Ma\u00dfnahmen, um Ihre Daten zu sch\u00fctzen. Wo immer wir vertrauliche Informationen erfassen (z.\u202fB. Kreditkartendaten), werden diese verschl\u00fcsselt und auf sichere Weise an uns \u00fcbermittelt. Sie k\u00f6nnen dies \u00fcberpr\u00fcfen, indem Sie nach einem geschlossenen Schloss-Symbol in Ihrem Webbrowser suchen oder nach \u201ehttps\u201c am Anfang der Webadresse.  <\/p>\n\n\n\n<p>Ihre Informationen werden sowohl online als auch offline gesch\u00fctzt. Wir verwenden technische und organisatorische Ma\u00dfnahmen, um personenbezogene Daten und Identifikationsinformationen vor unbefugtem Zugriff, Weitergabe, L\u00f6schung oder anderer Verarbeitung zu sch\u00fctzen, die die Sicherheit gef\u00e4hrden k\u00f6nnte. Dazu geh\u00f6ren unter anderem Firewalls, Verschl\u00fcsselungstechnologien, sichere Serverr\u00e4ume, geeignete Zugangskontrollsysteme, die kontrollierte Vergabe von Benutzerrechten und die \u00dcberwachung ihrer Nutzung, klare Anweisungen f\u00fcr Datenverarbeiter sowie die sorgf\u00e4ltige Auswahl kompetenter Subunternehmer, die den Branchenstandards f\u00fcr Informationssicherheitsmanagement entsprechen.  <\/p>\n\n\n\n<p>Nur benannte Mitarbeiter von Soundless sowie Unternehmen, die im Auftrag von Soundless handeln, sind berechtigt, personenbezogene Daten und Identifikationsinformationen zu nutzen. Alle Personen, die diese Daten verarbeiten, verf\u00fcgen \u00fcber ein von Soundless erteiltes pers\u00f6nliches Nutzungsrecht. <\/p>\n\n\n\n<p><strong>Welche Daten erfassen wir?<\/strong><\/p>\n\n\n\n<p>Diese Richtlinie gilt f\u00fcr Informationen, die auf den Websites gesammelt werden. Beim Besuch der Website kann Ihr Computer automatisch bestimmte technische und andere Informationen (die personenbezogene Daten sein k\u00f6nnen) an uns senden (wie z.\u202fB. Ihre IP-Adresse). Wie die meisten Websites erfassen wir Informationen dar\u00fcber, wie Sie unsere Website nutzen \u2013 durch \u201eCookies\u201c und \u00e4hnliche Technologien. Weitere Informationen finden Sie im Abschnitt \u201eCookies\u201c dieser Datenschutzerkl\u00e4rung. Jede oder alle T\u00e4tigkeiten im Zusammenhang mit der Nutzung der Website k\u00f6nnen in unserem Auftrag von unseren Dienstleistern durchgef\u00fchrt werden, zum Beispiel von unseren Analyseanbietern oder unseren Partnern f\u00fcr E-Mail-Verwaltung.    <\/p>\n\n\n\n<p>Wir erfassen zwei Arten von Informationen von Besuchern der Websites: (1) personenbezogene Daten und (2) nicht\u2011personenbezogene Daten.<\/p>\n\n\n\n<p>\u201cPersonal data\u201d is information that identifies you personally, such as your name, address, telephone number, email address, and sometimes your Internet Protocol (IP) address. We may collect this information when you create a profile on our Websites, visit our Websites or complete a purchase. We process and use identification information only to the extent permitted by the law and primarily for providing the service to you.  <\/p>\n\n\n\n<p>\u201eNicht\u2011personenbezogene Daten\u201c k\u00f6nnen technischer Natur sein. Sie identifizieren Sie nicht pers\u00f6nlich. Bestimmte Informationen erfassen wir automatisch aufgrund Ihrer Nutzung der Website oder durch Webanalyse\u2011Dienste. Dazu geh\u00f6ren unter anderem:   <\/p>\n\n\n\n<ul class=\"wp-block-list\">\n<li>die Seite, die Sie unmittelbar vor dem Besuch der Website aufgerufen haben<\/li>\n\n\n\n<li>die konkreten Aktionen, die Sie auf der Website durchf\u00fchren, einschlie\u00dflich der von Ihnen besuchten Seiten<\/li>\n\n\n\n<li>Zeit, H\u00e4ufigkeit und Dauer Ihrer Website\u2011Besuche<\/li>\n\n\n\n<li>Ihr Browsertyp und Betriebssystem<\/li>\n\n\n\n<li>die Art des Ger\u00e4ts, mit dem Sie auf die Website zugreifen, z.\u202fB. ob Sie die Website von einem Computer oder einem mobilen Ger\u00e4t aus nutzen.<\/li>\n<\/ul>\n\n\n\n<p><strong>Cookies<\/strong><\/p>\n\n\n\n<p>SSoundless Ltd kann auf der Website Cookies verwenden. Cookies sind Informationsdateien, die eine Website auf die Festplatte des Nutzers \u00fcbertr\u00e4gt, um bestimmte Daten zu speichern \u2013 sofern der Nutzer seinem Computer erlaubt hat, sie anzunehmen. Cookies erleichtern das Surfen im Internet, indem sie Einstellungen und Surfverhalten speichern. Sie k\u00f6nnen verwendet werden, um die Nutzung der Website zu analysieren, Inhalte zu verbessern, das Layout und den Inhalt der Website anzupassen und f\u00fcr andere Kundendienstzwecke.<br>Ein Cookie kann es uns erm\u00f6glichen, Ihre Nutzung unserer Website mit anderen Informationen \u00fcber Sie \u2013 einschlie\u00dflich Ihrer personenbezogenen Daten \u2013 in Verbindung zu bringen. All dies dient dazu, Ihre Erfahrung auf unserer Website zu verbessern und zu personalisieren.<br>Die meisten Webbrowser k\u00f6nnen so eingestellt werden, dass sie Sie benachrichtigen, wenn ein Cookie gesendet wird, und Ihnen die M\u00f6glichkeit geben, dieses abzulehnen. Wenn Sie einen Flash Player auf Ihrem Computer installiert haben, kann auch dieser so eingestellt werden, Flash\u2011Cookies abzulehnen oder zu l\u00f6schen. Bitte beachten Sie, dass die Ablehnung eines Cookies Sie in einigen F\u00e4llen daran hindern kann, die Website oder bestimmte Bereiche oder Funktionen der Website zu nutzen oder deren Darstellung oder Funktion beeintr\u00e4chtigen kann.<br>        <\/p>\n\n\n\n<p><strong>Links<\/strong><\/p>\n\n\n\n<p>Die Websites k\u00f6nnen Links zu anderen Webseiten enthalten, die nicht unter unserer Kontrolle stehen und m\u00f6glicherweise eine andere Datenschutzrichtlinie haben. Wir k\u00f6nnen keine Verantwortung f\u00fcr den Schutz der Privatsph\u00e4re oder den Inhalt dieser Seiten \u00fcbernehmen \u2013 die Links dienen lediglich dazu, unseren Besuchern das Auffinden weiterer Informationen zu bestimmten Themen zu erleichtern. <\/p>\n\n\n\n<p><strong>Kinder<\/strong><\/p>\n\n\n\n<p>Wir erfassen keinerlei personenbezogene Daten direkt von Personen unter 16 Jahren. Wenn wir feststellen, dass solche Informationen in unserem Besitz sind, l\u00f6schen wir sie. Wir empfehlen Eltern, die Online-Aktivit\u00e4ten ihrer Kinder zu begleiten, um sicherzustellen, dass ohne Zustimmung der Eltern keine Informationen von einem Kind erfasst werden.  <\/p>\n\n\n\n<p><strong>\u00c4nderungen der Richtlinie<\/strong><\/p>\n\n\n\n<p>Soundless kann diese Datenschutzerkl\u00e4rung von Zeit zu Zeit \u00fcberarbeiten. Soundless beh\u00e4lt sich das Recht vor, diese Datenschutzerkl\u00e4rung oder andere Richtlinien oder Praktiken jederzeit mit oder ohne Vorank\u00fcndigung zu aktualisieren oder zu \u00e4ndern. Dennoch werden wir Ihre personenbezogenen Daten nicht in einer Weise verwenden, die wesentlich von den in dieser Datenschutzerkl\u00e4rung beschriebenen Verwendungen abweicht, ohne Ihnen die M\u00f6glichkeit zu geben, einer solchen abweichenden Nutzung zu widersprechen.<br>  <\/p>\n\n\n\n<p>Soundless wird die \u00fcberarbeitete Datenschutzerkl\u00e4rung auf der Website ver\u00f6ffentlichen, sodass Sie stets dar\u00fcber informiert sind, welche Informationen wir erfassen, wie diese verwendet werden und unter welchen Umst\u00e4nden sie offengelegt werden k\u00f6nnen. Sie stimmen zu, die Datenschutzerkl\u00e4rung regelm\u00e4\u00dfig zu \u00fcberpr\u00fcfen, um \u00fcber etwaige \u00c4nderungen informiert zu bleiben. Ihre fortgesetzte Nutzung der Website und\/oder des Dienstes bedeutet, dass Sie den \u00c4nderungen zustimmen und die Bedingungen unserer Datenschutzerkl\u00e4rung akzeptieren. Wenn Sie diesen Bedingungen nicht zustimmen, sollten Sie die Website nicht nutzen.   <\/p>\n\n\n\n<p><strong>Anwendbares Recht<\/strong><\/p>\n\n\n\n<p>Diese Datenschutzerkl\u00e4rung unterliegt den materiellen Gesetzen Finnlands, unter Ausschluss seiner Kollisionsnormen, und f\u00e4llt unter die ausschlie\u00dfliche Zust\u00e4ndigkeit der finnischen Gerichte.<\/p>\n\n\n\n<p><strong>Benachrichtigung an den Datenschutzbeauftragten<\/strong><\/p>\n\n\n\n<p>Sie k\u00f6nnen eine Beschwerde bei einer Aufsichtsbeh\u00f6rde einreichen, wenn Sie der Ansicht sind, dass Ihre personenbezogenen Daten unter Versto\u00df gegen geltende Rechtsvorschriften oder diese Datenschutzerkl\u00e4rung verarbeitet wurden. Die Kontaktdaten der Aufsichtsbeh\u00f6rde lauten: <\/p>\n\n\n\n<p>Office of the Data Protection Ombudsman<\/p>\n\n\n\n<p>P.O. Box 800<\/p>\n\n\n\n<p>FIN-00521 HELSINKI<\/p>\n\n\n\n<p>FINNLAND<\/p>\n\n\n\n<p>Tel.: +358 29 56 66700 (Zentrale)<\/p>\n\n\n\n<p>Email: <a href=\"mailto:tietosuoja@om.fi\">tietosuoja@om.fi<\/a><\/p>\n\n\n\n<p>Letzte Aktualisierung 23.9.2024<\/p>\n","protected":false},"excerpt":{"rendered":"<p>Datenschutzerkl\u00e4rung Dies ist eine kombinierte Datenschutzerkl\u00e4rung und ein Informationsdokument gem\u00e4\u00df \u00a7\u202f10 und \u00a7\u202f24 des finnischen Datenschutzgesetzes (523\/99) sowie der EU\u2011Datenschutz\u2011Grundverordnung (DSGVO). Diese Datenschutzerkl\u00e4rung legt die Datenschutzpraktiken von Soundless Ltd. (\u201eSoundless\u201c oder \u201ewir\u201c) und den zugeh\u00f6rigen Websites www.quieton.com (zusammen die \u201eWebsite\u201c) offen, indem sie beschreibt, wie Soundless personenbezogene Daten erh\u00e4lt, sammelt und nutzt Allgemeine Informationen: Wir [&hellip;]<\/p>\n","protected":false},"author":1,"featured_media":0,"parent":0,"menu_order":0,"comment_status":"closed","ping_status":"open","template":"wp-custom-template-oletus-template","meta":{"_acf_changed":false,"_uag_custom_page_level_css":"","footnotes":""},"class_list":["post-222349717","page","type-page","status-publish","hentry"],"acf":[],"yoast_head":"<!-- This site is optimized with the Yoast SEO plugin v27.4 - https:\/\/yoast.com\/product\/yoast-seo-wordpress\/ -->\n<title>Datenschutzerkl\u00e4rung - QuietOn<\/title>\n<meta name=\"robots\" content=\"index, follow, max-snippet:-1, max-image-preview:large, max-video-preview:-1\" \/>\n<link rel=\"canonical\" href=\"https:\/\/quieton.com\/de\/datenschutzerklaerung\/\" \/>\n<meta property=\"og:locale\" content=\"de_DE\" \/>\n<meta property=\"og:type\" content=\"article\" \/>\n<meta property=\"og:title\" content=\"Datenschutzerkl\u00e4rung - QuietOn\" \/>\n<meta property=\"og:description\" content=\"Datenschutzerkl\u00e4rung Dies ist eine kombinierte Datenschutzerkl\u00e4rung und ein Informationsdokument gem\u00e4\u00df \u00a7\u202f10 und \u00a7\u202f24 des finnischen Datenschutzgesetzes (523\/99) sowie der EU\u2011Datenschutz\u2011Grundverordnung (DSGVO). Diese Datenschutzerkl\u00e4rung legt die Datenschutzpraktiken von Soundless Ltd. (\u201eSoundless\u201c oder \u201ewir\u201c) und den zugeh\u00f6rigen Websites www.quieton.com (zusammen die \u201eWebsite\u201c) offen, indem sie beschreibt, wie Soundless personenbezogene Daten erh\u00e4lt, sammelt und nutzt Allgemeine Informationen: Wir [&hellip;]\" \/>\n<meta property=\"og:url\" content=\"https:\/\/quieton.com\/de\/datenschutzerklaerung\/\" \/>\n<meta property=\"og:site_name\" content=\"QuietOn\" \/>\n<meta property=\"article:modified_time\" content=\"2026-03-23T13:44:21+00:00\" \/>\n<meta name=\"twitter:card\" content=\"summary_large_image\" \/>\n<meta name=\"twitter:label1\" content=\"Gesch\u00e4tzte Lesezeit\" \/>\n\t<meta name=\"twitter:data1\" content=\"8\u00a0Minuten\" \/>\n<script type=\"application\/ld+json\" class=\"yoast-schema-graph\">{\"@context\":\"https:\\\/\\\/schema.org\",\"@graph\":[{\"@type\":\"WebPage\",\"@id\":\"https:\\\/\\\/quieton.com\\\/de\\\/datenschutzerklaerung\\\/\",\"url\":\"https:\\\/\\\/quieton.com\\\/de\\\/datenschutzerklaerung\\\/\",\"name\":\"Datenschutzerkl\u00e4rung - QuietOn\",\"isPartOf\":{\"@id\":\"https:\\\/\\\/quieton.com\\\/de\\\/#website\"},\"datePublished\":\"2026-03-23T13:37:47+00:00\",\"dateModified\":\"2026-03-23T13:44:21+00:00\",\"breadcrumb\":{\"@id\":\"https:\\\/\\\/quieton.com\\\/de\\\/datenschutzerklaerung\\\/#breadcrumb\"},\"inLanguage\":\"de\",\"potentialAction\":[{\"@type\":\"ReadAction\",\"target\":[\"https:\\\/\\\/quieton.com\\\/de\\\/datenschutzerklaerung\\\/\"]}]},{\"@type\":\"BreadcrumbList\",\"@id\":\"https:\\\/\\\/quieton.com\\\/de\\\/datenschutzerklaerung\\\/#breadcrumb\",\"itemListElement\":[{\"@type\":\"ListItem\",\"position\":1,\"name\":\"Home\",\"item\":\"https:\\\/\\\/quieton.com\\\/de\\\/\"},{\"@type\":\"ListItem\",\"position\":2,\"name\":\"Datenschutzerkl\u00e4rung\"}]},{\"@type\":\"WebSite\",\"@id\":\"https:\\\/\\\/quieton.com\\\/de\\\/#website\",\"url\":\"https:\\\/\\\/quieton.com\\\/de\\\/\",\"name\":\"QuietOn\",\"description\":\"\",\"publisher\":{\"@id\":\"https:\\\/\\\/quieton.com\\\/de\\\/#organization\"},\"potentialAction\":[{\"@type\":\"SearchAction\",\"target\":{\"@type\":\"EntryPoint\",\"urlTemplate\":\"https:\\\/\\\/quieton.com\\\/de\\\/?s={search_term_string}\"},\"query-input\":{\"@type\":\"PropertyValueSpecification\",\"valueRequired\":true,\"valueName\":\"search_term_string\"}}],\"inLanguage\":\"de\"},{\"@type\":\"Organization\",\"@id\":\"https:\\\/\\\/quieton.com\\\/de\\\/#organization\",\"name\":\"QuietOn\",\"url\":\"https:\\\/\\\/quieton.com\\\/de\\\/\",\"logo\":{\"@type\":\"ImageObject\",\"inLanguage\":\"de\",\"@id\":\"https:\\\/\\\/quieton.com\\\/de\\\/#\\\/schema\\\/logo\\\/image\\\/\",\"url\":\"\",\"contentUrl\":\"\",\"caption\":\"QuietOn\"},\"image\":{\"@id\":\"https:\\\/\\\/quieton.com\\\/de\\\/#\\\/schema\\\/logo\\\/image\\\/\"}}]}<\/script>\n<!-- \/ Yoast SEO plugin. -->","yoast_head_json":{"title":"Datenschutzerkl\u00e4rung - QuietOn","robots":{"index":"index","follow":"follow","max-snippet":"max-snippet:-1","max-image-preview":"max-image-preview:large","max-video-preview":"max-video-preview:-1"},"canonical":"https:\/\/quieton.com\/de\/datenschutzerklaerung\/","og_locale":"de_DE","og_type":"article","og_title":"Datenschutzerkl\u00e4rung - QuietOn","og_description":"Datenschutzerkl\u00e4rung Dies ist eine kombinierte Datenschutzerkl\u00e4rung und ein Informationsdokument gem\u00e4\u00df \u00a7\u202f10 und \u00a7\u202f24 des finnischen Datenschutzgesetzes (523\/99) sowie der EU\u2011Datenschutz\u2011Grundverordnung (DSGVO). Diese Datenschutzerkl\u00e4rung legt die Datenschutzpraktiken von Soundless Ltd. (\u201eSoundless\u201c oder \u201ewir\u201c) und den zugeh\u00f6rigen Websites www.quieton.com (zusammen die \u201eWebsite\u201c) offen, indem sie beschreibt, wie Soundless personenbezogene Daten erh\u00e4lt, sammelt und nutzt Allgemeine Informationen: Wir [&hellip;]","og_url":"https:\/\/quieton.com\/de\/datenschutzerklaerung\/","og_site_name":"QuietOn","article_modified_time":"2026-03-23T13:44:21+00:00","twitter_card":"summary_large_image","twitter_misc":{"Gesch\u00e4tzte Lesezeit":"8\u00a0Minuten"},"schema":{"@context":"https:\/\/schema.org","@graph":[{"@type":"WebPage","@id":"https:\/\/quieton.com\/de\/datenschutzerklaerung\/","url":"https:\/\/quieton.com\/de\/datenschutzerklaerung\/","name":"Datenschutzerkl\u00e4rung - QuietOn","isPartOf":{"@id":"https:\/\/quieton.com\/de\/#website"},"datePublished":"2026-03-23T13:37:47+00:00","dateModified":"2026-03-23T13:44:21+00:00","breadcrumb":{"@id":"https:\/\/quieton.com\/de\/datenschutzerklaerung\/#breadcrumb"},"inLanguage":"de","potentialAction":[{"@type":"ReadAction","target":["https:\/\/quieton.com\/de\/datenschutzerklaerung\/"]}]},{"@type":"BreadcrumbList","@id":"https:\/\/quieton.com\/de\/datenschutzerklaerung\/#breadcrumb","itemListElement":[{"@type":"ListItem","position":1,"name":"Home","item":"https:\/\/quieton.com\/de\/"},{"@type":"ListItem","position":2,"name":"Datenschutzerkl\u00e4rung"}]},{"@type":"WebSite","@id":"https:\/\/quieton.com\/de\/#website","url":"https:\/\/quieton.com\/de\/","name":"QuietOn","description":"","publisher":{"@id":"https:\/\/quieton.com\/de\/#organization"},"potentialAction":[{"@type":"SearchAction","target":{"@type":"EntryPoint","urlTemplate":"https:\/\/quieton.com\/de\/?s={search_term_string}"},"query-input":{"@type":"PropertyValueSpecification","valueRequired":true,"valueName":"search_term_string"}}],"inLanguage":"de"},{"@type":"Organization","@id":"https:\/\/quieton.com\/de\/#organization","name":"QuietOn","url":"https:\/\/quieton.com\/de\/","logo":{"@type":"ImageObject","inLanguage":"de","@id":"https:\/\/quieton.com\/de\/#\/schema\/logo\/image\/","url":"","contentUrl":"","caption":"QuietOn"},"image":{"@id":"https:\/\/quieton.com\/de\/#\/schema\/logo\/image\/"}}]}},"uagb_featured_image_src":{"full":false,"thumbnail":false,"medium":false,"medium_large":false,"large":false,"tf-client-image-size":false,"1536x1536":false,"2048x2048":false,"woocommerce_thumbnail":false,"woocommerce_single":false,"woocommerce_gallery_thumbnail":false},"uagb_author_info":{"display_name":"DesignInspis","author_link":"https:\/\/quieton.com\/de\/author\/ntrnz\/"},"uagb_comment_info":0,"uagb_excerpt":"Datenschutzerkl\u00e4rung Dies ist eine kombinierte Datenschutzerkl\u00e4rung und ein Informationsdokument gem\u00e4\u00df \u00a7\u202f10 und \u00a7\u202f24 des finnischen Datenschutzgesetzes (523\/99) sowie der EU\u2011Datenschutz\u2011Grundverordnung (DSGVO). Diese Datenschutzerkl\u00e4rung legt die Datenschutzpraktiken von Soundless Ltd. (\u201eSoundless\u201c oder \u201ewir\u201c) und den zugeh\u00f6rigen Websites www.quieton.com (zusammen die \u201eWebsite\u201c) offen, indem sie beschreibt, wie Soundless personenbezogene Daten erh\u00e4lt, sammelt und nutzt Allgemeine Informationen: Wir&hellip;","_links":{"self":[{"href":"https:\/\/quieton.com\/de\/wp-json\/wp\/v2\/pages\/222349717","targetHints":{"allow":["GET"]}}],"collection":[{"href":"https:\/\/quieton.com\/de\/wp-json\/wp\/v2\/pages"}],"about":[{"href":"https:\/\/quieton.com\/de\/wp-json\/wp\/v2\/types\/page"}],"author":[{"embeddable":true,"href":"https:\/\/quieton.com\/de\/wp-json\/wp\/v2\/users\/1"}],"replies":[{"embeddable":true,"href":"https:\/\/quieton.com\/de\/wp-json\/wp\/v2\/comments?post=222349717"}],"version-history":[{"count":6,"href":"https:\/\/quieton.com\/de\/wp-json\/wp\/v2\/pages\/222349717\/revisions"}],"predecessor-version":[{"id":222349950,"href":"https:\/\/quieton.com\/de\/wp-json\/wp\/v2\/pages\/222349717\/revisions\/222349950"}],"wp:attachment":[{"href":"https:\/\/quieton.com\/de\/wp-json\/wp\/v2\/media?parent=222349717"}],"curies":[{"name":"wp","href":"https:\/\/api.w.org\/{rel}","templated":true}]}}