{"id":222349662,"date":"2026-02-27T17:22:37","date_gmt":"2026-02-27T15:22:37","guid":{"rendered":"https:\/\/quieton.com\/cookie-richtlinie\/"},"modified":"2026-03-02T16:07:06","modified_gmt":"2026-03-02T14:07:06","slug":"cookie-richtlinie","status":"publish","type":"page","link":"https:\/\/quieton.com\/de\/cookie-richtlinie\/","title":{"rendered":"Cookie-Richtlinie"},"content":{"rendered":"\n<p><strong>1. Einf\u00fchrung<\/strong><br\/>Diese Cookie\u2011Richtlinie erkl\u00e4rt, wie Soundless (\u201ewir\u201c, \u201euns\u201c oder \u201eunser\u201c) Cookies und \u00e4hnliche Technologien auf unserer Website <a href=\"https:\/\/quieton.com\">www.quieton.com <\/a>(der \u201eWebsite\u201c) verwendet. Durch die Nutzung unserer Website erkl\u00e4ren Sie sich mit der Verwendung von Cookies gem\u00e4\u00df dieser Richtlinie einverstanden. <\/p>\n\n<p><strong>2. Was sind Cookies?<\/strong><br\/>Cookies sind kleine Textdateien, die auf Ihrem Ger\u00e4t gespeichert werden, wenn Sie eine Website besuchen. Sie helfen uns, Ihr Nutzungserlebnis zu verbessern, Ihre Einstellungen zu speichern und bestimmte Funktionen der Website bereitzustellen.Cookies are small text files stored on your device when you visit a website. They help us improve your browsing experience, remember your preferences, and provide certain website features. <\/p>\n\n<p><strong>3. Wie wir Cookies verwenden<\/strong><br\/>Wir verwenden Cookies, um:<\/p>\n\n<ul class=\"wp-block-list\">\n<li>Die einwandfreie Funktion unserer Website sicherzustellen<\/li>\n\n\n\n<li>Ihre Pr\u00e4ferenzen wie Sprache und Region zu speichern<\/li>\n\n\n\n<li>Den Website\u2011Verkehr zu analysieren, um Leistung und Benutzererlebnis zu verbessern<\/li>\n\n\n\n<li>Personalisierte Inhalte und relevante Angebote bereitzustellen<\/li>\n<\/ul>\n\n<p><strong>4. Arten von Cookies, die wir verwenden<\/strong><\/p>\n\n<ul class=\"wp-block-list\">\n<li><strong>Unbedingt erforderliche Cookies:<\/strong> Diese sind f\u00fcr das ordnungsgem\u00e4\u00dfe Funktionieren der Website essenziell und k\u00f6nnen nicht deaktiviert werden.<\/li>\n\n\n\n<li><strong>Leistungs\u2011Cookies:<\/strong> Sie sammeln Informationen dar\u00fcber, wie Besucher die Website nutzen, damit wir sie verbessern k\u00f6nnen.<\/li>\n\n\n\n<li><strong>Funktions\u2011Cookies:<\/strong> Sie speichern Ihre Auswahl, um Ihr Nutzungserlebnis zu optimieren (z.\u202fB. Spracheinstellungen).<\/li>\n\n\n\n<li><strong>Marketing\u2011Cookies:<\/strong> Sie helfen uns, relevante Werbung bereitzustellen und die Wirksamkeit unserer Kampagnen zu messen.Marketing cookies: Help us deliver relevant advertising and track the effectiveness of our campaigns.<\/li>\n<\/ul>\n\n<p><strong>5. Cookies von Drittanbietern<\/strong><br\/>Wir gestatten m\u00f6glicherweise Drittanbietern, wie Analyse\u2011 und Marketingpartnern, Cookies auf Ihrem Ger\u00e4t zu platzieren. Diese Cookies unterliegen den Datenschutz\u2011 und Cookie\u2011Richtlinien der jeweiligen Drittanbieter. <\/p>\n\n<p><strong>6. Verwaltung von Cookies<\/strong><br\/>Sie k\u00f6nnen Cookies akzeptieren oder ablehnen, indem Sie die Einstellungen Ihres Browsers anpassen. Bitte beachten Sie, dass das Blockieren bestimmter Cookies die Funktionalit\u00e4t und das Nutzungserlebnis der Website beeintr\u00e4chtigen kann. <\/p>\n\n<p><strong>7. Weitere Informationen<\/strong><br\/>Weitere Details zur Verwendung Ihrer personenbezogenen Daten finden Sie in unserer <a href=\"https:\/\/quieton.com\/?page_id=222305183\">Datenschutzerkl\u00e4rung.<\/a> Wenn Sie Fragen zu dieser Cookie\u2011Richtlinie haben, kontaktieren Sie uns unter sales[at]soundlesstech.com. <\/p>\n\n<p><\/p>\n","protected":false},"excerpt":{"rendered":"<p>1. Einf\u00fchrungDiese Cookie\u2011Richtlinie erkl\u00e4rt, wie Soundless (\u201ewir\u201c, \u201euns\u201c oder \u201eunser\u201c) Cookies und \u00e4hnliche Technologien auf unserer Website www.quieton.com (der \u201eWebsite\u201c) verwendet. Durch die Nutzung unserer Website erkl\u00e4ren Sie sich mit der Verwendung von Cookies gem\u00e4\u00df dieser Richtlinie einverstanden. 2. Was sind Cookies?Cookies sind kleine Textdateien, die auf Ihrem Ger\u00e4t gespeichert werden, wenn Sie eine Website [&hellip;]<\/p>\n","protected":false},"author":1,"featured_media":0,"parent":0,"menu_order":7,"comment_status":"closed","ping_status":"closed","template":"page-simple","meta":{"_acf_changed":false,"_uag_custom_page_level_css":"","footnotes":""},"class_list":["post-222349662","page","type-page","status-publish","hentry"],"acf":[],"yoast_head":"<!-- This site is optimized with the Yoast SEO plugin v27.4 - https:\/\/yoast.com\/product\/yoast-seo-wordpress\/ -->\n<title>Cookie-Richtlinie - QuietOn<\/title>\n<meta name=\"robots\" content=\"index, follow, max-snippet:-1, max-image-preview:large, max-video-preview:-1\" \/>\n<link rel=\"canonical\" href=\"https:\/\/quieton.com\/de\/cookie-richtlinie\/\" \/>\n<meta property=\"og:locale\" content=\"de_DE\" \/>\n<meta property=\"og:type\" content=\"article\" \/>\n<meta property=\"og:title\" content=\"Cookie-Richtlinie - QuietOn\" \/>\n<meta property=\"og:description\" content=\"1. Einf\u00fchrungDiese Cookie\u2011Richtlinie erkl\u00e4rt, wie Soundless (\u201ewir\u201c, \u201euns\u201c oder \u201eunser\u201c) Cookies und \u00e4hnliche Technologien auf unserer Website www.quieton.com (der \u201eWebsite\u201c) verwendet. Durch die Nutzung unserer Website erkl\u00e4ren Sie sich mit der Verwendung von Cookies gem\u00e4\u00df dieser Richtlinie einverstanden. 2. Was sind Cookies?Cookies sind kleine Textdateien, die auf Ihrem Ger\u00e4t gespeichert werden, wenn Sie eine Website [&hellip;]\" \/>\n<meta property=\"og:url\" content=\"https:\/\/quieton.com\/de\/cookie-richtlinie\/\" \/>\n<meta property=\"og:site_name\" content=\"QuietOn\" \/>\n<meta property=\"article:modified_time\" content=\"2026-03-02T14:07:06+00:00\" \/>\n<meta name=\"twitter:card\" content=\"summary_large_image\" \/>\n<meta name=\"twitter:label1\" content=\"Gesch\u00e4tzte Lesezeit\" \/>\n\t<meta name=\"twitter:data1\" content=\"2\u00a0Minuten\" \/>\n<script type=\"application\/ld+json\" class=\"yoast-schema-graph\">{\"@context\":\"https:\\\/\\\/schema.org\",\"@graph\":[{\"@type\":\"WebPage\",\"@id\":\"https:\\\/\\\/quieton.com\\\/de\\\/cookie-richtlinie\\\/\",\"url\":\"https:\\\/\\\/quieton.com\\\/de\\\/cookie-richtlinie\\\/\",\"name\":\"Cookie-Richtlinie - QuietOn\",\"isPartOf\":{\"@id\":\"https:\\\/\\\/quieton.com\\\/de\\\/#website\"},\"datePublished\":\"2026-02-27T15:22:37+00:00\",\"dateModified\":\"2026-03-02T14:07:06+00:00\",\"breadcrumb\":{\"@id\":\"https:\\\/\\\/quieton.com\\\/de\\\/cookie-richtlinie\\\/#breadcrumb\"},\"inLanguage\":\"de\",\"potentialAction\":[{\"@type\":\"ReadAction\",\"target\":[\"https:\\\/\\\/quieton.com\\\/de\\\/cookie-richtlinie\\\/\"]}]},{\"@type\":\"BreadcrumbList\",\"@id\":\"https:\\\/\\\/quieton.com\\\/de\\\/cookie-richtlinie\\\/#breadcrumb\",\"itemListElement\":[{\"@type\":\"ListItem\",\"position\":1,\"name\":\"Home\",\"item\":\"https:\\\/\\\/quieton.com\\\/de\\\/\"},{\"@type\":\"ListItem\",\"position\":2,\"name\":\"Cookie-Richtlinie\"}]},{\"@type\":\"WebSite\",\"@id\":\"https:\\\/\\\/quieton.com\\\/de\\\/#website\",\"url\":\"https:\\\/\\\/quieton.com\\\/de\\\/\",\"name\":\"QuietOn\",\"description\":\"\",\"publisher\":{\"@id\":\"https:\\\/\\\/quieton.com\\\/de\\\/#organization\"},\"potentialAction\":[{\"@type\":\"SearchAction\",\"target\":{\"@type\":\"EntryPoint\",\"urlTemplate\":\"https:\\\/\\\/quieton.com\\\/de\\\/?s={search_term_string}\"},\"query-input\":{\"@type\":\"PropertyValueSpecification\",\"valueRequired\":true,\"valueName\":\"search_term_string\"}}],\"inLanguage\":\"de\"},{\"@type\":\"Organization\",\"@id\":\"https:\\\/\\\/quieton.com\\\/de\\\/#organization\",\"name\":\"QuietOn\",\"url\":\"https:\\\/\\\/quieton.com\\\/de\\\/\",\"logo\":{\"@type\":\"ImageObject\",\"inLanguage\":\"de\",\"@id\":\"https:\\\/\\\/quieton.com\\\/de\\\/#\\\/schema\\\/logo\\\/image\\\/\",\"url\":\"\",\"contentUrl\":\"\",\"caption\":\"QuietOn\"},\"image\":{\"@id\":\"https:\\\/\\\/quieton.com\\\/de\\\/#\\\/schema\\\/logo\\\/image\\\/\"}}]}<\/script>\n<!-- \/ Yoast SEO plugin. -->","yoast_head_json":{"title":"Cookie-Richtlinie - QuietOn","robots":{"index":"index","follow":"follow","max-snippet":"max-snippet:-1","max-image-preview":"max-image-preview:large","max-video-preview":"max-video-preview:-1"},"canonical":"https:\/\/quieton.com\/de\/cookie-richtlinie\/","og_locale":"de_DE","og_type":"article","og_title":"Cookie-Richtlinie - QuietOn","og_description":"1. Einf\u00fchrungDiese Cookie\u2011Richtlinie erkl\u00e4rt, wie Soundless (\u201ewir\u201c, \u201euns\u201c oder \u201eunser\u201c) Cookies und \u00e4hnliche Technologien auf unserer Website www.quieton.com (der \u201eWebsite\u201c) verwendet. Durch die Nutzung unserer Website erkl\u00e4ren Sie sich mit der Verwendung von Cookies gem\u00e4\u00df dieser Richtlinie einverstanden. 2. Was sind Cookies?Cookies sind kleine Textdateien, die auf Ihrem Ger\u00e4t gespeichert werden, wenn Sie eine Website [&hellip;]","og_url":"https:\/\/quieton.com\/de\/cookie-richtlinie\/","og_site_name":"QuietOn","article_modified_time":"2026-03-02T14:07:06+00:00","twitter_card":"summary_large_image","twitter_misc":{"Gesch\u00e4tzte Lesezeit":"2\u00a0Minuten"},"schema":{"@context":"https:\/\/schema.org","@graph":[{"@type":"WebPage","@id":"https:\/\/quieton.com\/de\/cookie-richtlinie\/","url":"https:\/\/quieton.com\/de\/cookie-richtlinie\/","name":"Cookie-Richtlinie - QuietOn","isPartOf":{"@id":"https:\/\/quieton.com\/de\/#website"},"datePublished":"2026-02-27T15:22:37+00:00","dateModified":"2026-03-02T14:07:06+00:00","breadcrumb":{"@id":"https:\/\/quieton.com\/de\/cookie-richtlinie\/#breadcrumb"},"inLanguage":"de","potentialAction":[{"@type":"ReadAction","target":["https:\/\/quieton.com\/de\/cookie-richtlinie\/"]}]},{"@type":"BreadcrumbList","@id":"https:\/\/quieton.com\/de\/cookie-richtlinie\/#breadcrumb","itemListElement":[{"@type":"ListItem","position":1,"name":"Home","item":"https:\/\/quieton.com\/de\/"},{"@type":"ListItem","position":2,"name":"Cookie-Richtlinie"}]},{"@type":"WebSite","@id":"https:\/\/quieton.com\/de\/#website","url":"https:\/\/quieton.com\/de\/","name":"QuietOn","description":"","publisher":{"@id":"https:\/\/quieton.com\/de\/#organization"},"potentialAction":[{"@type":"SearchAction","target":{"@type":"EntryPoint","urlTemplate":"https:\/\/quieton.com\/de\/?s={search_term_string}"},"query-input":{"@type":"PropertyValueSpecification","valueRequired":true,"valueName":"search_term_string"}}],"inLanguage":"de"},{"@type":"Organization","@id":"https:\/\/quieton.com\/de\/#organization","name":"QuietOn","url":"https:\/\/quieton.com\/de\/","logo":{"@type":"ImageObject","inLanguage":"de","@id":"https:\/\/quieton.com\/de\/#\/schema\/logo\/image\/","url":"","contentUrl":"","caption":"QuietOn"},"image":{"@id":"https:\/\/quieton.com\/de\/#\/schema\/logo\/image\/"}}]}},"uagb_featured_image_src":{"full":false,"thumbnail":false,"medium":false,"medium_large":false,"large":false,"tf-client-image-size":false,"1536x1536":false,"2048x2048":false,"woocommerce_thumbnail":false,"woocommerce_single":false,"woocommerce_gallery_thumbnail":false},"uagb_author_info":{"display_name":"DesignInspis","author_link":"https:\/\/quieton.com\/de\/author\/ntrnz\/"},"uagb_comment_info":0,"uagb_excerpt":"1. Einf\u00fchrungDiese Cookie\u2011Richtlinie erkl\u00e4rt, wie Soundless (\u201ewir\u201c, \u201euns\u201c oder \u201eunser\u201c) Cookies und \u00e4hnliche Technologien auf unserer Website www.quieton.com (der \u201eWebsite\u201c) verwendet. Durch die Nutzung unserer Website erkl\u00e4ren Sie sich mit der Verwendung von Cookies gem\u00e4\u00df dieser Richtlinie einverstanden. 2. Was sind Cookies?Cookies sind kleine Textdateien, die auf Ihrem Ger\u00e4t gespeichert werden, wenn Sie eine Website&hellip;","_links":{"self":[{"href":"https:\/\/quieton.com\/de\/wp-json\/wp\/v2\/pages\/222349662","targetHints":{"allow":["GET"]}}],"collection":[{"href":"https:\/\/quieton.com\/de\/wp-json\/wp\/v2\/pages"}],"about":[{"href":"https:\/\/quieton.com\/de\/wp-json\/wp\/v2\/types\/page"}],"author":[{"embeddable":true,"href":"https:\/\/quieton.com\/de\/wp-json\/wp\/v2\/users\/1"}],"replies":[{"embeddable":true,"href":"https:\/\/quieton.com\/de\/wp-json\/wp\/v2\/comments?post=222349662"}],"version-history":[{"count":14,"href":"https:\/\/quieton.com\/de\/wp-json\/wp\/v2\/pages\/222349662\/revisions"}],"predecessor-version":[{"id":222349713,"href":"https:\/\/quieton.com\/de\/wp-json\/wp\/v2\/pages\/222349662\/revisions\/222349713"}],"wp:attachment":[{"href":"https:\/\/quieton.com\/de\/wp-json\/wp\/v2\/media?parent=222349662"}],"curies":[{"name":"wp","href":"https:\/\/api.w.org\/{rel}","templated":true}]}}