{"id":222348994,"date":"2026-02-06T15:22:15","date_gmt":"2026-02-06T13:22:15","guid":{"rendered":"https:\/\/quieton.com\/our-story\/"},"modified":"2026-02-11T10:13:20","modified_gmt":"2026-02-11T08:13:20","slug":"our-story","status":"publish","type":"page","link":"https:\/\/quieton.com\/de\/our-story\/","title":{"rendered":"Our story"},"content":{"rendered":"\n<div class=\"wp-block-group alignfull has-global-padding is-layout-constrained wp-block-group-is-layout-constrained\">\n<div class=\"wp-block-cover alignfull is-light\" style=\"padding-top:0;padding-right:var(--wp--preset--spacing--50);padding-bottom:var(--wp--preset--spacing--30);padding-left:var(--wp--preset--spacing--50)\"><img loading=\"lazy\" decoding=\"async\" width=\"1080\" height=\"1080\" class=\"wp-block-cover__image-background wp-image-222348239 size-full\" alt=\"\" src=\"https:\/\/quieton.com\/wp-content\/uploads\/2026\/01\/QuietOn-4-x-Comply-Square-3.jpg\" style=\"object-position:54% 62%\" data-object-fit=\"cover\" data-object-position=\"54% 62%\" srcset=\"https:\/\/quieton.com\/wp-content\/uploads\/2026\/01\/QuietOn-4-x-Comply-Square-3.jpg 1080w, https:\/\/quieton.com\/wp-content\/uploads\/2026\/01\/QuietOn-4-x-Comply-Square-3-640x640.jpg 640w, https:\/\/quieton.com\/wp-content\/uploads\/2026\/01\/QuietOn-4-x-Comply-Square-3-320x320.jpg 320w, https:\/\/quieton.com\/wp-content\/uploads\/2026\/01\/QuietOn-4-x-Comply-Square-3-768x768.jpg 768w, https:\/\/quieton.com\/wp-content\/uploads\/2026\/01\/QuietOn-4-x-Comply-Square-3-120x120.jpg 120w, https:\/\/quieton.com\/wp-content\/uploads\/2026\/01\/QuietOn-4-x-Comply-Square-3-360x360.jpg 360w, https:\/\/quieton.com\/wp-content\/uploads\/2026\/01\/QuietOn-4-x-Comply-Square-3-530x530.jpg 530w, https:\/\/quieton.com\/wp-content\/uploads\/2026\/01\/QuietOn-4-x-Comply-Square-3-100x100.jpg 100w\" sizes=\"auto, (max-width: 1080px) 100vw, 1080px\" \/><span aria-hidden=\"true\" class=\"wp-block-cover__background has-background-dim-0 has-background-dim\" style=\"background-color:#cfd4d5\"><\/span><div class=\"wp-block-cover__inner-container is-layout-flow wp-block-cover-is-layout-flow\">\n<p class=\"has-text-align-center has-white-color has-text-color has-link-color has-paralucent-font-family wp-elements-08fd26d8729baa00d9ddf6f2c6fbfe54\" style=\"padding-top:var(--wp--preset--spacing--70);font-size:clamp(2.835rem, 2.835rem + ((1vw - 0.2rem) * 4.084), 5.5rem);\">Unsere Geschichte<\/p>\n<\/div><\/div>\n<\/div>\n\n\n\n<div class=\"wp-block-group alignwide has-global-padding is-layout-constrained wp-container-core-group-is-layout-c2eda9aa wp-block-group-is-layout-constrained\" style=\"padding-bottom:var(--wp--preset--spacing--60)\">\n<div class=\"wp-block-columns alignwide are-vertically-aligned-center reverse-on-mobile is-layout-flex wp-container-core-columns-is-layout-47c06fe3 wp-block-columns-is-layout-flex\">\n<div class=\"wp-block-column is-vertically-aligned-center is-layout-flow wp-block-column-is-layout-flow\" style=\"padding-top:var(--wp--preset--spacing--70);padding-bottom:var(--wp--preset--spacing--70)\">\n<h3 class=\"wp-block-heading has-paralucent-font-family\" style=\"margin-top:0;margin-bottom:0\">Soundless Ltd \u2013 Innovation f\u00fcr Ruhe und die Zukunft besseren Schlafs<\/h3>\n\n\n\n<p>Soundless Ltd ist ein finnisches Technologieunternehmen, das sich darauf konzentriert, die Grenzen der aktiven Ger\u00e4uschunterdr\u00fcckung zu erweitern. Wir entwickeln L\u00f6sungen, die Menschen helfen, besser zu schlafen, besser zu leben und sich besser zu f\u00fchlen \u2013 \u00fcberall dort, wo Ruhe am wichtigsten ist. <\/p>\n\n\n\n<p>Im Jahr 2024 \u00fcbernahm Soundless die Verm\u00f6genswerte von QuietOn, einer Pioniermarke im Bereich schlaforientierter ANC\u2011Technologie. Das Gr\u00fcndungsteam von Soundless glaubte fest an QuietOns Mission, Menschen zu besserem Schlaf zu verhelfen, und entschied sich, diese Vision fortzuf\u00fchren. Hinter Soundless steht dasselbe Kernteam, das das Erbe mit neuer Energie und Innovation weiterf\u00fchrt.  <\/p>\n\n\n\n<p class=\"has-text-align-center has-paralucent-font-family\" style=\"padding-right:var(--wp--preset--spacing--80);padding-left:var(--wp--preset--spacing--80);font-size:clamp(18.959px, 1.185rem + ((1vw - 3.2px) * 1.058), 30px);\"><em>\u201eK\u00f6nnte eine L\u00f6sung geschaffen werden, die diese beruhigende Stille Menschen zug\u00e4nglich macht, die nach einem \u00fcberlegenen Schlaf suchen?\u201c<\/em><\/p>\n\n\n\n<p><a href=\"https:\/\/quieton.com\/how-a-quiet-moment-sparked-a-sleep-tech-revolution-the-quieton-story\/\" type=\"link\" id=\"https:\/\/quieton.com\/how-a-quiet-moment-sparked-a-sleep-tech-revolution-the-quieton-story\/\">Die Inspiration f\u00fcr QuietOn entstand aus einem Moment unerwarteter Ruhe.<\/a> Unser Gr\u00fcnder Janne befand sich an einem lauten Flughafen, als er ein Paar ger\u00e4uschunterdr\u00fcckende Kopfh\u00f6rer ausprobierte. Die pl\u00f6tzliche Stille war transformierend \u2013 sie l\u00f6ste Stress auf und entfachte eine kraftvolle Idee: Was w\u00e4re, wenn man diese Art von Ruhe Menschen zug\u00e4nglich machen k\u00f6nnte, die in lauten Umgebungen mit dem Schlaf k\u00e4mpfen? <\/p>\n\n\n\n<p>Diese Idee wurde zu unserer Mission. Heute widmet sich unser engagiertes Team dem Schlaf, der Gesundheit und dem allgemeinen Wohlbefinden. Wir sind stolz darauf, das QuietOn\u2011Erbe unter Soundless Ltd fortzuf\u00fchren und die Produktlinie weiterzuentwickeln, um den Anforderungen des modernen Lebens gerecht zu werden.  <\/p>\n\n\n\n<p>QuietOn 4, auf den Markt gebracht im Jahr 2025, ist unser Flaggschiffprodukt und der weltweit kleinste f\u00fcr den Schlaf entwickelte ANC\u2011Ohrh\u00f6rer. Kompakt, kabellos und auf Komfort ausgelegt, sorgt er selbst in den lautesten Umgebungen f\u00fcr Ruhe \u2013 von Gro\u00dfstadtn\u00e4chten bis hin zu geteilten Schlafzimmern.  <\/p>\n\n\n\n<p>Wir bauen aktiv ein globales <a href=\"https:\/\/quieton.com\/de\/werden-sie-wiederverkaeufer\/\" type=\"link\" id=\"https:\/\/quieton.com\/become-a-reseller\/\">Vertriebs- und Partnernetzwerk<\/a> auf und suchen gleichgesinnte Partner, die uns dabei unterst\u00fctzen, die Vorteile besseren Schlafs zu Menschen \u00fcberall zu bringen \u2013 von allt\u00e4glichen Nutzern bis hin zu Fachkr\u00e4ften, die unter anspruchsvollen Schlafbedingungen arbeiten.<\/p>\n\n\n\n<p>Menschen zu besserem Schlaf zu verhelfen ist mehr als eine technische Herausforderung \u2013 es ist eine bedeutungsvolle Mission.<\/p>\n<\/div>\n<\/div>\n<\/div>\n\n\n\n<div class=\"wp-block-group alignfull has-global-padding is-layout-constrained wp-block-group-is-layout-constrained\" style=\"margin-bottom:0;padding-bottom:0\">\n<div class=\"wp-block-cover alignfull uag-hide-mob\" style=\"padding-top:var(--wp--preset--spacing--30);padding-right:var(--wp--preset--spacing--30);padding-bottom:0;padding-left:var(--wp--preset--spacing--30);min-height:669px;aspect-ratio:unset;\"><img loading=\"lazy\" decoding=\"async\" width=\"1440\" height=\"535\" class=\"wp-block-cover__image-background wp-image-222349299 size-large\" alt=\"\" src=\"https:\/\/quieton.com\/wp-content\/uploads\/2026\/02\/footer-1440x535.png\" style=\"object-position:49% 28%\" data-object-fit=\"cover\" data-object-position=\"49% 28%\" srcset=\"https:\/\/quieton.com\/wp-content\/uploads\/2026\/02\/footer-1440x535.png 1440w, https:\/\/quieton.com\/wp-content\/uploads\/2026\/02\/footer-640x238.png 640w, https:\/\/quieton.com\/wp-content\/uploads\/2026\/02\/footer-768x285.png 768w, https:\/\/quieton.com\/wp-content\/uploads\/2026\/02\/footer-1536x571.png 1536w, https:\/\/quieton.com\/wp-content\/uploads\/2026\/02\/footer-360x134.png 360w, https:\/\/quieton.com\/wp-content\/uploads\/2026\/02\/footer-530x197.png 530w, https:\/\/quieton.com\/wp-content\/uploads\/2026\/02\/footer.png 2000w\" sizes=\"auto, (max-width: 1440px) 100vw, 1440px\" \/><span aria-hidden=\"true\" class=\"wp-block-cover__background has-background-dim-0 has-background-dim has-background-gradient\" style=\"background-color:#4e3e34;background:linear-gradient(90deg,rgba(255,255,255,0.16) 39%,rgb(243,243,243) 66%)\"><\/span><div class=\"wp-block-cover__inner-container is-layout-flow wp-container-core-cover-is-layout-644bd98e wp-block-cover-is-layout-flow\">\n<div class=\"wp-block-group has-global-padding is-content-justification-center is-layout-constrained wp-block-group-is-layout-constrained\" style=\"padding-top:var(--wp--preset--spacing--70);padding-bottom:var(--wp--preset--spacing--70)\">\n<p class=\"has-text-align-center has-white-color has-text-color has-link-color has-paralucent-font-family wp-elements-64e0a41a3702e4c752043748e6d1a1e3\" style=\"font-size:clamp(2.876rem, 2.876rem + ((1vw - 0.2rem) * 4.175), 5.6rem);\">Get your QuietOn<\/p>\n<\/div>\n\n\n\n<div class=\"wp-block-group has-global-padding is-content-justification-center is-layout-constrained wp-block-group-is-layout-constrained\">\n\n\n<div class=\"wp-block-geotargeting-pro-gutenberg-country\">\n<div class=\"wp-block-uagb-buttons uagb-buttons__outer-wrap uagb-btn__default-btn uagb-btn-tablet__default-btn uagb-btn-mobile__default-btn uagb-block-2c9c6512\"><div class=\"uagb-buttons__wrap uagb-buttons-layout-wrap \">\n<div class=\"wp-block-uagb-buttons-child uagb-buttons__outer-wrap uagb-block-5092a7f9 wp-block-button\"><div class=\"uagb-button__wrapper\"><a class=\"uagb-buttons-repeater wp-block-button__link\" aria-label=\"\" href=\"https:\/\/quieton.com\/de\/wo-kaufen\/\" rel=\"follow noopener\" target=\"_self\" role=\"button\"><div class=\"uagb-button__link\">WO KAUFEN?<\/div><\/a><\/div><\/div>\n<\/div><\/div>\n<\/div>\n<\/div>\n<\/div><\/div>\n\n\n\n<div class=\"wp-block-cover alignfull uag-hide-desktop uag-hide-tab\" style=\"padding-top:var(--wp--preset--spacing--30);padding-right:var(--wp--preset--spacing--30);padding-bottom:0;padding-left:var(--wp--preset--spacing--30);min-height:669px;aspect-ratio:unset;\"><img loading=\"lazy\" decoding=\"async\" width=\"1440\" height=\"535\" class=\"wp-block-cover__image-background wp-image-222349299 size-large\" alt=\"\" src=\"https:\/\/quieton.com\/wp-content\/uploads\/2026\/02\/footer-1440x535.png\" style=\"object-position:56% 21%\" data-object-fit=\"cover\" data-object-position=\"56% 21%\" srcset=\"https:\/\/quieton.com\/wp-content\/uploads\/2026\/02\/footer-1440x535.png 1440w, https:\/\/quieton.com\/wp-content\/uploads\/2026\/02\/footer-640x238.png 640w, https:\/\/quieton.com\/wp-content\/uploads\/2026\/02\/footer-768x285.png 768w, https:\/\/quieton.com\/wp-content\/uploads\/2026\/02\/footer-1536x571.png 1536w, https:\/\/quieton.com\/wp-content\/uploads\/2026\/02\/footer-360x134.png 360w, https:\/\/quieton.com\/wp-content\/uploads\/2026\/02\/footer-530x197.png 530w, https:\/\/quieton.com\/wp-content\/uploads\/2026\/02\/footer.png 2000w\" sizes=\"auto, (max-width: 1440px) 100vw, 1440px\" \/><span aria-hidden=\"true\" class=\"wp-block-cover__background has-background-dim-0 has-background-dim has-background-gradient\" style=\"background-color:#4e3e34;background:linear-gradient(90deg,rgba(255,255,255,0.16) 39%,rgb(243,243,243) 66%)\"><\/span><div class=\"wp-block-cover__inner-container is-layout-flow wp-container-core-cover-is-layout-644bd98e wp-block-cover-is-layout-flow\">\n<div class=\"wp-block-group has-global-padding is-content-justification-center is-layout-constrained wp-block-group-is-layout-constrained\" style=\"padding-top:var(--wp--preset--spacing--70);padding-bottom:var(--wp--preset--spacing--70)\">\n<p class=\"has-text-align-center has-white-color has-text-color has-link-color has-paralucent-font-family wp-elements-64e0a41a3702e4c752043748e6d1a1e3\" style=\"font-size:clamp(2.876rem, 2.876rem + ((1vw - 0.2rem) * 4.175), 5.6rem);\">Get your QuietOn<\/p>\n<\/div>\n\n\n\n<div class=\"wp-block-group has-global-padding is-content-justification-center is-layout-constrained wp-block-group-is-layout-constrained\">\n\n\n<div class=\"wp-block-geotargeting-pro-gutenberg-country\">\n<div class=\"wp-block-uagb-buttons uagb-buttons__outer-wrap uagb-btn__default-btn uagb-btn-tablet__default-btn uagb-btn-mobile__default-btn uagb-block-2c9c6512\"><div class=\"uagb-buttons__wrap uagb-buttons-layout-wrap \">\n<div class=\"wp-block-uagb-buttons-child uagb-buttons__outer-wrap uagb-block-5092a7f9 wp-block-button\"><div class=\"uagb-button__wrapper\"><a class=\"uagb-buttons-repeater wp-block-button__link\" aria-label=\"\" href=\"https:\/\/quieton.com\/de\/wo-kaufen\/\" rel=\"follow noopener\" target=\"_self\" role=\"button\"><div class=\"uagb-button__link\">WO KAUFEN?<\/div><\/a><\/div><\/div>\n<\/div><\/div>\n<\/div>\n<\/div>\n<\/div><\/div>\n<\/div>\n","protected":false},"excerpt":{"rendered":"<p>Soundless Ltd \u2013 Innovation f\u00fcr Ruhe und die Zukunft besseren Schlafs Soundless Ltd ist ein finnisches Technologieunternehmen, das sich darauf konzentriert, die Grenzen der aktiven Ger\u00e4uschunterdr\u00fcckung zu erweitern. Wir entwickeln L\u00f6sungen, die Menschen helfen, besser zu schlafen, besser zu leben und sich besser zu f\u00fchlen \u2013 \u00fcberall dort, wo Ruhe am wichtigsten ist. Im Jahr [&hellip;]<\/p>\n","protected":false},"author":12,"featured_media":0,"parent":0,"menu_order":8,"comment_status":"closed","ping_status":"closed","template":"2025-default","meta":{"_acf_changed":false,"_uag_custom_page_level_css":"","footnotes":""},"class_list":["post-222348994","page","type-page","status-publish","hentry"],"acf":[],"yoast_head":"<!-- This site is optimized with the Yoast SEO plugin v27.3 - https:\/\/yoast.com\/product\/yoast-seo-wordpress\/ -->\n<title>Our story - QuietOn<\/title>\n<meta name=\"description\" content=\"Entdecke die Geschichte von QuietOn: wie das finnische Unternehmen Soundless Ltd die QuietOn\u2011Mission neu belebt hat und weltweit f\u00fchrende ANC\u2011Schlaf\u2011Earbuds entwickelte \u2013 inspiriert von einem Moment tiefgreifender Stille.\" \/>\n<meta name=\"robots\" content=\"index, follow, max-snippet:-1, max-image-preview:large, max-video-preview:-1\" \/>\n<link rel=\"canonical\" href=\"https:\/\/quieton.com\/de\/our-story\/\" \/>\n<meta property=\"og:locale\" content=\"de_DE\" \/>\n<meta property=\"og:type\" content=\"article\" \/>\n<meta property=\"og:title\" content=\"Our story - QuietOn\" \/>\n<meta property=\"og:description\" content=\"Entdecke die Geschichte von QuietOn: wie das finnische Unternehmen Soundless Ltd die QuietOn\u2011Mission neu belebt hat und weltweit f\u00fchrende ANC\u2011Schlaf\u2011Earbuds entwickelte \u2013 inspiriert von einem Moment tiefgreifender Stille.\" \/>\n<meta property=\"og:url\" content=\"https:\/\/quieton.com\/de\/our-story\/\" \/>\n<meta property=\"og:site_name\" content=\"QuietOn\" \/>\n<meta property=\"article:modified_time\" content=\"2026-02-11T08:13:20+00:00\" \/>\n<meta property=\"og:image\" content=\"https:\/\/quieton.com\/wp-content\/uploads\/2026\/01\/QuietOn-4-x-Comply-Square-3.jpg\" \/>\n\t<meta property=\"og:image:width\" content=\"1080\" \/>\n\t<meta property=\"og:image:height\" content=\"1080\" \/>\n\t<meta property=\"og:image:type\" content=\"image\/jpeg\" \/>\n<meta name=\"twitter:card\" content=\"summary_large_image\" \/>\n<meta name=\"twitter:label1\" content=\"Gesch\u00e4tzte Lesezeit\" \/>\n\t<meta name=\"twitter:data1\" content=\"3\u00a0Minuten\" \/>\n<script type=\"application\/ld+json\" class=\"yoast-schema-graph\">{\"@context\":\"https:\\\/\\\/schema.org\",\"@graph\":[{\"@type\":\"WebPage\",\"@id\":\"https:\\\/\\\/quieton.com\\\/de\\\/our-story\\\/\",\"url\":\"https:\\\/\\\/quieton.com\\\/de\\\/our-story\\\/\",\"name\":\"Our story - QuietOn\",\"isPartOf\":{\"@id\":\"https:\\\/\\\/quieton.com\\\/de\\\/#website\"},\"primaryImageOfPage\":{\"@id\":\"https:\\\/\\\/quieton.com\\\/de\\\/our-story\\\/#primaryimage\"},\"image\":{\"@id\":\"https:\\\/\\\/quieton.com\\\/de\\\/our-story\\\/#primaryimage\"},\"thumbnailUrl\":\"https:\\\/\\\/quieton.com\\\/wp-content\\\/uploads\\\/2026\\\/01\\\/QuietOn-4-x-Comply-Square-3.jpg\",\"datePublished\":\"2026-02-06T13:22:15+00:00\",\"dateModified\":\"2026-02-11T08:13:20+00:00\",\"description\":\"Entdecke die Geschichte von QuietOn: wie das finnische Unternehmen Soundless Ltd die QuietOn\u2011Mission neu belebt hat und weltweit f\u00fchrende ANC\u2011Schlaf\u2011Earbuds entwickelte \u2013 inspiriert von einem Moment tiefgreifender Stille.\",\"breadcrumb\":{\"@id\":\"https:\\\/\\\/quieton.com\\\/de\\\/our-story\\\/#breadcrumb\"},\"inLanguage\":\"de\",\"potentialAction\":[{\"@type\":\"ReadAction\",\"target\":[\"https:\\\/\\\/quieton.com\\\/de\\\/our-story\\\/\"]}]},{\"@type\":\"ImageObject\",\"inLanguage\":\"de\",\"@id\":\"https:\\\/\\\/quieton.com\\\/de\\\/our-story\\\/#primaryimage\",\"url\":\"https:\\\/\\\/quieton.com\\\/wp-content\\\/uploads\\\/2026\\\/01\\\/QuietOn-4-x-Comply-Square-3.jpg\",\"contentUrl\":\"https:\\\/\\\/quieton.com\\\/wp-content\\\/uploads\\\/2026\\\/01\\\/QuietOn-4-x-Comply-Square-3.jpg\"},{\"@type\":\"BreadcrumbList\",\"@id\":\"https:\\\/\\\/quieton.com\\\/de\\\/our-story\\\/#breadcrumb\",\"itemListElement\":[{\"@type\":\"ListItem\",\"position\":1,\"name\":\"Home\",\"item\":\"https:\\\/\\\/quieton.com\\\/de\\\/\"},{\"@type\":\"ListItem\",\"position\":2,\"name\":\"Our story\"}]},{\"@type\":\"WebSite\",\"@id\":\"https:\\\/\\\/quieton.com\\\/de\\\/#website\",\"url\":\"https:\\\/\\\/quieton.com\\\/de\\\/\",\"name\":\"QuietOn\",\"description\":\"\",\"publisher\":{\"@id\":\"https:\\\/\\\/quieton.com\\\/de\\\/#organization\"},\"potentialAction\":[{\"@type\":\"SearchAction\",\"target\":{\"@type\":\"EntryPoint\",\"urlTemplate\":\"https:\\\/\\\/quieton.com\\\/de\\\/?s={search_term_string}\"},\"query-input\":{\"@type\":\"PropertyValueSpecification\",\"valueRequired\":true,\"valueName\":\"search_term_string\"}}],\"inLanguage\":\"de\"},{\"@type\":\"Organization\",\"@id\":\"https:\\\/\\\/quieton.com\\\/de\\\/#organization\",\"name\":\"QuietOn\",\"url\":\"https:\\\/\\\/quieton.com\\\/de\\\/\",\"logo\":{\"@type\":\"ImageObject\",\"inLanguage\":\"de\",\"@id\":\"https:\\\/\\\/quieton.com\\\/de\\\/#\\\/schema\\\/logo\\\/image\\\/\",\"url\":\"\",\"contentUrl\":\"\",\"caption\":\"QuietOn\"},\"image\":{\"@id\":\"https:\\\/\\\/quieton.com\\\/de\\\/#\\\/schema\\\/logo\\\/image\\\/\"}}]}<\/script>\n<!-- \/ Yoast SEO plugin. -->","yoast_head_json":{"title":"Our story - QuietOn","description":"Entdecke die Geschichte von QuietOn: wie das finnische Unternehmen Soundless Ltd die QuietOn\u2011Mission neu belebt hat und weltweit f\u00fchrende ANC\u2011Schlaf\u2011Earbuds entwickelte \u2013 inspiriert von einem Moment tiefgreifender Stille.","robots":{"index":"index","follow":"follow","max-snippet":"max-snippet:-1","max-image-preview":"max-image-preview:large","max-video-preview":"max-video-preview:-1"},"canonical":"https:\/\/quieton.com\/de\/our-story\/","og_locale":"de_DE","og_type":"article","og_title":"Our story - QuietOn","og_description":"Entdecke die Geschichte von QuietOn: wie das finnische Unternehmen Soundless Ltd die QuietOn\u2011Mission neu belebt hat und weltweit f\u00fchrende ANC\u2011Schlaf\u2011Earbuds entwickelte \u2013 inspiriert von einem Moment tiefgreifender Stille.","og_url":"https:\/\/quieton.com\/de\/our-story\/","og_site_name":"QuietOn","article_modified_time":"2026-02-11T08:13:20+00:00","og_image":[{"width":1080,"height":1080,"url":"https:\/\/quieton.com\/wp-content\/uploads\/2026\/01\/QuietOn-4-x-Comply-Square-3.jpg","type":"image\/jpeg"}],"twitter_card":"summary_large_image","twitter_misc":{"Gesch\u00e4tzte Lesezeit":"3\u00a0Minuten"},"schema":{"@context":"https:\/\/schema.org","@graph":[{"@type":"WebPage","@id":"https:\/\/quieton.com\/de\/our-story\/","url":"https:\/\/quieton.com\/de\/our-story\/","name":"Our story - QuietOn","isPartOf":{"@id":"https:\/\/quieton.com\/de\/#website"},"primaryImageOfPage":{"@id":"https:\/\/quieton.com\/de\/our-story\/#primaryimage"},"image":{"@id":"https:\/\/quieton.com\/de\/our-story\/#primaryimage"},"thumbnailUrl":"https:\/\/quieton.com\/wp-content\/uploads\/2026\/01\/QuietOn-4-x-Comply-Square-3.jpg","datePublished":"2026-02-06T13:22:15+00:00","dateModified":"2026-02-11T08:13:20+00:00","description":"Entdecke die Geschichte von QuietOn: wie das finnische Unternehmen Soundless Ltd die QuietOn\u2011Mission neu belebt hat und weltweit f\u00fchrende ANC\u2011Schlaf\u2011Earbuds entwickelte \u2013 inspiriert von einem Moment tiefgreifender Stille.","breadcrumb":{"@id":"https:\/\/quieton.com\/de\/our-story\/#breadcrumb"},"inLanguage":"de","potentialAction":[{"@type":"ReadAction","target":["https:\/\/quieton.com\/de\/our-story\/"]}]},{"@type":"ImageObject","inLanguage":"de","@id":"https:\/\/quieton.com\/de\/our-story\/#primaryimage","url":"https:\/\/quieton.com\/wp-content\/uploads\/2026\/01\/QuietOn-4-x-Comply-Square-3.jpg","contentUrl":"https:\/\/quieton.com\/wp-content\/uploads\/2026\/01\/QuietOn-4-x-Comply-Square-3.jpg"},{"@type":"BreadcrumbList","@id":"https:\/\/quieton.com\/de\/our-story\/#breadcrumb","itemListElement":[{"@type":"ListItem","position":1,"name":"Home","item":"https:\/\/quieton.com\/de\/"},{"@type":"ListItem","position":2,"name":"Our story"}]},{"@type":"WebSite","@id":"https:\/\/quieton.com\/de\/#website","url":"https:\/\/quieton.com\/de\/","name":"QuietOn","description":"","publisher":{"@id":"https:\/\/quieton.com\/de\/#organization"},"potentialAction":[{"@type":"SearchAction","target":{"@type":"EntryPoint","urlTemplate":"https:\/\/quieton.com\/de\/?s={search_term_string}"},"query-input":{"@type":"PropertyValueSpecification","valueRequired":true,"valueName":"search_term_string"}}],"inLanguage":"de"},{"@type":"Organization","@id":"https:\/\/quieton.com\/de\/#organization","name":"QuietOn","url":"https:\/\/quieton.com\/de\/","logo":{"@type":"ImageObject","inLanguage":"de","@id":"https:\/\/quieton.com\/de\/#\/schema\/logo\/image\/","url":"","contentUrl":"","caption":"QuietOn"},"image":{"@id":"https:\/\/quieton.com\/de\/#\/schema\/logo\/image\/"}}]}},"uagb_featured_image_src":{"full":false,"thumbnail":false,"medium":false,"medium_large":false,"large":false,"tf-client-image-size":false,"1536x1536":false,"2048x2048":false,"woocommerce_thumbnail":false,"woocommerce_single":false,"woocommerce_gallery_thumbnail":false},"uagb_author_info":{"display_name":"Janne Kyll\u00f6nen","author_link":"https:\/\/quieton.com\/de\/author\/janne\/"},"uagb_comment_info":0,"uagb_excerpt":"Soundless Ltd \u2013 Innovation f\u00fcr Ruhe und die Zukunft besseren Schlafs Soundless Ltd ist ein finnisches Technologieunternehmen, das sich darauf konzentriert, die Grenzen der aktiven Ger\u00e4uschunterdr\u00fcckung zu erweitern. Wir entwickeln L\u00f6sungen, die Menschen helfen, besser zu schlafen, besser zu leben und sich besser zu f\u00fchlen \u2013 \u00fcberall dort, wo Ruhe am wichtigsten ist. Im Jahr&hellip;","_links":{"self":[{"href":"https:\/\/quieton.com\/de\/wp-json\/wp\/v2\/pages\/222348994","targetHints":{"allow":["GET"]}}],"collection":[{"href":"https:\/\/quieton.com\/de\/wp-json\/wp\/v2\/pages"}],"about":[{"href":"https:\/\/quieton.com\/de\/wp-json\/wp\/v2\/types\/page"}],"author":[{"embeddable":true,"href":"https:\/\/quieton.com\/de\/wp-json\/wp\/v2\/users\/12"}],"replies":[{"embeddable":true,"href":"https:\/\/quieton.com\/de\/wp-json\/wp\/v2\/comments?post=222348994"}],"version-history":[{"count":2,"href":"https:\/\/quieton.com\/de\/wp-json\/wp\/v2\/pages\/222348994\/revisions"}],"predecessor-version":[{"id":222349092,"href":"https:\/\/quieton.com\/de\/wp-json\/wp\/v2\/pages\/222348994\/revisions\/222349092"}],"wp:attachment":[{"href":"https:\/\/quieton.com\/de\/wp-json\/wp\/v2\/media?parent=222348994"}],"curies":[{"name":"wp","href":"https:\/\/api.w.org\/{rel}","templated":true}]}}