{"id":222348939,"date":"2026-02-06T13:43:49","date_gmt":"2026-02-06T11:43:49","guid":{"rendered":"https:\/\/quieton.com\/reinigung-wartung\/"},"modified":"2026-02-06T15:14:01","modified_gmt":"2026-02-06T13:14:01","slug":"reinigung-wartung","status":"publish","type":"page","link":"https:\/\/quieton.com\/de\/quieton-faq\/reinigung-wartung\/","title":{"rendered":"Reinigung &amp; Wartung"},"content":{"rendered":"\n<div class=\"wp-block-group alignfull has-global-padding is-layout-constrained wp-block-group-is-layout-constrained\">\n<div class=\"wp-block-cover alignfull\" style=\"margin-top:0;margin-bottom:0;padding-top:var(--wp--preset--spacing--30);padding-right:var(--wp--preset--spacing--50);padding-bottom:var(--wp--preset--spacing--30);padding-left:var(--wp--preset--spacing--50)\"><img loading=\"lazy\" decoding=\"async\" width=\"1400\" height=\"303\" class=\"wp-block-cover__image-background wp-image-222348555 size-full\" alt=\"\" src=\"https:\/\/quieton.com\/wp-content\/uploads\/2026\/01\/FAQ.jpg\" data-object-fit=\"cover\" srcset=\"https:\/\/quieton.com\/wp-content\/uploads\/2026\/01\/FAQ.jpg 1400w, https:\/\/quieton.com\/wp-content\/uploads\/2026\/01\/FAQ-640x139.jpg 640w, https:\/\/quieton.com\/wp-content\/uploads\/2026\/01\/FAQ-768x166.jpg 768w, https:\/\/quieton.com\/wp-content\/uploads\/2026\/01\/FAQ-360x78.jpg 360w, https:\/\/quieton.com\/wp-content\/uploads\/2026\/01\/FAQ-530x115.jpg 530w\" sizes=\"auto, (max-width: 1400px) 100vw, 1400px\" \/><span aria-hidden=\"true\" class=\"wp-block-cover__background has-background-dim-0 has-background-dim has-background-gradient\" style=\"background-color:#3a3d42;background:linear-gradient(90deg,rgba(163,139,51,0) 0%,rgb(150,127,33) 57%,rgb(94,93,13) 100%)\"><\/span><div class=\"wp-block-cover__inner-container is-layout-flow wp-block-cover-is-layout-flow\">\n<div class=\"wp-block-group has-global-padding is-content-justification-center is-layout-constrained wp-container-core-group-is-layout-3b8af504 wp-block-group-is-layout-constrained\" style=\"padding-top:var(--wp--preset--spacing--70);padding-bottom:var(--wp--preset--spacing--70)\">\n<h2 class=\"wp-block-heading has-text-align-center has-white-color has-text-color has-link-color has-paralucent-font-family wp-elements-948699981e7e26dbf996a89fad6fa272\" style=\"margin-bottom:0;padding-top:0;padding-bottom:0;font-size:clamp(2.31rem, 2.31rem + ((1vw - 0.2rem) * 2.973), 4.25rem);\">Friedlicher Schlaf beginnt hier \u2013 FAQ<\/h2>\n<\/div>\n<\/div><\/div>\n<\/div>\n\n<div class=\"wp-block-uagb-container uagb-block-0a6d3565 alignfull uagb-is-root-container\"><div class=\"uagb-container-inner-blocks-wrap\">\n<div class=\"wp-block-group has-global-padding is-layout-constrained wp-block-group-is-layout-constrained\" style=\"padding-top:0;padding-bottom:var(--wp--preset--spacing--60)\"><div class=\"yoast-breadcrumbs\"><span><span><a href=\"https:\/\/quieton.com\/de\/\">Home<\/a><\/span> \u00bb <span><a href=\"https:\/\/quieton.com\/de\/quieton-faq\/\">QuietOn FAQ<\/a><\/span> \u00bb <span class=\"breadcrumb_last\" aria-current=\"page\">Reinigung &amp; Wartung<\/span><\/span><\/div>\n\n\n<h2 class=\"wp-block-heading has-text-align-left has-paralucent-font-family\" id=\"h-safety\" style=\"padding-bottom:var(--wp--preset--spacing--30)\">Reinigung &amp; Wartung<\/h2>\n\n\n<div class=\"wp-block-uagb-faq uagb-faq__outer-wrap uagb-block-1dce662e uagb-faq-icon-row-reverse uagb-faq-layout-accordion uagb-faq-expand-first-false uagb-faq-inactive-other-true uagb-faq__wrap uagb-buttons-layout-wrap uagb-faq-equal-height     \" data-faqtoggle=\"true\" role=\"tablist\"><div class=\"wp-block-uagb-faq-child uagb-faq-child__outer-wrap uagb-faq-item uagb-block-042fefe0 \" role=\"tab\" tabindex=\"0\"><div class=\"uagb-faq-questions-button uagb-faq-questions\">\t\t\t<span class=\"uagb-icon uagb-faq-icon-wrap\">\n\t\t\t\t\t\t\t\t<svg xmlns=\"https:\/\/www.w3.org\/2000\/svg\" viewBox= \"0 0 448 512\"><path d=\"M432 256c0 17.69-14.33 32.01-32 32.01H256v144c0 17.69-14.33 31.99-32 31.99s-32-14.3-32-31.99v-144H48c-17.67 0-32-14.32-32-32.01s14.33-31.99 32-31.99H192v-144c0-17.69 14.33-32.01 32-32.01s32 14.32 32 32.01v144h144C417.7 224 432 238.3 432 256z\"><\/path><\/svg>\n\t\t\t\t\t\t\t<\/span>\n\t\t\t\t\t\t<span class=\"uagb-icon-active uagb-faq-icon-wrap\">\n\t\t\t\t\t\t\t\t<svg xmlns=\"https:\/\/www.w3.org\/2000\/svg\" viewBox= \"0 0 448 512\"><path d=\"M400 288h-352c-17.69 0-32-14.32-32-32.01s14.31-31.99 32-31.99h352c17.69 0 32 14.3 32 31.99S417.7 288 400 288z\"><\/path><\/svg>\n\t\t\t\t\t\t\t<\/span>\n\t\t\t<span class=\"uagb-question\">Wie reinige ich mein QuietOn\u2011Ger\u00e4t?<\/span><\/div><div class=\"uagb-faq-content\"><p>Ohrst\u00f6psel:<br>Wischen Sie die Ohrst\u00f6psel mit einem trockenen Tuch ab und stellen Sie sicher, dass Ihre Ohren vor dem Gebrauch sauber sind, da Ohrenschmalz die Ger\u00e4uschunterdr\u00fcckung beeintr\u00e4chtigen kann. Tauchen Sie sie niemals in Wasser und verwenden Sie keine Chemikalien.<br>Ladeetui:<br>Reinigen Sie das Innere mit trockenen Wattest\u00e4bchen und das \u00c4u\u00dfere mit einem weichen, trockenen oder leicht feuchten Tuch. Vermeiden Sie es, die Ladekontakte oder den USB\u2011Anschluss zu verbiegen.<br>Schaumaufs\u00e4tze:<br>Sanft mit einem weichen, feuchten Tuch oder einem trockenen Papiertuch abwischen. Nicht einweichen und keine Reinigungsmittel, Chemikalien oder L\u00f6sungsmittel verwenden.   <\/p><\/div><\/div><div class=\"wp-block-uagb-faq-child uagb-faq-child__outer-wrap uagb-faq-item uagb-block-cc84c75a \" role=\"tab\" tabindex=\"0\"><div class=\"uagb-faq-questions-button uagb-faq-questions\">\t\t\t<span class=\"uagb-icon uagb-faq-icon-wrap\">\n\t\t\t\t\t\t\t\t<svg xmlns=\"https:\/\/www.w3.org\/2000\/svg\" viewBox= \"0 0 448 512\"><path d=\"M432 256c0 17.69-14.33 32.01-32 32.01H256v144c0 17.69-14.33 31.99-32 31.99s-32-14.3-32-31.99v-144H48c-17.67 0-32-14.32-32-32.01s14.33-31.99 32-31.99H192v-144c0-17.69 14.33-32.01 32-32.01s32 14.32 32 32.01v144h144C417.7 224 432 238.3 432 256z\"><\/path><\/svg>\n\t\t\t\t\t\t\t<\/span>\n\t\t\t\t\t\t<span class=\"uagb-icon-active uagb-faq-icon-wrap\">\n\t\t\t\t\t\t\t\t<svg xmlns=\"https:\/\/www.w3.org\/2000\/svg\" viewBox= \"0 0 448 512\"><path d=\"M400 288h-352c-17.69 0-32-14.32-32-32.01s14.31-31.99 32-31.99h352c17.69 0 32 14.3 32 31.99S417.7 288 400 288z\"><\/path><\/svg>\n\t\t\t\t\t\t\t<\/span>\n\t\t\t<span class=\"uagb-question\">Wie pflege ich mein QuietOn 4 f\u00fcr eine langfristige Nutzung?<\/span><\/div><div class=\"uagb-faq-content\"><p>Regelm\u00e4\u00dfiges Laden: Laden Sie die Ohrst\u00f6psel und das Etui mindestens alle 50 Tage, auch wenn sie nicht benutzt werden.<br>Richtige Aufbewahrung: Bewahren Sie die Ohrst\u00f6psel im Ladeetui auf, um sie zu sch\u00fctzen und die Batterielebensdauer zu erhalten.<br>Extreme Bedingungen vermeiden: Sch\u00fctzen Sie das Ger\u00e4t vor \u00fcberm\u00e4\u00dfiger Hitze, Feuchtigkeit oder N\u00e4sse.<br>Austausch der Aufs\u00e4tze: Ersetzen Sie die Schaumaufs\u00e4tze regelm\u00e4\u00dfig f\u00fcr Komfort und optimale Ger\u00e4uschunterdr\u00fcckung.<\/p><\/div><\/div><\/div><\/div>\n<\/div><\/div>\n\n<div class=\"wp-block-group alignfull has-global-padding is-layout-constrained wp-block-group-is-layout-constrained\" style=\"margin-bottom:0;padding-bottom:0\">\n<div class=\"wp-block-cover alignfull uag-hide-mob\" style=\"padding-top:var(--wp--preset--spacing--30);padding-right:var(--wp--preset--spacing--30);padding-bottom:0;padding-left:var(--wp--preset--spacing--30);min-height:669px;aspect-ratio:unset;\"><img loading=\"lazy\" decoding=\"async\" width=\"1440\" height=\"535\" class=\"wp-block-cover__image-background wp-image-222349299 size-large\" alt=\"\" src=\"https:\/\/quieton.com\/wp-content\/uploads\/2026\/02\/footer-1440x535.png\" style=\"object-position:49% 28%\" data-object-fit=\"cover\" data-object-position=\"49% 28%\" srcset=\"https:\/\/quieton.com\/wp-content\/uploads\/2026\/02\/footer-1440x535.png 1440w, https:\/\/quieton.com\/wp-content\/uploads\/2026\/02\/footer-640x238.png 640w, https:\/\/quieton.com\/wp-content\/uploads\/2026\/02\/footer-768x285.png 768w, https:\/\/quieton.com\/wp-content\/uploads\/2026\/02\/footer-1536x571.png 1536w, https:\/\/quieton.com\/wp-content\/uploads\/2026\/02\/footer-360x134.png 360w, https:\/\/quieton.com\/wp-content\/uploads\/2026\/02\/footer-530x197.png 530w, https:\/\/quieton.com\/wp-content\/uploads\/2026\/02\/footer.png 2000w\" sizes=\"auto, (max-width: 1440px) 100vw, 1440px\" \/><span aria-hidden=\"true\" class=\"wp-block-cover__background has-background-dim-0 has-background-dim has-background-gradient\" style=\"background-color:#4e3e34;background:linear-gradient(90deg,rgba(255,255,255,0.16) 39%,rgb(243,243,243) 66%)\"><\/span><div class=\"wp-block-cover__inner-container is-layout-flow wp-container-core-cover-is-layout-644bd98e wp-block-cover-is-layout-flow\">\n<div class=\"wp-block-group has-global-padding is-content-justification-center is-layout-constrained wp-block-group-is-layout-constrained\" style=\"padding-top:var(--wp--preset--spacing--70);padding-bottom:var(--wp--preset--spacing--70)\">\n<p class=\"has-text-align-center has-white-color has-text-color has-link-color has-paralucent-font-family wp-elements-64e0a41a3702e4c752043748e6d1a1e3\" style=\"font-size:clamp(2.876rem, 2.876rem + ((1vw - 0.2rem) * 4.175), 5.6rem);\">Get your QuietOn<\/p>\n<\/div>\n\n\n\n<div class=\"wp-block-group has-global-padding is-content-justification-center is-layout-constrained wp-block-group-is-layout-constrained\">\n\n\n<div class=\"wp-block-geotargeting-pro-gutenberg-country\">\n<div class=\"wp-block-uagb-buttons uagb-buttons__outer-wrap uagb-btn__default-btn uagb-btn-tablet__default-btn uagb-btn-mobile__default-btn uagb-block-2c9c6512\"><div class=\"uagb-buttons__wrap uagb-buttons-layout-wrap \">\n<div class=\"wp-block-uagb-buttons-child uagb-buttons__outer-wrap uagb-block-5092a7f9 wp-block-button\"><div class=\"uagb-button__wrapper\"><a class=\"uagb-buttons-repeater wp-block-button__link\" aria-label=\"\" href=\"https:\/\/quieton.com\/de\/wo-kaufen\/\" rel=\"follow noopener\" target=\"_self\" role=\"button\"><div class=\"uagb-button__link\">WO KAUFEN?<\/div><\/a><\/div><\/div>\n<\/div><\/div>\n<\/div>\n<\/div>\n<\/div><\/div>\n\n\n\n<div class=\"wp-block-cover alignfull uag-hide-desktop uag-hide-tab\" style=\"padding-top:var(--wp--preset--spacing--30);padding-right:var(--wp--preset--spacing--30);padding-bottom:0;padding-left:var(--wp--preset--spacing--30);min-height:669px;aspect-ratio:unset;\"><img loading=\"lazy\" decoding=\"async\" width=\"1440\" height=\"535\" class=\"wp-block-cover__image-background wp-image-222349299 size-large\" alt=\"\" src=\"https:\/\/quieton.com\/wp-content\/uploads\/2026\/02\/footer-1440x535.png\" style=\"object-position:56% 21%\" data-object-fit=\"cover\" data-object-position=\"56% 21%\" srcset=\"https:\/\/quieton.com\/wp-content\/uploads\/2026\/02\/footer-1440x535.png 1440w, https:\/\/quieton.com\/wp-content\/uploads\/2026\/02\/footer-640x238.png 640w, https:\/\/quieton.com\/wp-content\/uploads\/2026\/02\/footer-768x285.png 768w, https:\/\/quieton.com\/wp-content\/uploads\/2026\/02\/footer-1536x571.png 1536w, https:\/\/quieton.com\/wp-content\/uploads\/2026\/02\/footer-360x134.png 360w, https:\/\/quieton.com\/wp-content\/uploads\/2026\/02\/footer-530x197.png 530w, https:\/\/quieton.com\/wp-content\/uploads\/2026\/02\/footer.png 2000w\" sizes=\"auto, (max-width: 1440px) 100vw, 1440px\" \/><span aria-hidden=\"true\" class=\"wp-block-cover__background has-background-dim-0 has-background-dim has-background-gradient\" style=\"background-color:#4e3e34;background:linear-gradient(90deg,rgba(255,255,255,0.16) 39%,rgb(243,243,243) 66%)\"><\/span><div class=\"wp-block-cover__inner-container is-layout-flow wp-container-core-cover-is-layout-644bd98e wp-block-cover-is-layout-flow\">\n<div class=\"wp-block-group has-global-padding is-content-justification-center is-layout-constrained wp-block-group-is-layout-constrained\" style=\"padding-top:var(--wp--preset--spacing--70);padding-bottom:var(--wp--preset--spacing--70)\">\n<p class=\"has-text-align-center has-white-color has-text-color has-link-color has-paralucent-font-family wp-elements-64e0a41a3702e4c752043748e6d1a1e3\" style=\"font-size:clamp(2.876rem, 2.876rem + ((1vw - 0.2rem) * 4.175), 5.6rem);\">Get your QuietOn<\/p>\n<\/div>\n\n\n\n<div class=\"wp-block-group has-global-padding is-content-justification-center is-layout-constrained wp-block-group-is-layout-constrained\">\n\n\n<div class=\"wp-block-geotargeting-pro-gutenberg-country\">\n<div class=\"wp-block-uagb-buttons uagb-buttons__outer-wrap uagb-btn__default-btn uagb-btn-tablet__default-btn uagb-btn-mobile__default-btn uagb-block-2c9c6512\"><div class=\"uagb-buttons__wrap uagb-buttons-layout-wrap \">\n<div class=\"wp-block-uagb-buttons-child uagb-buttons__outer-wrap uagb-block-5092a7f9 wp-block-button\"><div class=\"uagb-button__wrapper\"><a class=\"uagb-buttons-repeater wp-block-button__link\" aria-label=\"\" href=\"https:\/\/quieton.com\/de\/wo-kaufen\/\" rel=\"follow noopener\" target=\"_self\" role=\"button\"><div class=\"uagb-button__link\">WO KAUFEN?<\/div><\/a><\/div><\/div>\n<\/div><\/div>\n<\/div>\n<\/div>\n<\/div><\/div>\n<\/div>\n","protected":false},"excerpt":{"rendered":"<p>Reinigung &amp; Wartung<\/p>\n","protected":false},"author":283,"featured_media":222348932,"parent":222348959,"menu_order":0,"comment_status":"closed","ping_status":"closed","template":"wp-custom-template-oletus-template","meta":{"_acf_changed":false,"_uag_custom_page_level_css":"","footnotes":""},"class_list":["post-222348939","page","type-page","status-publish","has-post-thumbnail","hentry"],"acf":[],"yoast_head":"<!-- This site is optimized with the Yoast SEO plugin v27.3 - https:\/\/yoast.com\/product\/yoast-seo-wordpress\/ -->\n<title>Reinigung &amp; Wartung - QuietOn<\/title>\n<meta name=\"description\" content=\"Lerne, wie du QuietOn\u2011Schlaf\u2011Earbuds reinigst und pflegst \u2013 sichere Reinigungsschritte, Pflege der Schaumaufs\u00e4tze, Wartung des Ladeetuis und langfristige Tipps f\u00fcr die beste Leistung.\" \/>\n<meta name=\"robots\" content=\"index, follow, max-snippet:-1, max-image-preview:large, max-video-preview:-1\" \/>\n<link rel=\"canonical\" href=\"https:\/\/quieton.com\/de\/quieton-faq\/reinigung-wartung\/\" \/>\n<meta property=\"og:locale\" content=\"de_DE\" \/>\n<meta property=\"og:type\" content=\"article\" \/>\n<meta property=\"og:title\" content=\"Reinigung &amp; Wartung - QuietOn\" \/>\n<meta property=\"og:description\" content=\"Lerne, wie du QuietOn\u2011Schlaf\u2011Earbuds reinigst und pflegst \u2013 sichere Reinigungsschritte, Pflege der Schaumaufs\u00e4tze, Wartung des Ladeetuis und langfristige Tipps f\u00fcr die beste Leistung.\" \/>\n<meta property=\"og:url\" content=\"https:\/\/quieton.com\/de\/quieton-faq\/reinigung-wartung\/\" \/>\n<meta property=\"og:site_name\" content=\"QuietOn\" \/>\n<meta property=\"article:modified_time\" content=\"2026-02-06T13:14:01+00:00\" \/>\n<meta property=\"og:image\" content=\"https:\/\/quieton.com\/wp-content\/uploads\/2025\/04\/buds-case-peach-hue-1-loRes-1.jpg\" \/>\n\t<meta property=\"og:image:width\" content=\"1680\" \/>\n\t<meta property=\"og:image:height\" content=\"694\" \/>\n\t<meta property=\"og:image:type\" content=\"image\/jpeg\" \/>\n<meta name=\"twitter:card\" content=\"summary_large_image\" \/>\n<script type=\"application\/ld+json\" class=\"yoast-schema-graph\">{\"@context\":\"https:\\\/\\\/schema.org\",\"@graph\":[{\"@type\":\"WebPage\",\"@id\":\"https:\\\/\\\/quieton.com\\\/de\\\/quieton-faq\\\/reinigung-wartung\\\/\",\"url\":\"https:\\\/\\\/quieton.com\\\/de\\\/quieton-faq\\\/reinigung-wartung\\\/\",\"name\":\"Reinigung &amp; Wartung - QuietOn\",\"isPartOf\":{\"@id\":\"https:\\\/\\\/quieton.com\\\/de\\\/#website\"},\"primaryImageOfPage\":{\"@id\":\"https:\\\/\\\/quieton.com\\\/de\\\/quieton-faq\\\/reinigung-wartung\\\/#primaryimage\"},\"image\":{\"@id\":\"https:\\\/\\\/quieton.com\\\/de\\\/quieton-faq\\\/reinigung-wartung\\\/#primaryimage\"},\"thumbnailUrl\":\"https:\\\/\\\/quieton.com\\\/wp-content\\\/uploads\\\/2025\\\/04\\\/buds-case-peach-hue-1-loRes-1.jpg\",\"datePublished\":\"2026-02-06T11:43:49+00:00\",\"dateModified\":\"2026-02-06T13:14:01+00:00\",\"description\":\"Lerne, wie du QuietOn\u2011Schlaf\u2011Earbuds reinigst und pflegst \u2013 sichere Reinigungsschritte, Pflege der Schaumaufs\u00e4tze, Wartung des Ladeetuis und langfristige Tipps f\u00fcr die beste Leistung.\",\"breadcrumb\":{\"@id\":\"https:\\\/\\\/quieton.com\\\/de\\\/quieton-faq\\\/reinigung-wartung\\\/#breadcrumb\"},\"inLanguage\":\"de\",\"potentialAction\":[{\"@type\":\"ReadAction\",\"target\":[\"https:\\\/\\\/quieton.com\\\/de\\\/quieton-faq\\\/reinigung-wartung\\\/\"]}]},{\"@type\":\"ImageObject\",\"inLanguage\":\"de\",\"@id\":\"https:\\\/\\\/quieton.com\\\/de\\\/quieton-faq\\\/reinigung-wartung\\\/#primaryimage\",\"url\":\"https:\\\/\\\/quieton.com\\\/wp-content\\\/uploads\\\/2025\\\/04\\\/buds-case-peach-hue-1-loRes-1.jpg\",\"contentUrl\":\"https:\\\/\\\/quieton.com\\\/wp-content\\\/uploads\\\/2025\\\/04\\\/buds-case-peach-hue-1-loRes-1.jpg\",\"width\":1680,\"height\":694},{\"@type\":\"BreadcrumbList\",\"@id\":\"https:\\\/\\\/quieton.com\\\/de\\\/quieton-faq\\\/reinigung-wartung\\\/#breadcrumb\",\"itemListElement\":[{\"@type\":\"ListItem\",\"position\":1,\"name\":\"Home\",\"item\":\"https:\\\/\\\/quieton.com\\\/de\\\/\"},{\"@type\":\"ListItem\",\"position\":2,\"name\":\"QuietOn FAQ\",\"item\":\"https:\\\/\\\/quieton.com\\\/de\\\/quieton-faq\\\/\"},{\"@type\":\"ListItem\",\"position\":3,\"name\":\"Reinigung &amp; Wartung\"}]},{\"@type\":\"WebSite\",\"@id\":\"https:\\\/\\\/quieton.com\\\/de\\\/#website\",\"url\":\"https:\\\/\\\/quieton.com\\\/de\\\/\",\"name\":\"QuietOn\",\"description\":\"\",\"publisher\":{\"@id\":\"https:\\\/\\\/quieton.com\\\/de\\\/#organization\"},\"potentialAction\":[{\"@type\":\"SearchAction\",\"target\":{\"@type\":\"EntryPoint\",\"urlTemplate\":\"https:\\\/\\\/quieton.com\\\/de\\\/?s={search_term_string}\"},\"query-input\":{\"@type\":\"PropertyValueSpecification\",\"valueRequired\":true,\"valueName\":\"search_term_string\"}}],\"inLanguage\":\"de\"},{\"@type\":\"Organization\",\"@id\":\"https:\\\/\\\/quieton.com\\\/de\\\/#organization\",\"name\":\"QuietOn\",\"url\":\"https:\\\/\\\/quieton.com\\\/de\\\/\",\"logo\":{\"@type\":\"ImageObject\",\"inLanguage\":\"de\",\"@id\":\"https:\\\/\\\/quieton.com\\\/de\\\/#\\\/schema\\\/logo\\\/image\\\/\",\"url\":\"\",\"contentUrl\":\"\",\"caption\":\"QuietOn\"},\"image\":{\"@id\":\"https:\\\/\\\/quieton.com\\\/de\\\/#\\\/schema\\\/logo\\\/image\\\/\"}}]}<\/script>\n<!-- \/ Yoast SEO plugin. -->","yoast_head_json":{"title":"Reinigung &amp; Wartung - QuietOn","description":"Lerne, wie du QuietOn\u2011Schlaf\u2011Earbuds reinigst und pflegst \u2013 sichere Reinigungsschritte, Pflege der Schaumaufs\u00e4tze, Wartung des Ladeetuis und langfristige Tipps f\u00fcr die beste Leistung.","robots":{"index":"index","follow":"follow","max-snippet":"max-snippet:-1","max-image-preview":"max-image-preview:large","max-video-preview":"max-video-preview:-1"},"canonical":"https:\/\/quieton.com\/de\/quieton-faq\/reinigung-wartung\/","og_locale":"de_DE","og_type":"article","og_title":"Reinigung &amp; Wartung - QuietOn","og_description":"Lerne, wie du QuietOn\u2011Schlaf\u2011Earbuds reinigst und pflegst \u2013 sichere Reinigungsschritte, Pflege der Schaumaufs\u00e4tze, Wartung des Ladeetuis und langfristige Tipps f\u00fcr die beste Leistung.","og_url":"https:\/\/quieton.com\/de\/quieton-faq\/reinigung-wartung\/","og_site_name":"QuietOn","article_modified_time":"2026-02-06T13:14:01+00:00","og_image":[{"width":1680,"height":694,"url":"https:\/\/quieton.com\/wp-content\/uploads\/2025\/04\/buds-case-peach-hue-1-loRes-1.jpg","type":"image\/jpeg"}],"twitter_card":"summary_large_image","schema":{"@context":"https:\/\/schema.org","@graph":[{"@type":"WebPage","@id":"https:\/\/quieton.com\/de\/quieton-faq\/reinigung-wartung\/","url":"https:\/\/quieton.com\/de\/quieton-faq\/reinigung-wartung\/","name":"Reinigung &amp; Wartung - QuietOn","isPartOf":{"@id":"https:\/\/quieton.com\/de\/#website"},"primaryImageOfPage":{"@id":"https:\/\/quieton.com\/de\/quieton-faq\/reinigung-wartung\/#primaryimage"},"image":{"@id":"https:\/\/quieton.com\/de\/quieton-faq\/reinigung-wartung\/#primaryimage"},"thumbnailUrl":"https:\/\/quieton.com\/wp-content\/uploads\/2025\/04\/buds-case-peach-hue-1-loRes-1.jpg","datePublished":"2026-02-06T11:43:49+00:00","dateModified":"2026-02-06T13:14:01+00:00","description":"Lerne, wie du QuietOn\u2011Schlaf\u2011Earbuds reinigst und pflegst \u2013 sichere Reinigungsschritte, Pflege der Schaumaufs\u00e4tze, Wartung des Ladeetuis und langfristige Tipps f\u00fcr die beste Leistung.","breadcrumb":{"@id":"https:\/\/quieton.com\/de\/quieton-faq\/reinigung-wartung\/#breadcrumb"},"inLanguage":"de","potentialAction":[{"@type":"ReadAction","target":["https:\/\/quieton.com\/de\/quieton-faq\/reinigung-wartung\/"]}]},{"@type":"ImageObject","inLanguage":"de","@id":"https:\/\/quieton.com\/de\/quieton-faq\/reinigung-wartung\/#primaryimage","url":"https:\/\/quieton.com\/wp-content\/uploads\/2025\/04\/buds-case-peach-hue-1-loRes-1.jpg","contentUrl":"https:\/\/quieton.com\/wp-content\/uploads\/2025\/04\/buds-case-peach-hue-1-loRes-1.jpg","width":1680,"height":694},{"@type":"BreadcrumbList","@id":"https:\/\/quieton.com\/de\/quieton-faq\/reinigung-wartung\/#breadcrumb","itemListElement":[{"@type":"ListItem","position":1,"name":"Home","item":"https:\/\/quieton.com\/de\/"},{"@type":"ListItem","position":2,"name":"QuietOn FAQ","item":"https:\/\/quieton.com\/de\/quieton-faq\/"},{"@type":"ListItem","position":3,"name":"Reinigung &amp; Wartung"}]},{"@type":"WebSite","@id":"https:\/\/quieton.com\/de\/#website","url":"https:\/\/quieton.com\/de\/","name":"QuietOn","description":"","publisher":{"@id":"https:\/\/quieton.com\/de\/#organization"},"potentialAction":[{"@type":"SearchAction","target":{"@type":"EntryPoint","urlTemplate":"https:\/\/quieton.com\/de\/?s={search_term_string}"},"query-input":{"@type":"PropertyValueSpecification","valueRequired":true,"valueName":"search_term_string"}}],"inLanguage":"de"},{"@type":"Organization","@id":"https:\/\/quieton.com\/de\/#organization","name":"QuietOn","url":"https:\/\/quieton.com\/de\/","logo":{"@type":"ImageObject","inLanguage":"de","@id":"https:\/\/quieton.com\/de\/#\/schema\/logo\/image\/","url":"","contentUrl":"","caption":"QuietOn"},"image":{"@id":"https:\/\/quieton.com\/de\/#\/schema\/logo\/image\/"}}]}},"uagb_featured_image_src":{"full":["https:\/\/quieton.com\/wp-content\/uploads\/2025\/04\/buds-case-peach-hue-1-loRes-1.jpg",1680,694,false],"thumbnail":["https:\/\/quieton.com\/wp-content\/uploads\/2025\/04\/buds-case-peach-hue-1-loRes-1-320x320.jpg",320,320,true],"medium":["https:\/\/quieton.com\/wp-content\/uploads\/2025\/04\/buds-case-peach-hue-1-loRes-1-640x264.jpg",640,264,true],"medium_large":["https:\/\/quieton.com\/wp-content\/uploads\/2025\/04\/buds-case-peach-hue-1-loRes-1-768x317.jpg",768,317,true],"large":["https:\/\/quieton.com\/wp-content\/uploads\/2025\/04\/buds-case-peach-hue-1-loRes-1-1440x595.jpg",1440,595,true],"tf-client-image-size":["https:\/\/quieton.com\/wp-content\/uploads\/2025\/04\/buds-case-peach-hue-1-loRes-1.jpg",120,50,false],"1536x1536":["https:\/\/quieton.com\/wp-content\/uploads\/2025\/04\/buds-case-peach-hue-1-loRes-1-1536x635.jpg",1536,635,true],"2048x2048":["https:\/\/quieton.com\/wp-content\/uploads\/2025\/04\/buds-case-peach-hue-1-loRes-1.jpg",1680,694,false],"woocommerce_thumbnail":["https:\/\/quieton.com\/wp-content\/uploads\/2025\/04\/buds-case-peach-hue-1-loRes-1-360x149.jpg",360,149,true],"woocommerce_single":["https:\/\/quieton.com\/wp-content\/uploads\/2025\/04\/buds-case-peach-hue-1-loRes-1-530x219.jpg",530,219,true],"woocommerce_gallery_thumbnail":["https:\/\/quieton.com\/wp-content\/uploads\/2025\/04\/buds-case-peach-hue-1-loRes-1-100x100.jpg",100,100,true]},"uagb_author_info":{"display_name":"Katarina Li","author_link":"https:\/\/quieton.com\/de\/author\/katarina-li\/"},"uagb_comment_info":0,"uagb_excerpt":"Reinigung &amp; Wartung","_links":{"self":[{"href":"https:\/\/quieton.com\/de\/wp-json\/wp\/v2\/pages\/222348939","targetHints":{"allow":["GET"]}}],"collection":[{"href":"https:\/\/quieton.com\/de\/wp-json\/wp\/v2\/pages"}],"about":[{"href":"https:\/\/quieton.com\/de\/wp-json\/wp\/v2\/types\/page"}],"author":[{"embeddable":true,"href":"https:\/\/quieton.com\/de\/wp-json\/wp\/v2\/users\/283"}],"replies":[{"embeddable":true,"href":"https:\/\/quieton.com\/de\/wp-json\/wp\/v2\/comments?post=222348939"}],"version-history":[{"count":1,"href":"https:\/\/quieton.com\/de\/wp-json\/wp\/v2\/pages\/222348939\/revisions"}],"predecessor-version":[{"id":222348940,"href":"https:\/\/quieton.com\/de\/wp-json\/wp\/v2\/pages\/222348939\/revisions\/222348940"}],"up":[{"embeddable":true,"href":"https:\/\/quieton.com\/de\/wp-json\/wp\/v2\/pages\/222348959"}],"wp:featuredmedia":[{"embeddable":true,"href":"https:\/\/quieton.com\/de\/wp-json\/wp\/v2\/media\/222348932"}],"wp:attachment":[{"href":"https:\/\/quieton.com\/de\/wp-json\/wp\/v2\/media?parent=222348939"}],"curies":[{"name":"wp","href":"https:\/\/api.w.org\/{rel}","templated":true}]}}