{"id":222348936,"date":"2026-02-06T13:40:13","date_gmt":"2026-02-06T11:40:13","guid":{"rendered":"https:\/\/quieton.com\/richtlinie-fuer-schaumaufsaetze\/"},"modified":"2026-02-06T15:14:00","modified_gmt":"2026-02-06T13:14:00","slug":"richtlinie-fuer-schaumaufsaetze","status":"publish","type":"page","link":"https:\/\/quieton.com\/de\/quieton-faq\/richtlinie-fuer-schaumaufsaetze\/","title":{"rendered":"Richtlinie f\u00fcr Schaumaufs\u00e4tze"},"content":{"rendered":"\n<div class=\"wp-block-group alignfull has-global-padding is-layout-constrained wp-block-group-is-layout-constrained\">\n<div class=\"wp-block-cover alignfull\" style=\"margin-top:0;margin-bottom:0;padding-top:var(--wp--preset--spacing--30);padding-right:var(--wp--preset--spacing--50);padding-bottom:var(--wp--preset--spacing--30);padding-left:var(--wp--preset--spacing--50)\"><img loading=\"lazy\" decoding=\"async\" width=\"1400\" height=\"303\" class=\"wp-block-cover__image-background wp-image-222348555 size-full\" alt=\"\" src=\"https:\/\/quieton.com\/wp-content\/uploads\/2026\/01\/FAQ.jpg\" data-object-fit=\"cover\" srcset=\"https:\/\/quieton.com\/wp-content\/uploads\/2026\/01\/FAQ.jpg 1400w, https:\/\/quieton.com\/wp-content\/uploads\/2026\/01\/FAQ-640x139.jpg 640w, https:\/\/quieton.com\/wp-content\/uploads\/2026\/01\/FAQ-768x166.jpg 768w, https:\/\/quieton.com\/wp-content\/uploads\/2026\/01\/FAQ-360x78.jpg 360w, https:\/\/quieton.com\/wp-content\/uploads\/2026\/01\/FAQ-530x115.jpg 530w\" sizes=\"auto, (max-width: 1400px) 100vw, 1400px\" \/><span aria-hidden=\"true\" class=\"wp-block-cover__background has-background-dim-0 has-background-dim has-background-gradient\" style=\"background-color:#3a3d42;background:linear-gradient(90deg,rgba(163,139,51,0) 0%,rgb(150,127,33) 57%,rgb(94,93,13) 100%)\"><\/span><div class=\"wp-block-cover__inner-container is-layout-flow wp-block-cover-is-layout-flow\">\n<div class=\"wp-block-group has-global-padding is-content-justification-center is-layout-constrained wp-container-core-group-is-layout-3b8af504 wp-block-group-is-layout-constrained\" style=\"padding-top:var(--wp--preset--spacing--70);padding-bottom:var(--wp--preset--spacing--70)\">\n<h2 class=\"wp-block-heading has-text-align-center has-white-color has-text-color has-link-color has-paralucent-font-family wp-elements-948699981e7e26dbf996a89fad6fa272\" style=\"margin-bottom:0;padding-top:0;padding-bottom:0;font-size:clamp(2.31rem, 2.31rem + ((1vw - 0.2rem) * 2.973), 4.25rem);\">Friedlicher Schlaf beginnt hier \u2013 FAQ<\/h2>\n<\/div>\n<\/div><\/div>\n<\/div>\n\n<div class=\"wp-block-uagb-container uagb-block-1551a54a alignfull uagb-is-root-container\"><div class=\"uagb-container-inner-blocks-wrap\">\n<div class=\"wp-block-group has-global-padding is-layout-constrained wp-block-group-is-layout-constrained\" style=\"padding-top:0;padding-bottom:var(--wp--preset--spacing--60)\"><div class=\"yoast-breadcrumbs\"><span><span><a href=\"https:\/\/quieton.com\/de\/\">Home<\/a><\/span> \u00bb <span><a href=\"https:\/\/quieton.com\/de\/quieton-faq\/\">QuietOn FAQ<\/a><\/span> \u00bb <span class=\"breadcrumb_last\" aria-current=\"page\">Richtlinie f\u00fcr Schaumaufs\u00e4tze<\/span><\/span><\/div>\n\n\n<h2 class=\"wp-block-heading has-text-align-left has-paralucent-font-family\" id=\"h-cleaning\" style=\"padding-bottom:var(--wp--preset--spacing--30)\">Richtlinie f\u00fcr Schaumaufs\u00e4tze<\/h2>\n\n\n<div class=\"wp-block-uagb-faq uagb-faq__outer-wrap uagb-block-39a0ad44 uagb-faq-icon-row-reverse uagb-faq-layout-accordion uagb-faq-expand-first-false uagb-faq-inactive-other-true uagb-faq__wrap uagb-buttons-layout-wrap uagb-faq-equal-height     \" data-faqtoggle=\"true\" role=\"tablist\"><div class=\"wp-block-uagb-faq-child uagb-faq-child__outer-wrap uagb-faq-item uagb-block-cd7f896b \" role=\"tab\" tabindex=\"0\"><div class=\"uagb-faq-questions-button uagb-faq-questions\">\t\t\t<span class=\"uagb-icon uagb-faq-icon-wrap\">\n\t\t\t\t\t\t\t\t<svg xmlns=\"https:\/\/www.w3.org\/2000\/svg\" viewBox= \"0 0 448 512\"><path d=\"M432 256c0 17.69-14.33 32.01-32 32.01H256v144c0 17.69-14.33 31.99-32 31.99s-32-14.3-32-31.99v-144H48c-17.67 0-32-14.32-32-32.01s14.33-31.99 32-31.99H192v-144c0-17.69 14.33-32.01 32-32.01s32 14.32 32 32.01v144h144C417.7 224 432 238.3 432 256z\"><\/path><\/svg>\n\t\t\t\t\t\t\t<\/span>\n\t\t\t\t\t\t<span class=\"uagb-icon-active uagb-faq-icon-wrap\">\n\t\t\t\t\t\t\t\t<svg xmlns=\"https:\/\/www.w3.org\/2000\/svg\" viewBox= \"0 0 448 512\"><path d=\"M400 288h-352c-17.69 0-32-14.32-32-32.01s14.31-31.99 32-31.99h352c17.69 0 32 14.3 32 31.99S417.7 288 400 288z\"><\/path><\/svg>\n\t\t\t\t\t\t\t<\/span>\n\t\t\t<span class=\"uagb-question\">Wie w\u00e4hle ich die richtige Aufsatzgr\u00f6\u00dfe?<\/span><\/div><div class=\"uagb-faq-content\"><p>W\u00e4hlen Sie f\u00fcr das beste Ergebnis den kleinsten Schaumaufsatz, der Ihr Ohr dennoch zuverl\u00e4ssig abdichtet. Ein zu lockerer Sitz verringert die Ger\u00e4uschreduzierung, w\u00e4hrend ein zu gro\u00dfer Aufsatz unbequem sein kann. Bei einer guten Abdichtung sp\u00fcren Sie einen gleichm\u00e4\u00dfigen, sanften Druck im Ohr \u2013 das ist das Zeichen f\u00fcr die perfekte Passform.<\/p><\/div><\/div><div class=\"wp-block-uagb-faq-child uagb-faq-child__outer-wrap uagb-faq-item uagb-block-fbdec380 \" role=\"tab\" tabindex=\"0\"><div class=\"uagb-faq-questions-button uagb-faq-questions\">\t\t\t<span class=\"uagb-icon uagb-faq-icon-wrap\">\n\t\t\t\t\t\t\t\t<svg xmlns=\"https:\/\/www.w3.org\/2000\/svg\" viewBox= \"0 0 448 512\"><path d=\"M432 256c0 17.69-14.33 32.01-32 32.01H256v144c0 17.69-14.33 31.99-32 31.99s-32-14.3-32-31.99v-144H48c-17.67 0-32-14.32-32-32.01s14.33-31.99 32-31.99H192v-144c0-17.69 14.33-32.01 32-32.01s32 14.32 32 32.01v144h144C417.7 224 432 238.3 432 256z\"><\/path><\/svg>\n\t\t\t\t\t\t\t<\/span>\n\t\t\t\t\t\t<span class=\"uagb-icon-active uagb-faq-icon-wrap\">\n\t\t\t\t\t\t\t\t<svg xmlns=\"https:\/\/www.w3.org\/2000\/svg\" viewBox= \"0 0 448 512\"><path d=\"M400 288h-352c-17.69 0-32-14.32-32-32.01s14.31-31.99 32-31.99h352c17.69 0 32 14.3 32 31.99S417.7 288 400 288z\"><\/path><\/svg>\n\t\t\t\t\t\t\t<\/span>\n\t\t\t<span class=\"uagb-question\">Wie tausche ich die Schaumaufs\u00e4tze aus?<\/span><\/div><div class=\"uagb-faq-content\"><p>Die Spitzen sitzen fest, um Sicherheit und Leistung zu gew\u00e4hrleisten. Um eine Spitze zu entfernen, halte sie gut fest und drehe sie sanft, w\u00e4hrend du sie abziehst. Setze eine neue Spitze mit derselben Drehbewegung ein. Vermeide dabei Fingern\u00e4gel oder scharfe Gegenst\u00e4nde, um Besch\u00e4digungen zu verhindern.<\/p><\/div><\/div><div class=\"wp-block-uagb-faq-child uagb-faq-child__outer-wrap uagb-faq-item uagb-block-3dcf9f0f \" role=\"tab\" tabindex=\"0\"><div class=\"uagb-faq-questions-button uagb-faq-questions\">\t\t\t<span class=\"uagb-icon uagb-faq-icon-wrap\">\n\t\t\t\t\t\t\t\t<svg xmlns=\"https:\/\/www.w3.org\/2000\/svg\" viewBox= \"0 0 448 512\"><path d=\"M432 256c0 17.69-14.33 32.01-32 32.01H256v144c0 17.69-14.33 31.99-32 31.99s-32-14.3-32-31.99v-144H48c-17.67 0-32-14.32-32-32.01s14.33-31.99 32-31.99H192v-144c0-17.69 14.33-32.01 32-32.01s32 14.32 32 32.01v144h144C417.7 224 432 238.3 432 256z\"><\/path><\/svg>\n\t\t\t\t\t\t\t<\/span>\n\t\t\t\t\t\t<span class=\"uagb-icon-active uagb-faq-icon-wrap\">\n\t\t\t\t\t\t\t\t<svg xmlns=\"https:\/\/www.w3.org\/2000\/svg\" viewBox= \"0 0 448 512\"><path d=\"M400 288h-352c-17.69 0-32-14.32-32-32.01s14.31-31.99 32-31.99h352c17.69 0 32 14.3 32 31.99S417.7 288 400 288z\"><\/path><\/svg>\n\t\t\t\t\t\t\t<\/span>\n\t\t\t<span class=\"uagb-question\">Wo kann ich Ersatz\u2011Schaumaufs\u00e4tze kaufen?<\/span><\/div><div class=\"uagb-faq-content\"><p>Zus\u00e4tzliche Schaumaufs\u00e4tze k\u00f6nnen Sie in unserem Webshop kaufen: <a href=\"https:\/\/quieton.com\/shop\/comply-foam-tips\">Replaceable Foam Tips for QuietOn 4.<\/a><\/p><\/div><\/div><\/div><\/div>\n<\/div><\/div>\n\n<div class=\"wp-block-group alignfull has-global-padding is-layout-constrained wp-block-group-is-layout-constrained\" style=\"margin-bottom:0;padding-bottom:0\">\n<div class=\"wp-block-cover alignfull uag-hide-mob\" style=\"padding-top:var(--wp--preset--spacing--30);padding-right:var(--wp--preset--spacing--30);padding-bottom:0;padding-left:var(--wp--preset--spacing--30);min-height:669px;aspect-ratio:unset;\"><img loading=\"lazy\" decoding=\"async\" width=\"1440\" height=\"535\" class=\"wp-block-cover__image-background wp-image-222349299 size-large\" alt=\"\" src=\"https:\/\/quieton.com\/wp-content\/uploads\/2026\/02\/footer-1440x535.png\" style=\"object-position:49% 28%\" data-object-fit=\"cover\" data-object-position=\"49% 28%\" srcset=\"https:\/\/quieton.com\/wp-content\/uploads\/2026\/02\/footer-1440x535.png 1440w, https:\/\/quieton.com\/wp-content\/uploads\/2026\/02\/footer-640x238.png 640w, https:\/\/quieton.com\/wp-content\/uploads\/2026\/02\/footer-768x285.png 768w, https:\/\/quieton.com\/wp-content\/uploads\/2026\/02\/footer-1536x571.png 1536w, https:\/\/quieton.com\/wp-content\/uploads\/2026\/02\/footer-360x134.png 360w, https:\/\/quieton.com\/wp-content\/uploads\/2026\/02\/footer-530x197.png 530w, https:\/\/quieton.com\/wp-content\/uploads\/2026\/02\/footer.png 2000w\" sizes=\"auto, (max-width: 1440px) 100vw, 1440px\" \/><span aria-hidden=\"true\" class=\"wp-block-cover__background has-background-dim-0 has-background-dim has-background-gradient\" style=\"background-color:#4e3e34;background:linear-gradient(90deg,rgba(255,255,255,0.16) 39%,rgb(243,243,243) 66%)\"><\/span><div class=\"wp-block-cover__inner-container is-layout-flow wp-container-core-cover-is-layout-644bd98e wp-block-cover-is-layout-flow\">\n<div class=\"wp-block-group has-global-padding is-content-justification-center is-layout-constrained wp-block-group-is-layout-constrained\" style=\"padding-top:var(--wp--preset--spacing--70);padding-bottom:var(--wp--preset--spacing--70)\">\n<p class=\"has-text-align-center has-white-color has-text-color has-link-color has-paralucent-font-family wp-elements-64e0a41a3702e4c752043748e6d1a1e3\" style=\"font-size:clamp(2.876rem, 2.876rem + ((1vw - 0.2rem) * 4.175), 5.6rem);\">Get your QuietOn<\/p>\n<\/div>\n\n\n\n<div class=\"wp-block-group has-global-padding is-content-justification-center is-layout-constrained wp-block-group-is-layout-constrained\">\n\n\n<div class=\"wp-block-geotargeting-pro-gutenberg-country\">\n<div class=\"wp-block-uagb-buttons uagb-buttons__outer-wrap uagb-btn__default-btn uagb-btn-tablet__default-btn uagb-btn-mobile__default-btn uagb-block-2c9c6512\"><div class=\"uagb-buttons__wrap uagb-buttons-layout-wrap \">\n<div class=\"wp-block-uagb-buttons-child uagb-buttons__outer-wrap uagb-block-5092a7f9 wp-block-button\"><div class=\"uagb-button__wrapper\"><a class=\"uagb-buttons-repeater wp-block-button__link\" aria-label=\"\" href=\"https:\/\/quieton.com\/de\/wo-kaufen\/\" rel=\"follow noopener\" target=\"_self\" role=\"button\"><div class=\"uagb-button__link\">WO KAUFEN?<\/div><\/a><\/div><\/div>\n<\/div><\/div>\n<\/div>\n<\/div>\n<\/div><\/div>\n\n\n\n<div class=\"wp-block-cover alignfull uag-hide-desktop uag-hide-tab\" style=\"padding-top:var(--wp--preset--spacing--30);padding-right:var(--wp--preset--spacing--30);padding-bottom:0;padding-left:var(--wp--preset--spacing--30);min-height:669px;aspect-ratio:unset;\"><img loading=\"lazy\" decoding=\"async\" width=\"1440\" height=\"535\" class=\"wp-block-cover__image-background wp-image-222349299 size-large\" alt=\"\" src=\"https:\/\/quieton.com\/wp-content\/uploads\/2026\/02\/footer-1440x535.png\" style=\"object-position:56% 21%\" data-object-fit=\"cover\" data-object-position=\"56% 21%\" srcset=\"https:\/\/quieton.com\/wp-content\/uploads\/2026\/02\/footer-1440x535.png 1440w, https:\/\/quieton.com\/wp-content\/uploads\/2026\/02\/footer-640x238.png 640w, https:\/\/quieton.com\/wp-content\/uploads\/2026\/02\/footer-768x285.png 768w, https:\/\/quieton.com\/wp-content\/uploads\/2026\/02\/footer-1536x571.png 1536w, https:\/\/quieton.com\/wp-content\/uploads\/2026\/02\/footer-360x134.png 360w, https:\/\/quieton.com\/wp-content\/uploads\/2026\/02\/footer-530x197.png 530w, https:\/\/quieton.com\/wp-content\/uploads\/2026\/02\/footer.png 2000w\" sizes=\"auto, (max-width: 1440px) 100vw, 1440px\" \/><span aria-hidden=\"true\" class=\"wp-block-cover__background has-background-dim-0 has-background-dim has-background-gradient\" style=\"background-color:#4e3e34;background:linear-gradient(90deg,rgba(255,255,255,0.16) 39%,rgb(243,243,243) 66%)\"><\/span><div class=\"wp-block-cover__inner-container is-layout-flow wp-container-core-cover-is-layout-644bd98e wp-block-cover-is-layout-flow\">\n<div class=\"wp-block-group has-global-padding is-content-justification-center is-layout-constrained wp-block-group-is-layout-constrained\" style=\"padding-top:var(--wp--preset--spacing--70);padding-bottom:var(--wp--preset--spacing--70)\">\n<p class=\"has-text-align-center has-white-color has-text-color has-link-color has-paralucent-font-family wp-elements-64e0a41a3702e4c752043748e6d1a1e3\" style=\"font-size:clamp(2.876rem, 2.876rem + ((1vw - 0.2rem) * 4.175), 5.6rem);\">Get your QuietOn<\/p>\n<\/div>\n\n\n\n<div class=\"wp-block-group has-global-padding is-content-justification-center is-layout-constrained wp-block-group-is-layout-constrained\">\n\n\n<div class=\"wp-block-geotargeting-pro-gutenberg-country\">\n<div class=\"wp-block-uagb-buttons uagb-buttons__outer-wrap uagb-btn__default-btn uagb-btn-tablet__default-btn uagb-btn-mobile__default-btn uagb-block-2c9c6512\"><div class=\"uagb-buttons__wrap uagb-buttons-layout-wrap \">\n<div class=\"wp-block-uagb-buttons-child uagb-buttons__outer-wrap uagb-block-5092a7f9 wp-block-button\"><div class=\"uagb-button__wrapper\"><a class=\"uagb-buttons-repeater wp-block-button__link\" aria-label=\"\" href=\"https:\/\/quieton.com\/de\/wo-kaufen\/\" rel=\"follow noopener\" target=\"_self\" role=\"button\"><div class=\"uagb-button__link\">WO KAUFEN?<\/div><\/a><\/div><\/div>\n<\/div><\/div>\n<\/div>\n<\/div>\n<\/div><\/div>\n<\/div>\n","protected":false},"excerpt":{"rendered":"<p>Richtlinie f\u00fcr Schaumaufs\u00e4tze<\/p>\n","protected":false},"author":12,"featured_media":0,"parent":222348959,"menu_order":0,"comment_status":"closed","ping_status":"closed","template":"wp-custom-template-oletus-template","meta":{"_acf_changed":false,"_uag_custom_page_level_css":"","footnotes":""},"class_list":["post-222348936","page","type-page","status-publish","hentry"],"acf":[],"yoast_head":"<!-- This site is optimized with the Yoast SEO plugin v27.3 - https:\/\/yoast.com\/product\/yoast-seo-wordpress\/ -->\n<title>Richtlinie f\u00fcr Schaumaufs\u00e4tze - QuietOn<\/title>\n<meta name=\"description\" content=\"Erfahre, wie du QuietOn\u2011Schaumaufs\u00e4tze ausw\u00e4hlst, ersetzt und kaufst, um einen luftdichten Sitz, maximalen Komfort und die beste Ger\u00e4uschunterdr\u00fcckungsleistung sicherzustellen.\" \/>\n<meta name=\"robots\" content=\"index, follow, max-snippet:-1, max-image-preview:large, max-video-preview:-1\" \/>\n<link rel=\"canonical\" href=\"https:\/\/quieton.com\/de\/quieton-faq\/richtlinie-fuer-schaumaufsaetze\/\" \/>\n<meta property=\"og:locale\" content=\"de_DE\" \/>\n<meta property=\"og:type\" content=\"article\" \/>\n<meta property=\"og:title\" content=\"Richtlinie f\u00fcr Schaumaufs\u00e4tze - QuietOn\" \/>\n<meta property=\"og:description\" content=\"Erfahre, wie du QuietOn\u2011Schaumaufs\u00e4tze ausw\u00e4hlst, ersetzt und kaufst, um einen luftdichten Sitz, maximalen Komfort und die beste Ger\u00e4uschunterdr\u00fcckungsleistung sicherzustellen.\" \/>\n<meta property=\"og:url\" content=\"https:\/\/quieton.com\/de\/quieton-faq\/richtlinie-fuer-schaumaufsaetze\/\" \/>\n<meta property=\"og:site_name\" content=\"QuietOn\" \/>\n<meta property=\"article:modified_time\" content=\"2026-02-06T13:14:00+00:00\" \/>\n<meta name=\"twitter:card\" content=\"summary_large_image\" \/>\n<script type=\"application\/ld+json\" class=\"yoast-schema-graph\">{\"@context\":\"https:\\\/\\\/schema.org\",\"@graph\":[{\"@type\":\"WebPage\",\"@id\":\"https:\\\/\\\/quieton.com\\\/de\\\/quieton-faq\\\/richtlinie-fuer-schaumaufsaetze\\\/\",\"url\":\"https:\\\/\\\/quieton.com\\\/de\\\/quieton-faq\\\/richtlinie-fuer-schaumaufsaetze\\\/\",\"name\":\"Richtlinie f\u00fcr Schaumaufs\u00e4tze - QuietOn\",\"isPartOf\":{\"@id\":\"https:\\\/\\\/quieton.com\\\/de\\\/#website\"},\"datePublished\":\"2026-02-06T11:40:13+00:00\",\"dateModified\":\"2026-02-06T13:14:00+00:00\",\"description\":\"Erfahre, wie du QuietOn\u2011Schaumaufs\u00e4tze ausw\u00e4hlst, ersetzt und kaufst, um einen luftdichten Sitz, maximalen Komfort und die beste Ger\u00e4uschunterdr\u00fcckungsleistung sicherzustellen.\",\"breadcrumb\":{\"@id\":\"https:\\\/\\\/quieton.com\\\/de\\\/quieton-faq\\\/richtlinie-fuer-schaumaufsaetze\\\/#breadcrumb\"},\"inLanguage\":\"de\",\"potentialAction\":[{\"@type\":\"ReadAction\",\"target\":[\"https:\\\/\\\/quieton.com\\\/de\\\/quieton-faq\\\/richtlinie-fuer-schaumaufsaetze\\\/\"]}]},{\"@type\":\"BreadcrumbList\",\"@id\":\"https:\\\/\\\/quieton.com\\\/de\\\/quieton-faq\\\/richtlinie-fuer-schaumaufsaetze\\\/#breadcrumb\",\"itemListElement\":[{\"@type\":\"ListItem\",\"position\":1,\"name\":\"Home\",\"item\":\"https:\\\/\\\/quieton.com\\\/de\\\/\"},{\"@type\":\"ListItem\",\"position\":2,\"name\":\"QuietOn FAQ\",\"item\":\"https:\\\/\\\/quieton.com\\\/de\\\/quieton-faq\\\/\"},{\"@type\":\"ListItem\",\"position\":3,\"name\":\"Richtlinie f\u00fcr Schaumaufs\u00e4tze\"}]},{\"@type\":\"WebSite\",\"@id\":\"https:\\\/\\\/quieton.com\\\/de\\\/#website\",\"url\":\"https:\\\/\\\/quieton.com\\\/de\\\/\",\"name\":\"QuietOn\",\"description\":\"\",\"publisher\":{\"@id\":\"https:\\\/\\\/quieton.com\\\/de\\\/#organization\"},\"potentialAction\":[{\"@type\":\"SearchAction\",\"target\":{\"@type\":\"EntryPoint\",\"urlTemplate\":\"https:\\\/\\\/quieton.com\\\/de\\\/?s={search_term_string}\"},\"query-input\":{\"@type\":\"PropertyValueSpecification\",\"valueRequired\":true,\"valueName\":\"search_term_string\"}}],\"inLanguage\":\"de\"},{\"@type\":\"Organization\",\"@id\":\"https:\\\/\\\/quieton.com\\\/de\\\/#organization\",\"name\":\"QuietOn\",\"url\":\"https:\\\/\\\/quieton.com\\\/de\\\/\",\"logo\":{\"@type\":\"ImageObject\",\"inLanguage\":\"de\",\"@id\":\"https:\\\/\\\/quieton.com\\\/de\\\/#\\\/schema\\\/logo\\\/image\\\/\",\"url\":\"\",\"contentUrl\":\"\",\"caption\":\"QuietOn\"},\"image\":{\"@id\":\"https:\\\/\\\/quieton.com\\\/de\\\/#\\\/schema\\\/logo\\\/image\\\/\"}}]}<\/script>\n<!-- \/ Yoast SEO plugin. -->","yoast_head_json":{"title":"Richtlinie f\u00fcr Schaumaufs\u00e4tze - QuietOn","description":"Erfahre, wie du QuietOn\u2011Schaumaufs\u00e4tze ausw\u00e4hlst, ersetzt und kaufst, um einen luftdichten Sitz, maximalen Komfort und die beste Ger\u00e4uschunterdr\u00fcckungsleistung sicherzustellen.","robots":{"index":"index","follow":"follow","max-snippet":"max-snippet:-1","max-image-preview":"max-image-preview:large","max-video-preview":"max-video-preview:-1"},"canonical":"https:\/\/quieton.com\/de\/quieton-faq\/richtlinie-fuer-schaumaufsaetze\/","og_locale":"de_DE","og_type":"article","og_title":"Richtlinie f\u00fcr Schaumaufs\u00e4tze - QuietOn","og_description":"Erfahre, wie du QuietOn\u2011Schaumaufs\u00e4tze ausw\u00e4hlst, ersetzt und kaufst, um einen luftdichten Sitz, maximalen Komfort und die beste Ger\u00e4uschunterdr\u00fcckungsleistung sicherzustellen.","og_url":"https:\/\/quieton.com\/de\/quieton-faq\/richtlinie-fuer-schaumaufsaetze\/","og_site_name":"QuietOn","article_modified_time":"2026-02-06T13:14:00+00:00","twitter_card":"summary_large_image","schema":{"@context":"https:\/\/schema.org","@graph":[{"@type":"WebPage","@id":"https:\/\/quieton.com\/de\/quieton-faq\/richtlinie-fuer-schaumaufsaetze\/","url":"https:\/\/quieton.com\/de\/quieton-faq\/richtlinie-fuer-schaumaufsaetze\/","name":"Richtlinie f\u00fcr Schaumaufs\u00e4tze - QuietOn","isPartOf":{"@id":"https:\/\/quieton.com\/de\/#website"},"datePublished":"2026-02-06T11:40:13+00:00","dateModified":"2026-02-06T13:14:00+00:00","description":"Erfahre, wie du QuietOn\u2011Schaumaufs\u00e4tze ausw\u00e4hlst, ersetzt und kaufst, um einen luftdichten Sitz, maximalen Komfort und die beste Ger\u00e4uschunterdr\u00fcckungsleistung sicherzustellen.","breadcrumb":{"@id":"https:\/\/quieton.com\/de\/quieton-faq\/richtlinie-fuer-schaumaufsaetze\/#breadcrumb"},"inLanguage":"de","potentialAction":[{"@type":"ReadAction","target":["https:\/\/quieton.com\/de\/quieton-faq\/richtlinie-fuer-schaumaufsaetze\/"]}]},{"@type":"BreadcrumbList","@id":"https:\/\/quieton.com\/de\/quieton-faq\/richtlinie-fuer-schaumaufsaetze\/#breadcrumb","itemListElement":[{"@type":"ListItem","position":1,"name":"Home","item":"https:\/\/quieton.com\/de\/"},{"@type":"ListItem","position":2,"name":"QuietOn FAQ","item":"https:\/\/quieton.com\/de\/quieton-faq\/"},{"@type":"ListItem","position":3,"name":"Richtlinie f\u00fcr Schaumaufs\u00e4tze"}]},{"@type":"WebSite","@id":"https:\/\/quieton.com\/de\/#website","url":"https:\/\/quieton.com\/de\/","name":"QuietOn","description":"","publisher":{"@id":"https:\/\/quieton.com\/de\/#organization"},"potentialAction":[{"@type":"SearchAction","target":{"@type":"EntryPoint","urlTemplate":"https:\/\/quieton.com\/de\/?s={search_term_string}"},"query-input":{"@type":"PropertyValueSpecification","valueRequired":true,"valueName":"search_term_string"}}],"inLanguage":"de"},{"@type":"Organization","@id":"https:\/\/quieton.com\/de\/#organization","name":"QuietOn","url":"https:\/\/quieton.com\/de\/","logo":{"@type":"ImageObject","inLanguage":"de","@id":"https:\/\/quieton.com\/de\/#\/schema\/logo\/image\/","url":"","contentUrl":"","caption":"QuietOn"},"image":{"@id":"https:\/\/quieton.com\/de\/#\/schema\/logo\/image\/"}}]}},"uagb_featured_image_src":{"full":false,"thumbnail":false,"medium":false,"medium_large":false,"large":false,"tf-client-image-size":false,"1536x1536":false,"2048x2048":false,"woocommerce_thumbnail":false,"woocommerce_single":false,"woocommerce_gallery_thumbnail":false},"uagb_author_info":{"display_name":"Janne Kyll\u00f6nen","author_link":"https:\/\/quieton.com\/de\/author\/janne\/"},"uagb_comment_info":0,"uagb_excerpt":"Richtlinie f\u00fcr Schaumaufs\u00e4tze","_links":{"self":[{"href":"https:\/\/quieton.com\/de\/wp-json\/wp\/v2\/pages\/222348936","targetHints":{"allow":["GET"]}}],"collection":[{"href":"https:\/\/quieton.com\/de\/wp-json\/wp\/v2\/pages"}],"about":[{"href":"https:\/\/quieton.com\/de\/wp-json\/wp\/v2\/types\/page"}],"author":[{"embeddable":true,"href":"https:\/\/quieton.com\/de\/wp-json\/wp\/v2\/users\/12"}],"replies":[{"embeddable":true,"href":"https:\/\/quieton.com\/de\/wp-json\/wp\/v2\/comments?post=222348936"}],"version-history":[{"count":2,"href":"https:\/\/quieton.com\/de\/wp-json\/wp\/v2\/pages\/222348936\/revisions"}],"predecessor-version":[{"id":222348938,"href":"https:\/\/quieton.com\/de\/wp-json\/wp\/v2\/pages\/222348936\/revisions\/222348938"}],"up":[{"embeddable":true,"href":"https:\/\/quieton.com\/de\/wp-json\/wp\/v2\/pages\/222348959"}],"wp:attachment":[{"href":"https:\/\/quieton.com\/de\/wp-json\/wp\/v2\/media?parent=222348936"}],"curies":[{"name":"wp","href":"https:\/\/api.w.org\/{rel}","templated":true}]}}