{"id":222348922,"date":"2026-02-06T13:25:25","date_gmt":"2026-02-06T11:25:25","guid":{"rendered":"https:\/\/quieton.com\/garantie-ruecksendungen\/"},"modified":"2026-02-06T15:14:00","modified_gmt":"2026-02-06T13:14:00","slug":"garantie-ruecksendungen","status":"publish","type":"page","link":"https:\/\/quieton.com\/de\/quieton-faq\/garantie-ruecksendungen\/","title":{"rendered":"Garantie &amp; R\u00fccksendungen"},"content":{"rendered":"\n<div class=\"wp-block-group alignfull has-global-padding is-layout-constrained wp-block-group-is-layout-constrained\">\n<div class=\"wp-block-cover alignfull\" style=\"margin-top:0;margin-bottom:0;padding-top:var(--wp--preset--spacing--30);padding-right:var(--wp--preset--spacing--50);padding-bottom:var(--wp--preset--spacing--30);padding-left:var(--wp--preset--spacing--50)\"><img loading=\"lazy\" decoding=\"async\" width=\"1400\" height=\"303\" class=\"wp-block-cover__image-background wp-image-222348555 size-full\" alt=\"\" src=\"https:\/\/quieton.com\/wp-content\/uploads\/2026\/01\/FAQ.jpg\" data-object-fit=\"cover\" srcset=\"https:\/\/quieton.com\/wp-content\/uploads\/2026\/01\/FAQ.jpg 1400w, https:\/\/quieton.com\/wp-content\/uploads\/2026\/01\/FAQ-640x139.jpg 640w, https:\/\/quieton.com\/wp-content\/uploads\/2026\/01\/FAQ-768x166.jpg 768w, https:\/\/quieton.com\/wp-content\/uploads\/2026\/01\/FAQ-360x78.jpg 360w, https:\/\/quieton.com\/wp-content\/uploads\/2026\/01\/FAQ-530x115.jpg 530w\" sizes=\"auto, (max-width: 1400px) 100vw, 1400px\" \/><span aria-hidden=\"true\" class=\"wp-block-cover__background has-background-dim-0 has-background-dim has-background-gradient\" style=\"background-color:#3a3d42;background:linear-gradient(90deg,rgba(163,139,51,0) 0%,rgb(150,127,33) 57%,rgb(94,93,13) 100%)\"><\/span><div class=\"wp-block-cover__inner-container is-layout-flow wp-block-cover-is-layout-flow\">\n<div class=\"wp-block-group has-global-padding is-content-justification-center is-layout-constrained wp-container-core-group-is-layout-3b8af504 wp-block-group-is-layout-constrained\" style=\"padding-top:var(--wp--preset--spacing--70);padding-bottom:var(--wp--preset--spacing--70)\">\n<h2 class=\"wp-block-heading has-text-align-center has-white-color has-text-color has-link-color has-paralucent-font-family wp-elements-948699981e7e26dbf996a89fad6fa272\" style=\"margin-bottom:0;padding-top:0;padding-bottom:0;font-size:clamp(2.31rem, 2.31rem + ((1vw - 0.2rem) * 2.973), 4.25rem);\">Friedlicher Schlaf beginnt hier \u2013 FAQ<\/h2>\n<\/div>\n<\/div><\/div>\n<\/div>\n\n<div class=\"wp-block-uagb-container uagb-block-26536be9 alignfull uagb-is-root-container\"><div class=\"uagb-container-inner-blocks-wrap\">\n<div class=\"wp-block-group has-global-padding is-layout-constrained wp-block-group-is-layout-constrained\" style=\"padding-top:0;padding-bottom:var(--wp--preset--spacing--60)\"><div class=\"yoast-breadcrumbs\"><span><span><a href=\"https:\/\/quieton.com\/de\/\">Home<\/a><\/span> \u00bb <span><a href=\"https:\/\/quieton.com\/de\/quieton-faq\/\">QuietOn FAQ<\/a><\/span> \u00bb <span class=\"breadcrumb_last\" aria-current=\"page\">Garantie &amp; R\u00fccksendungen<\/span><\/span><\/div>\n\n\n<h2 class=\"wp-block-heading has-text-align-left has-paralucent-font-family\" id=\"h-privacy-and-warranty-policy\" style=\"padding-bottom:var(--wp--preset--spacing--30)\">Garantie &amp; R\u00fccksendungen<\/h2>\n\n\n<div class=\"wp-block-uagb-faq uagb-faq__outer-wrap uagb-block-f7e7d373 uagb-faq-icon-row-reverse uagb-faq-layout-accordion uagb-faq-expand-first-false uagb-faq-inactive-other-true uagb-faq__wrap uagb-buttons-layout-wrap uagb-faq-equal-height     \" data-faqtoggle=\"true\" role=\"tablist\"><div class=\"wp-block-uagb-faq-child uagb-faq-child__outer-wrap uagb-faq-item uagb-block-b219cdb3 \" role=\"tab\" tabindex=\"0\"><div class=\"uagb-faq-questions-button uagb-faq-questions\">\t\t\t<span class=\"uagb-icon uagb-faq-icon-wrap\">\n\t\t\t\t\t\t\t\t<svg xmlns=\"https:\/\/www.w3.org\/2000\/svg\" viewBox= \"0 0 448 512\"><path d=\"M432 256c0 17.69-14.33 32.01-32 32.01H256v144c0 17.69-14.33 31.99-32 31.99s-32-14.3-32-31.99v-144H48c-17.67 0-32-14.32-32-32.01s14.33-31.99 32-31.99H192v-144c0-17.69 14.33-32.01 32-32.01s32 14.32 32 32.01v144h144C417.7 224 432 238.3 432 256z\"><\/path><\/svg>\n\t\t\t\t\t\t\t<\/span>\n\t\t\t\t\t\t<span class=\"uagb-icon-active uagb-faq-icon-wrap\">\n\t\t\t\t\t\t\t\t<svg xmlns=\"https:\/\/www.w3.org\/2000\/svg\" viewBox= \"0 0 448 512\"><path d=\"M400 288h-352c-17.69 0-32-14.32-32-32.01s14.31-31.99 32-31.99h352c17.69 0 32 14.3 32 31.99S417.7 288 400 288z\"><\/path><\/svg>\n\t\t\t\t\t\t\t<\/span>\n\t\t\t<span class=\"uagb-question\">Wie lautet die Garantiepolitik?<\/span><\/div><div class=\"uagb-faq-content\"><p>Die Garantie gilt f\u00fcr Eink\u00e4ufe \u00fcber den offiziellen Webshop und autorisierte H\u00e4ndler.<br><br>Soundless bietet eine 2\u2011Jahres\u2011Garantie f\u00fcr Kunden in der EU und eine 1\u2011Jahres\u2011Garantie f\u00fcr Kunden au\u00dferhalb der EU, beginnend mit dem Datum, an dem Sie Ihre Bestellung erhalten. Sie deckt Herstellungsfehler oder Fehlfunktionen ab, jedoch nicht die Ohrst\u00f6pselaufs\u00e4tze, da diese als Verbrauchsartikel gelten. <br><br>F\u00fcr Webshop\u2011Bestellungen wenden Sie sich bitte an sales[at]soundlesstech.com.<br>Wenn Sie bei einem autorisierten H\u00e4ndler gekauft haben, kontaktieren Sie diesen bitte direkt f\u00fcr Garantieleistungen. <br><br>Die Soundless\u2011Herstellergarantie gilt nur f\u00fcr QuietOn\u2011Ger\u00e4te, die am oder nach dem 1. August 2024 gekauft wurden. F\u00fcr einen Garantiefall wenden Sie sich einfach an Ihren urspr\u00fcnglichen Kaufpunkt \u2013 entweder an Ihren H\u00e4ndler oder an das Supportteam unseres Webshops \u2013 und sie f\u00fchren Sie durch die n\u00e4chsten Schritte. <\/p><\/div><\/div><div class=\"wp-block-uagb-faq-child uagb-faq-child__outer-wrap uagb-faq-item uagb-block-94e42cd2 \" role=\"tab\" tabindex=\"0\"><div class=\"uagb-faq-questions-button uagb-faq-questions\">\t\t\t<span class=\"uagb-icon uagb-faq-icon-wrap\">\n\t\t\t\t\t\t\t\t<svg xmlns=\"https:\/\/www.w3.org\/2000\/svg\" viewBox= \"0 0 448 512\"><path d=\"M432 256c0 17.69-14.33 32.01-32 32.01H256v144c0 17.69-14.33 31.99-32 31.99s-32-14.3-32-31.99v-144H48c-17.67 0-32-14.32-32-32.01s14.33-31.99 32-31.99H192v-144c0-17.69 14.33-32.01 32-32.01s32 14.32 32 32.01v144h144C417.7 224 432 238.3 432 256z\"><\/path><\/svg>\n\t\t\t\t\t\t\t<\/span>\n\t\t\t\t\t\t<span class=\"uagb-icon-active uagb-faq-icon-wrap\">\n\t\t\t\t\t\t\t\t<svg xmlns=\"https:\/\/www.w3.org\/2000\/svg\" viewBox= \"0 0 448 512\"><path d=\"M400 288h-352c-17.69 0-32-14.32-32-32.01s14.31-31.99 32-31.99h352c17.69 0 32 14.3 32 31.99S417.7 288 400 288z\"><\/path><\/svg>\n\t\t\t\t\t\t\t<\/span>\n\t\t\t<span class=\"uagb-question\">Kann ich mein Ger\u00e4t zur\u00fcckgeben?<\/span><\/div><div class=\"uagb-faq-content\"><p>Wenn Ihr Ger\u00e4t nicht Ihren Erwartungen entspricht, k\u00f6nnen Sie es innerhalb von 30 Tagen nach Erhalt Ihrer Bestellung zur\u00fcckgeben. Um den R\u00fcckgabeprozess zu starten, kontaktieren Sie uns bitte unter sales[at]soundlesstech.com. <br><br>Die R\u00fcckgaberichtlinie gilt nur f\u00fcr K\u00e4ufe \u00fcber unseren offiziellen Webshop. Wenn Sie Ihr Produkt bei einem autorisierten H\u00e4ndler gekauft haben, wenden Sie sich bitte direkt an diesen, um Unterst\u00fctzung bei der R\u00fcckgabe zu erhalten. <\/p><\/div><\/div><\/div><\/div>\n<\/div><\/div>\n\n<div class=\"wp-block-group alignfull has-global-padding is-layout-constrained wp-block-group-is-layout-constrained\" style=\"margin-bottom:0;padding-bottom:0\">\n<div class=\"wp-block-cover alignfull uag-hide-mob\" style=\"padding-top:var(--wp--preset--spacing--30);padding-right:var(--wp--preset--spacing--30);padding-bottom:0;padding-left:var(--wp--preset--spacing--30);min-height:669px;aspect-ratio:unset;\"><img loading=\"lazy\" decoding=\"async\" width=\"1440\" height=\"535\" class=\"wp-block-cover__image-background wp-image-222349299 size-large\" alt=\"\" src=\"https:\/\/quieton.com\/wp-content\/uploads\/2026\/02\/footer-1440x535.png\" style=\"object-position:49% 28%\" data-object-fit=\"cover\" data-object-position=\"49% 28%\" srcset=\"https:\/\/quieton.com\/wp-content\/uploads\/2026\/02\/footer-1440x535.png 1440w, https:\/\/quieton.com\/wp-content\/uploads\/2026\/02\/footer-640x238.png 640w, https:\/\/quieton.com\/wp-content\/uploads\/2026\/02\/footer-768x285.png 768w, https:\/\/quieton.com\/wp-content\/uploads\/2026\/02\/footer-1536x571.png 1536w, https:\/\/quieton.com\/wp-content\/uploads\/2026\/02\/footer-360x134.png 360w, https:\/\/quieton.com\/wp-content\/uploads\/2026\/02\/footer-530x197.png 530w, https:\/\/quieton.com\/wp-content\/uploads\/2026\/02\/footer.png 2000w\" sizes=\"auto, (max-width: 1440px) 100vw, 1440px\" \/><span aria-hidden=\"true\" class=\"wp-block-cover__background has-background-dim-0 has-background-dim has-background-gradient\" style=\"background-color:#4e3e34;background:linear-gradient(90deg,rgba(255,255,255,0.16) 39%,rgb(243,243,243) 66%)\"><\/span><div class=\"wp-block-cover__inner-container is-layout-flow wp-container-core-cover-is-layout-644bd98e wp-block-cover-is-layout-flow\">\n<div class=\"wp-block-group has-global-padding is-content-justification-center is-layout-constrained wp-block-group-is-layout-constrained\" style=\"padding-top:var(--wp--preset--spacing--70);padding-bottom:var(--wp--preset--spacing--70)\">\n<p class=\"has-text-align-center has-white-color has-text-color has-link-color has-paralucent-font-family wp-elements-64e0a41a3702e4c752043748e6d1a1e3\" style=\"font-size:clamp(2.876rem, 2.876rem + ((1vw - 0.2rem) * 4.175), 5.6rem);\">Get your QuietOn<\/p>\n<\/div>\n\n\n\n<div class=\"wp-block-group has-global-padding is-content-justification-center is-layout-constrained wp-block-group-is-layout-constrained\">\n\n\n<div class=\"wp-block-geotargeting-pro-gutenberg-country\">\n<div class=\"wp-block-uagb-buttons uagb-buttons__outer-wrap uagb-btn__default-btn uagb-btn-tablet__default-btn uagb-btn-mobile__default-btn uagb-block-2c9c6512\"><div class=\"uagb-buttons__wrap uagb-buttons-layout-wrap \">\n<div class=\"wp-block-uagb-buttons-child uagb-buttons__outer-wrap uagb-block-5092a7f9 wp-block-button\"><div class=\"uagb-button__wrapper\"><a class=\"uagb-buttons-repeater wp-block-button__link\" aria-label=\"\" href=\"https:\/\/quieton.com\/de\/wo-kaufen\/\" rel=\"follow noopener\" target=\"_self\" role=\"button\"><div class=\"uagb-button__link\">WO KAUFEN?<\/div><\/a><\/div><\/div>\n<\/div><\/div>\n<\/div>\n<\/div>\n<\/div><\/div>\n\n\n\n<div class=\"wp-block-cover alignfull uag-hide-desktop uag-hide-tab\" style=\"padding-top:var(--wp--preset--spacing--30);padding-right:var(--wp--preset--spacing--30);padding-bottom:0;padding-left:var(--wp--preset--spacing--30);min-height:669px;aspect-ratio:unset;\"><img loading=\"lazy\" decoding=\"async\" width=\"1440\" height=\"535\" class=\"wp-block-cover__image-background wp-image-222349299 size-large\" alt=\"\" src=\"https:\/\/quieton.com\/wp-content\/uploads\/2026\/02\/footer-1440x535.png\" style=\"object-position:56% 21%\" data-object-fit=\"cover\" data-object-position=\"56% 21%\" srcset=\"https:\/\/quieton.com\/wp-content\/uploads\/2026\/02\/footer-1440x535.png 1440w, https:\/\/quieton.com\/wp-content\/uploads\/2026\/02\/footer-640x238.png 640w, https:\/\/quieton.com\/wp-content\/uploads\/2026\/02\/footer-768x285.png 768w, https:\/\/quieton.com\/wp-content\/uploads\/2026\/02\/footer-1536x571.png 1536w, https:\/\/quieton.com\/wp-content\/uploads\/2026\/02\/footer-360x134.png 360w, https:\/\/quieton.com\/wp-content\/uploads\/2026\/02\/footer-530x197.png 530w, https:\/\/quieton.com\/wp-content\/uploads\/2026\/02\/footer.png 2000w\" sizes=\"auto, (max-width: 1440px) 100vw, 1440px\" \/><span aria-hidden=\"true\" class=\"wp-block-cover__background has-background-dim-0 has-background-dim has-background-gradient\" style=\"background-color:#4e3e34;background:linear-gradient(90deg,rgba(255,255,255,0.16) 39%,rgb(243,243,243) 66%)\"><\/span><div class=\"wp-block-cover__inner-container is-layout-flow wp-container-core-cover-is-layout-644bd98e wp-block-cover-is-layout-flow\">\n<div class=\"wp-block-group has-global-padding is-content-justification-center is-layout-constrained wp-block-group-is-layout-constrained\" style=\"padding-top:var(--wp--preset--spacing--70);padding-bottom:var(--wp--preset--spacing--70)\">\n<p class=\"has-text-align-center has-white-color has-text-color has-link-color has-paralucent-font-family wp-elements-64e0a41a3702e4c752043748e6d1a1e3\" style=\"font-size:clamp(2.876rem, 2.876rem + ((1vw - 0.2rem) * 4.175), 5.6rem);\">Get your QuietOn<\/p>\n<\/div>\n\n\n\n<div class=\"wp-block-group has-global-padding is-content-justification-center is-layout-constrained wp-block-group-is-layout-constrained\">\n\n\n<div class=\"wp-block-geotargeting-pro-gutenberg-country\">\n<div class=\"wp-block-uagb-buttons uagb-buttons__outer-wrap uagb-btn__default-btn uagb-btn-tablet__default-btn uagb-btn-mobile__default-btn uagb-block-2c9c6512\"><div class=\"uagb-buttons__wrap uagb-buttons-layout-wrap \">\n<div class=\"wp-block-uagb-buttons-child uagb-buttons__outer-wrap uagb-block-5092a7f9 wp-block-button\"><div class=\"uagb-button__wrapper\"><a class=\"uagb-buttons-repeater wp-block-button__link\" aria-label=\"\" href=\"https:\/\/quieton.com\/de\/wo-kaufen\/\" rel=\"follow noopener\" target=\"_self\" role=\"button\"><div class=\"uagb-button__link\">WO KAUFEN?<\/div><\/a><\/div><\/div>\n<\/div><\/div>\n<\/div>\n<\/div>\n<\/div><\/div>\n<\/div>\n","protected":false},"excerpt":{"rendered":"<p>Garantie &amp; R\u00fccksendungen<\/p>\n","protected":false},"author":12,"featured_media":0,"parent":222348959,"menu_order":0,"comment_status":"closed","ping_status":"closed","template":"wp-custom-template-oletus-template","meta":{"_acf_changed":false,"_uag_custom_page_level_css":"","footnotes":""},"class_list":["post-222348922","page","type-page","status-publish","hentry"],"acf":[],"yoast_head":"<!-- This site is optimized with the Yoast SEO plugin v27.4 - https:\/\/yoast.com\/product\/yoast-seo-wordpress\/ -->\n<title>Garantie &amp; R\u00fccksendungen - QuietOn<\/title>\n<meta name=\"description\" content=\"Verstehe die Garantiebedingungen der QuietOn\u2011Ohrst\u00f6psel mit aktiver Ger\u00e4uschunterdr\u00fcckung, die Voraussetzungen f\u00fcr R\u00fcckgaben und wie du schnellen Produktsupport erh\u00e4ltst.\" \/>\n<meta name=\"robots\" content=\"index, follow, max-snippet:-1, max-image-preview:large, max-video-preview:-1\" \/>\n<link rel=\"canonical\" href=\"https:\/\/quieton.com\/de\/quieton-faq\/garantie-ruecksendungen\/\" \/>\n<meta property=\"og:locale\" content=\"de_DE\" \/>\n<meta property=\"og:type\" content=\"article\" \/>\n<meta property=\"og:title\" content=\"Garantie &amp; R\u00fccksendungen - QuietOn\" \/>\n<meta property=\"og:description\" content=\"Verstehe die Garantiebedingungen der QuietOn\u2011Ohrst\u00f6psel mit aktiver Ger\u00e4uschunterdr\u00fcckung, die Voraussetzungen f\u00fcr R\u00fcckgaben und wie du schnellen Produktsupport erh\u00e4ltst.\" \/>\n<meta property=\"og:url\" content=\"https:\/\/quieton.com\/de\/quieton-faq\/garantie-ruecksendungen\/\" \/>\n<meta property=\"og:site_name\" content=\"QuietOn\" \/>\n<meta property=\"article:modified_time\" content=\"2026-02-06T13:14:00+00:00\" \/>\n<meta name=\"twitter:card\" content=\"summary_large_image\" \/>\n<script type=\"application\/ld+json\" class=\"yoast-schema-graph\">{\"@context\":\"https:\\\/\\\/schema.org\",\"@graph\":[{\"@type\":\"WebPage\",\"@id\":\"https:\\\/\\\/quieton.com\\\/de\\\/quieton-faq\\\/garantie-ruecksendungen\\\/\",\"url\":\"https:\\\/\\\/quieton.com\\\/de\\\/quieton-faq\\\/garantie-ruecksendungen\\\/\",\"name\":\"Garantie &amp; R\u00fccksendungen - QuietOn\",\"isPartOf\":{\"@id\":\"https:\\\/\\\/quieton.com\\\/de\\\/#website\"},\"datePublished\":\"2026-02-06T11:25:25+00:00\",\"dateModified\":\"2026-02-06T13:14:00+00:00\",\"description\":\"Verstehe die Garantiebedingungen der QuietOn\u2011Ohrst\u00f6psel mit aktiver Ger\u00e4uschunterdr\u00fcckung, die Voraussetzungen f\u00fcr R\u00fcckgaben und wie du schnellen Produktsupport erh\u00e4ltst.\",\"breadcrumb\":{\"@id\":\"https:\\\/\\\/quieton.com\\\/de\\\/quieton-faq\\\/garantie-ruecksendungen\\\/#breadcrumb\"},\"inLanguage\":\"de\",\"potentialAction\":[{\"@type\":\"ReadAction\",\"target\":[\"https:\\\/\\\/quieton.com\\\/de\\\/quieton-faq\\\/garantie-ruecksendungen\\\/\"]}]},{\"@type\":\"BreadcrumbList\",\"@id\":\"https:\\\/\\\/quieton.com\\\/de\\\/quieton-faq\\\/garantie-ruecksendungen\\\/#breadcrumb\",\"itemListElement\":[{\"@type\":\"ListItem\",\"position\":1,\"name\":\"Home\",\"item\":\"https:\\\/\\\/quieton.com\\\/de\\\/\"},{\"@type\":\"ListItem\",\"position\":2,\"name\":\"QuietOn FAQ\",\"item\":\"https:\\\/\\\/quieton.com\\\/de\\\/quieton-faq\\\/\"},{\"@type\":\"ListItem\",\"position\":3,\"name\":\"Garantie &amp; R\u00fccksendungen\"}]},{\"@type\":\"WebSite\",\"@id\":\"https:\\\/\\\/quieton.com\\\/de\\\/#website\",\"url\":\"https:\\\/\\\/quieton.com\\\/de\\\/\",\"name\":\"QuietOn\",\"description\":\"\",\"publisher\":{\"@id\":\"https:\\\/\\\/quieton.com\\\/de\\\/#organization\"},\"potentialAction\":[{\"@type\":\"SearchAction\",\"target\":{\"@type\":\"EntryPoint\",\"urlTemplate\":\"https:\\\/\\\/quieton.com\\\/de\\\/?s={search_term_string}\"},\"query-input\":{\"@type\":\"PropertyValueSpecification\",\"valueRequired\":true,\"valueName\":\"search_term_string\"}}],\"inLanguage\":\"de\"},{\"@type\":\"Organization\",\"@id\":\"https:\\\/\\\/quieton.com\\\/de\\\/#organization\",\"name\":\"QuietOn\",\"url\":\"https:\\\/\\\/quieton.com\\\/de\\\/\",\"logo\":{\"@type\":\"ImageObject\",\"inLanguage\":\"de\",\"@id\":\"https:\\\/\\\/quieton.com\\\/de\\\/#\\\/schema\\\/logo\\\/image\\\/\",\"url\":\"\",\"contentUrl\":\"\",\"caption\":\"QuietOn\"},\"image\":{\"@id\":\"https:\\\/\\\/quieton.com\\\/de\\\/#\\\/schema\\\/logo\\\/image\\\/\"}}]}<\/script>\n<!-- \/ Yoast SEO plugin. -->","yoast_head_json":{"title":"Garantie &amp; R\u00fccksendungen - QuietOn","description":"Verstehe die Garantiebedingungen der QuietOn\u2011Ohrst\u00f6psel mit aktiver Ger\u00e4uschunterdr\u00fcckung, die Voraussetzungen f\u00fcr R\u00fcckgaben und wie du schnellen Produktsupport erh\u00e4ltst.","robots":{"index":"index","follow":"follow","max-snippet":"max-snippet:-1","max-image-preview":"max-image-preview:large","max-video-preview":"max-video-preview:-1"},"canonical":"https:\/\/quieton.com\/de\/quieton-faq\/garantie-ruecksendungen\/","og_locale":"de_DE","og_type":"article","og_title":"Garantie &amp; R\u00fccksendungen - QuietOn","og_description":"Verstehe die Garantiebedingungen der QuietOn\u2011Ohrst\u00f6psel mit aktiver Ger\u00e4uschunterdr\u00fcckung, die Voraussetzungen f\u00fcr R\u00fcckgaben und wie du schnellen Produktsupport erh\u00e4ltst.","og_url":"https:\/\/quieton.com\/de\/quieton-faq\/garantie-ruecksendungen\/","og_site_name":"QuietOn","article_modified_time":"2026-02-06T13:14:00+00:00","twitter_card":"summary_large_image","schema":{"@context":"https:\/\/schema.org","@graph":[{"@type":"WebPage","@id":"https:\/\/quieton.com\/de\/quieton-faq\/garantie-ruecksendungen\/","url":"https:\/\/quieton.com\/de\/quieton-faq\/garantie-ruecksendungen\/","name":"Garantie &amp; R\u00fccksendungen - QuietOn","isPartOf":{"@id":"https:\/\/quieton.com\/de\/#website"},"datePublished":"2026-02-06T11:25:25+00:00","dateModified":"2026-02-06T13:14:00+00:00","description":"Verstehe die Garantiebedingungen der QuietOn\u2011Ohrst\u00f6psel mit aktiver Ger\u00e4uschunterdr\u00fcckung, die Voraussetzungen f\u00fcr R\u00fcckgaben und wie du schnellen Produktsupport erh\u00e4ltst.","breadcrumb":{"@id":"https:\/\/quieton.com\/de\/quieton-faq\/garantie-ruecksendungen\/#breadcrumb"},"inLanguage":"de","potentialAction":[{"@type":"ReadAction","target":["https:\/\/quieton.com\/de\/quieton-faq\/garantie-ruecksendungen\/"]}]},{"@type":"BreadcrumbList","@id":"https:\/\/quieton.com\/de\/quieton-faq\/garantie-ruecksendungen\/#breadcrumb","itemListElement":[{"@type":"ListItem","position":1,"name":"Home","item":"https:\/\/quieton.com\/de\/"},{"@type":"ListItem","position":2,"name":"QuietOn FAQ","item":"https:\/\/quieton.com\/de\/quieton-faq\/"},{"@type":"ListItem","position":3,"name":"Garantie &amp; R\u00fccksendungen"}]},{"@type":"WebSite","@id":"https:\/\/quieton.com\/de\/#website","url":"https:\/\/quieton.com\/de\/","name":"QuietOn","description":"","publisher":{"@id":"https:\/\/quieton.com\/de\/#organization"},"potentialAction":[{"@type":"SearchAction","target":{"@type":"EntryPoint","urlTemplate":"https:\/\/quieton.com\/de\/?s={search_term_string}"},"query-input":{"@type":"PropertyValueSpecification","valueRequired":true,"valueName":"search_term_string"}}],"inLanguage":"de"},{"@type":"Organization","@id":"https:\/\/quieton.com\/de\/#organization","name":"QuietOn","url":"https:\/\/quieton.com\/de\/","logo":{"@type":"ImageObject","inLanguage":"de","@id":"https:\/\/quieton.com\/de\/#\/schema\/logo\/image\/","url":"","contentUrl":"","caption":"QuietOn"},"image":{"@id":"https:\/\/quieton.com\/de\/#\/schema\/logo\/image\/"}}]}},"uagb_featured_image_src":{"full":false,"thumbnail":false,"medium":false,"medium_large":false,"large":false,"tf-client-image-size":false,"1536x1536":false,"2048x2048":false,"woocommerce_thumbnail":false,"woocommerce_single":false,"woocommerce_gallery_thumbnail":false},"uagb_author_info":{"display_name":"Janne Kyll\u00f6nen","author_link":"https:\/\/quieton.com\/de\/author\/janne\/"},"uagb_comment_info":0,"uagb_excerpt":"Garantie &amp; R\u00fccksendungen","_links":{"self":[{"href":"https:\/\/quieton.com\/de\/wp-json\/wp\/v2\/pages\/222348922","targetHints":{"allow":["GET"]}}],"collection":[{"href":"https:\/\/quieton.com\/de\/wp-json\/wp\/v2\/pages"}],"about":[{"href":"https:\/\/quieton.com\/de\/wp-json\/wp\/v2\/types\/page"}],"author":[{"embeddable":true,"href":"https:\/\/quieton.com\/de\/wp-json\/wp\/v2\/users\/12"}],"replies":[{"embeddable":true,"href":"https:\/\/quieton.com\/de\/wp-json\/wp\/v2\/comments?post=222348922"}],"version-history":[{"count":1,"href":"https:\/\/quieton.com\/de\/wp-json\/wp\/v2\/pages\/222348922\/revisions"}],"predecessor-version":[{"id":222348923,"href":"https:\/\/quieton.com\/de\/wp-json\/wp\/v2\/pages\/222348922\/revisions\/222348923"}],"up":[{"embeddable":true,"href":"https:\/\/quieton.com\/de\/wp-json\/wp\/v2\/pages\/222348959"}],"wp:attachment":[{"href":"https:\/\/quieton.com\/de\/wp-json\/wp\/v2\/media?parent=222348922"}],"curies":[{"name":"wp","href":"https:\/\/api.w.org\/{rel}","templated":true}]}}