{"id":222348911,"date":"2026-02-06T10:40:35","date_gmt":"2026-02-06T08:40:35","guid":{"rendered":"https:\/\/quieton.com\/presse-und-medien\/"},"modified":"2026-02-06T13:15:38","modified_gmt":"2026-02-06T11:15:38","slug":"presse-und-medien","status":"publish","type":"page","link":"https:\/\/quieton.com\/de\/presse-und-medien\/","title":{"rendered":"Presse und Medien"},"content":{"rendered":"\n<div class=\"wp-block-group alignfull has-global-padding is-layout-constrained wp-block-group-is-layout-constrained\">\n<div class=\"wp-block-cover alignfull has-parallax\" style=\"margin-top:0;margin-bottom:0\"><div role=\"img\" aria-label=\"Woman sleeping peacefully with QuietOn 4 active noise-canceling earbuds, blocking snoring and low-frequency noises for better sleep. No Bluetooth, no app, no hassle\u2014just simple, effective noise cancellation\" class=\"wp-block-cover__image-background wp-image-222347873 size-large has-parallax\" style=\"background-position:50% 50%;background-image:url(https:\/\/quieton.com\/wp-content\/uploads\/2026\/01\/Uusi_siistitty-iho-1440x535.jpg)\"><\/div><span aria-hidden=\"true\" class=\"wp-block-cover__background has-dark-background-color has-background-dim-0 has-background-dim\"><\/span><div class=\"wp-block-cover__inner-container is-layout-flow wp-block-cover-is-layout-flow\">\n<h1 class=\"wp-block-heading has-text-align-center has-paralucent-font-family has-xx-large-font-size\" id=\"h-press-and-media\" style=\"padding-top:0;padding-right:0;padding-bottom:0;padding-left:0\">Presse und Medien<\/h1>\n<\/div><\/div>\n<\/div>\n\n<div class=\"wp-block-uagb-container uagb-block-19849d2b alignfull uagb-is-root-container\"><div class=\"uagb-container-inner-blocks-wrap\">\n<div class=\"wp-block-columns alignwide reverse-on-mobile is-layout-flex wp-container-core-columns-is-layout-fd1f1994 wp-block-columns-is-layout-flex\" style=\"padding-top:var(--wp--preset--spacing--60);padding-bottom:var(--wp--preset--spacing--60)\">\n<div class=\"wp-block-column is-layout-flow wp-block-column-is-layout-flow\" style=\"flex-basis:1000px\">\n<h2 class=\"wp-block-heading has-paralucent-font-family has-x-large-font-size\">QuietOn Sleep\u2011Ohrst\u00f6psel von Soundless<\/h2>\n\n\n\n<p>Soundless Ltd ist ein finnisches Technologieunternehmen, das sich auf die Entwicklung fortschrittlicher L\u00f6sungen zur aktiven Ger\u00e4uschunterdr\u00fcckung (ANC) spezialisiert. Das Flaggschiff des Unternehmens sind die QuietOn\u2011ANC\u2011Ohrst\u00f6psel f\u00fcr den Schlaf. Bekannt f\u00fcr kompakte, kabellose ANC\u2011Earbuds, die auf Komfort und Leistung ausgelegt sind, baut Soundless auf nordische Innovation und ein starkes Engagement f\u00fcr Wohlbefinden. Das Unternehmen widmet sich der Entwicklung intelligenterer und wirkungsvollerer ANC\u2011L\u00f6sungen.   <\/p>\n\n\n\n<h2 class=\"wp-block-heading has-paralucent-font-family has-x-large-font-size\">Pressekit<\/h2>\n\n\n\n<p>Das Pressekit enth\u00e4lt unsere offiziellen Produktbilder, Markenbilder und Logotypen f\u00fcr Presse und Medien. Sie k\u00f6nnen frei f\u00fcr Ver\u00f6ffentlichungen und Presseberichte verwendet werden. <\/p>\n\n\n\n<div class=\"wp-block-buttons is-layout-flex wp-block-buttons-is-layout-flex\">\n<div class=\"wp-block-button\"><a class=\"wp-block-button__link has-dark-color has-border-yellow-background-color has-text-color has-background wp-element-button\" href=\"https:\/\/drive.google.com\/drive\/folders\/1r9yvGPi3VgeZqst3EKpV5K0YEw3H3wfR?usp=drive_link\" target=\"_blank\" rel=\"noreferrer noopener\">Press Kit QuietOn 4<\/a><\/div>\n<\/div>\n\n\n\n<h2 class=\"wp-block-heading has-paralucent-font-family has-x-large-font-size\">Pressemitteilungen<\/h2>\n\n\n\n<p class=\"has-link-color wp-elements-51645847f644434eedf45f480049ca36\"><a href=\"https:\/\/quieton.com\/wp-content\/uploads\/2025\/08\/Soundless-Ltd-Launches-QuietOn-4-PR-1.pdf\" target=\"_blank\" rel=\"noreferrer noopener\">Soundless Ltd Launches QuietOn 4: Next Evolution in Sleep-Enhancing ANC Earbuds<\/a><\/p>\n\n\n\n<p class=\"has-link-color wp-elements-1ac678f892acb35d63c8539032386abb\"><a href=\"https:\/\/quieton.com\/wp-content\/uploads\/2023\/02\/QuietOn-3.1-Tech-Update-PR-.pdf\" target=\"_blank\" rel=\"noreferrer noopener\">QuietOn Upgrades the Journey to Quietude with New QuietOn 3.1 Tech Update, Designed to Further Enhance Sleep Quality<\/a><\/p>\n\n\n\n<h2 class=\"wp-block-heading has-text-align-left has-paralucent-font-family has-x-large-font-size\">F\u00fcr weitere Informationen<\/h2>\n\n\n\n<div class=\"wp-block-group alignwide is-layout-flow wp-block-group-is-layout-flow\" style=\"padding-top:0;padding-bottom:var(--wp--preset--spacing--60)\">\n<p class=\"has-text-align-left has-medium-font-size\" style=\"margin-top:0;margin-right:0;margin-bottom:0;margin-left:0\">Katja Siberg<\/p>\n\n\n\n<p class=\"has-text-align-left has-medium-font-size\" style=\"margin-top:0;margin-right:0;margin-bottom:0;margin-left:0\">CEO<\/p>\n\n\n\n<p class=\"has-text-align-left\" style=\"margin-top:0;margin-right:0;margin-bottom:0;margin-left:0\">katja.siberg[at]soundlesstech.com<\/p>\n\n\n\n<p>Eine \u00dcbersicht \u00fcber Ver\u00f6ffentlichungen finden Sie <a href=\"https:\/\/quieton.com\/it\/reviews\/\">hier<\/a>.<\/p>\n<\/div>\n<\/div>\n<\/div>\n<\/div><\/div>\n\n<div class=\"wp-block-group alignfull has-global-padding is-layout-constrained wp-block-group-is-layout-constrained\" style=\"margin-bottom:0;padding-bottom:0\">\n<div class=\"wp-block-cover alignfull uag-hide-mob\" style=\"padding-top:var(--wp--preset--spacing--30);padding-right:var(--wp--preset--spacing--30);padding-bottom:0;padding-left:var(--wp--preset--spacing--30);min-height:669px;aspect-ratio:unset;\"><img loading=\"lazy\" decoding=\"async\" width=\"1440\" height=\"535\" class=\"wp-block-cover__image-background wp-image-222349299 size-large\" alt=\"\" src=\"https:\/\/quieton.com\/wp-content\/uploads\/2026\/02\/footer-1440x535.png\" style=\"object-position:49% 28%\" data-object-fit=\"cover\" data-object-position=\"49% 28%\" srcset=\"https:\/\/quieton.com\/wp-content\/uploads\/2026\/02\/footer-1440x535.png 1440w, https:\/\/quieton.com\/wp-content\/uploads\/2026\/02\/footer-640x238.png 640w, https:\/\/quieton.com\/wp-content\/uploads\/2026\/02\/footer-768x285.png 768w, https:\/\/quieton.com\/wp-content\/uploads\/2026\/02\/footer-1536x571.png 1536w, https:\/\/quieton.com\/wp-content\/uploads\/2026\/02\/footer-360x134.png 360w, https:\/\/quieton.com\/wp-content\/uploads\/2026\/02\/footer-530x197.png 530w, https:\/\/quieton.com\/wp-content\/uploads\/2026\/02\/footer.png 2000w\" sizes=\"auto, (max-width: 1440px) 100vw, 1440px\" \/><span aria-hidden=\"true\" class=\"wp-block-cover__background has-background-dim-0 has-background-dim has-background-gradient\" style=\"background-color:#4e3e34;background:linear-gradient(90deg,rgba(255,255,255,0.16) 39%,rgb(243,243,243) 66%)\"><\/span><div class=\"wp-block-cover__inner-container is-layout-flow wp-container-core-cover-is-layout-644bd98e wp-block-cover-is-layout-flow\">\n<div class=\"wp-block-group has-global-padding is-content-justification-center is-layout-constrained wp-block-group-is-layout-constrained\" style=\"padding-top:var(--wp--preset--spacing--70);padding-bottom:var(--wp--preset--spacing--70)\">\n<p class=\"has-text-align-center has-white-color has-text-color has-link-color has-paralucent-font-family wp-elements-64e0a41a3702e4c752043748e6d1a1e3\" style=\"font-size:clamp(2.876rem, 2.876rem + ((1vw - 0.2rem) * 4.175), 5.6rem);\">Get your QuietOn<\/p>\n<\/div>\n\n\n\n<div class=\"wp-block-group has-global-padding is-content-justification-center is-layout-constrained wp-block-group-is-layout-constrained\">\n\n\n<div class=\"wp-block-geotargeting-pro-gutenberg-country\">\n<div class=\"wp-block-uagb-buttons uagb-buttons__outer-wrap uagb-btn__default-btn uagb-btn-tablet__default-btn uagb-btn-mobile__default-btn uagb-block-2c9c6512\"><div class=\"uagb-buttons__wrap uagb-buttons-layout-wrap \">\n<div class=\"wp-block-uagb-buttons-child uagb-buttons__outer-wrap uagb-block-5092a7f9 wp-block-button\"><div class=\"uagb-button__wrapper\"><a class=\"uagb-buttons-repeater wp-block-button__link\" aria-label=\"\" href=\"https:\/\/quieton.com\/de\/wo-kaufen\/\" rel=\"follow noopener\" target=\"_self\" role=\"button\"><div class=\"uagb-button__link\">WO KAUFEN?<\/div><\/a><\/div><\/div>\n<\/div><\/div>\n<\/div>\n<\/div>\n<\/div><\/div>\n\n\n\n<div class=\"wp-block-cover alignfull uag-hide-desktop uag-hide-tab\" style=\"padding-top:var(--wp--preset--spacing--30);padding-right:var(--wp--preset--spacing--30);padding-bottom:0;padding-left:var(--wp--preset--spacing--30);min-height:669px;aspect-ratio:unset;\"><img loading=\"lazy\" decoding=\"async\" width=\"1440\" height=\"535\" class=\"wp-block-cover__image-background wp-image-222349299 size-large\" alt=\"\" src=\"https:\/\/quieton.com\/wp-content\/uploads\/2026\/02\/footer-1440x535.png\" style=\"object-position:56% 21%\" data-object-fit=\"cover\" data-object-position=\"56% 21%\" srcset=\"https:\/\/quieton.com\/wp-content\/uploads\/2026\/02\/footer-1440x535.png 1440w, https:\/\/quieton.com\/wp-content\/uploads\/2026\/02\/footer-640x238.png 640w, https:\/\/quieton.com\/wp-content\/uploads\/2026\/02\/footer-768x285.png 768w, https:\/\/quieton.com\/wp-content\/uploads\/2026\/02\/footer-1536x571.png 1536w, https:\/\/quieton.com\/wp-content\/uploads\/2026\/02\/footer-360x134.png 360w, https:\/\/quieton.com\/wp-content\/uploads\/2026\/02\/footer-530x197.png 530w, https:\/\/quieton.com\/wp-content\/uploads\/2026\/02\/footer.png 2000w\" sizes=\"auto, (max-width: 1440px) 100vw, 1440px\" \/><span aria-hidden=\"true\" class=\"wp-block-cover__background has-background-dim-0 has-background-dim has-background-gradient\" style=\"background-color:#4e3e34;background:linear-gradient(90deg,rgba(255,255,255,0.16) 39%,rgb(243,243,243) 66%)\"><\/span><div class=\"wp-block-cover__inner-container is-layout-flow wp-container-core-cover-is-layout-644bd98e wp-block-cover-is-layout-flow\">\n<div class=\"wp-block-group has-global-padding is-content-justification-center is-layout-constrained wp-block-group-is-layout-constrained\" style=\"padding-top:var(--wp--preset--spacing--70);padding-bottom:var(--wp--preset--spacing--70)\">\n<p class=\"has-text-align-center has-white-color has-text-color has-link-color has-paralucent-font-family wp-elements-64e0a41a3702e4c752043748e6d1a1e3\" style=\"font-size:clamp(2.876rem, 2.876rem + ((1vw - 0.2rem) * 4.175), 5.6rem);\">Get your QuietOn<\/p>\n<\/div>\n\n\n\n<div class=\"wp-block-group has-global-padding is-content-justification-center is-layout-constrained wp-block-group-is-layout-constrained\">\n\n\n<div class=\"wp-block-geotargeting-pro-gutenberg-country\">\n<div class=\"wp-block-uagb-buttons uagb-buttons__outer-wrap uagb-btn__default-btn uagb-btn-tablet__default-btn uagb-btn-mobile__default-btn uagb-block-2c9c6512\"><div class=\"uagb-buttons__wrap uagb-buttons-layout-wrap \">\n<div class=\"wp-block-uagb-buttons-child uagb-buttons__outer-wrap uagb-block-5092a7f9 wp-block-button\"><div class=\"uagb-button__wrapper\"><a class=\"uagb-buttons-repeater wp-block-button__link\" aria-label=\"\" href=\"https:\/\/quieton.com\/de\/wo-kaufen\/\" rel=\"follow noopener\" target=\"_self\" role=\"button\"><div class=\"uagb-button__link\">WO KAUFEN?<\/div><\/a><\/div><\/div>\n<\/div><\/div>\n<\/div>\n<\/div>\n<\/div><\/div>\n<\/div>\n","protected":false},"excerpt":{"rendered":"<p>QuietOn Sleep\u2011Ohrst\u00f6psel von Soundless Soundless Ltd ist ein finnisches Technologieunternehmen, das sich auf die Entwicklung fortschrittlicher L\u00f6sungen zur aktiven Ger\u00e4uschunterdr\u00fcckung (ANC) spezialisiert. Das Flaggschiff des Unternehmens sind die QuietOn\u2011ANC\u2011Ohrst\u00f6psel f\u00fcr den Schlaf. Bekannt f\u00fcr kompakte, kabellose ANC\u2011Earbuds, die auf Komfort und Leistung ausgelegt sind, baut Soundless auf nordische Innovation und ein starkes Engagement f\u00fcr Wohlbefinden. [&hellip;]<\/p>\n","protected":false},"author":1,"featured_media":0,"parent":0,"menu_order":10,"comment_status":"closed","ping_status":"closed","template":"wp-custom-template-oletus-template","meta":{"_acf_changed":false,"_uag_custom_page_level_css":"","footnotes":""},"class_list":["post-222348911","page","type-page","status-publish","hentry"],"acf":[],"yoast_head":"<!-- This site is optimized with the Yoast SEO plugin v27.3 - https:\/\/yoast.com\/product\/yoast-seo-wordpress\/ -->\n<title>Presse und Medien - QuietOn<\/title>\n<meta name=\"description\" content=\"Tauche ein in die Welt von QuietOn. Entdecke pressefertige Materialien und Medienressourcen, die dir helfen, die Zukunft besseren Schlafs zu teilen.\" \/>\n<meta name=\"robots\" content=\"index, follow, max-snippet:-1, max-image-preview:large, max-video-preview:-1\" \/>\n<link rel=\"canonical\" href=\"https:\/\/quieton.com\/de\/presse-und-medien\/\" \/>\n<meta property=\"og:locale\" content=\"de_DE\" \/>\n<meta property=\"og:type\" content=\"article\" \/>\n<meta property=\"og:title\" content=\"Presse und Medien - QuietOn\" \/>\n<meta property=\"og:description\" content=\"Tauche ein in die Welt von QuietOn. Entdecke pressefertige Materialien und Medienressourcen, die dir helfen, die Zukunft besseren Schlafs zu teilen.\" \/>\n<meta property=\"og:url\" content=\"https:\/\/quieton.com\/de\/presse-und-medien\/\" \/>\n<meta property=\"og:site_name\" content=\"QuietOn\" \/>\n<meta property=\"article:modified_time\" content=\"2026-02-06T11:15:38+00:00\" \/>\n<meta name=\"twitter:card\" content=\"summary_large_image\" \/>\n<meta name=\"twitter:label1\" content=\"Gesch\u00e4tzte Lesezeit\" \/>\n\t<meta name=\"twitter:data1\" content=\"1\u00a0Minute\" \/>\n<script type=\"application\/ld+json\" class=\"yoast-schema-graph\">{\"@context\":\"https:\\\/\\\/schema.org\",\"@graph\":[{\"@type\":\"WebPage\",\"@id\":\"https:\\\/\\\/quieton.com\\\/de\\\/presse-und-medien\\\/\",\"url\":\"https:\\\/\\\/quieton.com\\\/de\\\/presse-und-medien\\\/\",\"name\":\"Presse und Medien - QuietOn\",\"isPartOf\":{\"@id\":\"https:\\\/\\\/quieton.com\\\/de\\\/#website\"},\"datePublished\":\"2026-02-06T08:40:35+00:00\",\"dateModified\":\"2026-02-06T11:15:38+00:00\",\"description\":\"Tauche ein in die Welt von QuietOn. Entdecke pressefertige Materialien und Medienressourcen, die dir helfen, die Zukunft besseren Schlafs zu teilen.\",\"breadcrumb\":{\"@id\":\"https:\\\/\\\/quieton.com\\\/de\\\/presse-und-medien\\\/#breadcrumb\"},\"inLanguage\":\"de\",\"potentialAction\":[{\"@type\":\"ReadAction\",\"target\":[\"https:\\\/\\\/quieton.com\\\/de\\\/presse-und-medien\\\/\"]}]},{\"@type\":\"BreadcrumbList\",\"@id\":\"https:\\\/\\\/quieton.com\\\/de\\\/presse-und-medien\\\/#breadcrumb\",\"itemListElement\":[{\"@type\":\"ListItem\",\"position\":1,\"name\":\"Home\",\"item\":\"https:\\\/\\\/quieton.com\\\/de\\\/\"},{\"@type\":\"ListItem\",\"position\":2,\"name\":\"Presse und Medien\"}]},{\"@type\":\"WebSite\",\"@id\":\"https:\\\/\\\/quieton.com\\\/de\\\/#website\",\"url\":\"https:\\\/\\\/quieton.com\\\/de\\\/\",\"name\":\"QuietOn\",\"description\":\"\",\"publisher\":{\"@id\":\"https:\\\/\\\/quieton.com\\\/de\\\/#organization\"},\"potentialAction\":[{\"@type\":\"SearchAction\",\"target\":{\"@type\":\"EntryPoint\",\"urlTemplate\":\"https:\\\/\\\/quieton.com\\\/de\\\/?s={search_term_string}\"},\"query-input\":{\"@type\":\"PropertyValueSpecification\",\"valueRequired\":true,\"valueName\":\"search_term_string\"}}],\"inLanguage\":\"de\"},{\"@type\":\"Organization\",\"@id\":\"https:\\\/\\\/quieton.com\\\/de\\\/#organization\",\"name\":\"QuietOn\",\"url\":\"https:\\\/\\\/quieton.com\\\/de\\\/\",\"logo\":{\"@type\":\"ImageObject\",\"inLanguage\":\"de\",\"@id\":\"https:\\\/\\\/quieton.com\\\/de\\\/#\\\/schema\\\/logo\\\/image\\\/\",\"url\":\"\",\"contentUrl\":\"\",\"caption\":\"QuietOn\"},\"image\":{\"@id\":\"https:\\\/\\\/quieton.com\\\/de\\\/#\\\/schema\\\/logo\\\/image\\\/\"}}]}<\/script>\n<!-- \/ Yoast SEO plugin. -->","yoast_head_json":{"title":"Presse und Medien - QuietOn","description":"Tauche ein in die Welt von QuietOn. Entdecke pressefertige Materialien und Medienressourcen, die dir helfen, die Zukunft besseren Schlafs zu teilen.","robots":{"index":"index","follow":"follow","max-snippet":"max-snippet:-1","max-image-preview":"max-image-preview:large","max-video-preview":"max-video-preview:-1"},"canonical":"https:\/\/quieton.com\/de\/presse-und-medien\/","og_locale":"de_DE","og_type":"article","og_title":"Presse und Medien - QuietOn","og_description":"Tauche ein in die Welt von QuietOn. Entdecke pressefertige Materialien und Medienressourcen, die dir helfen, die Zukunft besseren Schlafs zu teilen.","og_url":"https:\/\/quieton.com\/de\/presse-und-medien\/","og_site_name":"QuietOn","article_modified_time":"2026-02-06T11:15:38+00:00","twitter_card":"summary_large_image","twitter_misc":{"Gesch\u00e4tzte Lesezeit":"1\u00a0Minute"},"schema":{"@context":"https:\/\/schema.org","@graph":[{"@type":"WebPage","@id":"https:\/\/quieton.com\/de\/presse-und-medien\/","url":"https:\/\/quieton.com\/de\/presse-und-medien\/","name":"Presse und Medien - QuietOn","isPartOf":{"@id":"https:\/\/quieton.com\/de\/#website"},"datePublished":"2026-02-06T08:40:35+00:00","dateModified":"2026-02-06T11:15:38+00:00","description":"Tauche ein in die Welt von QuietOn. Entdecke pressefertige Materialien und Medienressourcen, die dir helfen, die Zukunft besseren Schlafs zu teilen.","breadcrumb":{"@id":"https:\/\/quieton.com\/de\/presse-und-medien\/#breadcrumb"},"inLanguage":"de","potentialAction":[{"@type":"ReadAction","target":["https:\/\/quieton.com\/de\/presse-und-medien\/"]}]},{"@type":"BreadcrumbList","@id":"https:\/\/quieton.com\/de\/presse-und-medien\/#breadcrumb","itemListElement":[{"@type":"ListItem","position":1,"name":"Home","item":"https:\/\/quieton.com\/de\/"},{"@type":"ListItem","position":2,"name":"Presse und Medien"}]},{"@type":"WebSite","@id":"https:\/\/quieton.com\/de\/#website","url":"https:\/\/quieton.com\/de\/","name":"QuietOn","description":"","publisher":{"@id":"https:\/\/quieton.com\/de\/#organization"},"potentialAction":[{"@type":"SearchAction","target":{"@type":"EntryPoint","urlTemplate":"https:\/\/quieton.com\/de\/?s={search_term_string}"},"query-input":{"@type":"PropertyValueSpecification","valueRequired":true,"valueName":"search_term_string"}}],"inLanguage":"de"},{"@type":"Organization","@id":"https:\/\/quieton.com\/de\/#organization","name":"QuietOn","url":"https:\/\/quieton.com\/de\/","logo":{"@type":"ImageObject","inLanguage":"de","@id":"https:\/\/quieton.com\/de\/#\/schema\/logo\/image\/","url":"","contentUrl":"","caption":"QuietOn"},"image":{"@id":"https:\/\/quieton.com\/de\/#\/schema\/logo\/image\/"}}]}},"uagb_featured_image_src":{"full":false,"thumbnail":false,"medium":false,"medium_large":false,"large":false,"tf-client-image-size":false,"1536x1536":false,"2048x2048":false,"woocommerce_thumbnail":false,"woocommerce_single":false,"woocommerce_gallery_thumbnail":false},"uagb_author_info":{"display_name":"DesignInspis","author_link":"https:\/\/quieton.com\/de\/author\/ntrnz\/"},"uagb_comment_info":0,"uagb_excerpt":"QuietOn Sleep\u2011Ohrst\u00f6psel von Soundless Soundless Ltd ist ein finnisches Technologieunternehmen, das sich auf die Entwicklung fortschrittlicher L\u00f6sungen zur aktiven Ger\u00e4uschunterdr\u00fcckung (ANC) spezialisiert. Das Flaggschiff des Unternehmens sind die QuietOn\u2011ANC\u2011Ohrst\u00f6psel f\u00fcr den Schlaf. Bekannt f\u00fcr kompakte, kabellose ANC\u2011Earbuds, die auf Komfort und Leistung ausgelegt sind, baut Soundless auf nordische Innovation und ein starkes Engagement f\u00fcr Wohlbefinden.&hellip;","_links":{"self":[{"href":"https:\/\/quieton.com\/de\/wp-json\/wp\/v2\/pages\/222348911","targetHints":{"allow":["GET"]}}],"collection":[{"href":"https:\/\/quieton.com\/de\/wp-json\/wp\/v2\/pages"}],"about":[{"href":"https:\/\/quieton.com\/de\/wp-json\/wp\/v2\/types\/page"}],"author":[{"embeddable":true,"href":"https:\/\/quieton.com\/de\/wp-json\/wp\/v2\/users\/1"}],"replies":[{"embeddable":true,"href":"https:\/\/quieton.com\/de\/wp-json\/wp\/v2\/comments?post=222348911"}],"version-history":[{"count":3,"href":"https:\/\/quieton.com\/de\/wp-json\/wp\/v2\/pages\/222348911\/revisions"}],"predecessor-version":[{"id":222348921,"href":"https:\/\/quieton.com\/de\/wp-json\/wp\/v2\/pages\/222348911\/revisions\/222348921"}],"wp:attachment":[{"href":"https:\/\/quieton.com\/de\/wp-json\/wp\/v2\/media?parent=222348911"}],"curies":[{"name":"wp","href":"https:\/\/api.w.org\/{rel}","templated":true}]}}