{"id":222348898,"date":"2026-02-05T16:45:49","date_gmt":"2026-02-05T14:45:49","guid":{"rendered":"https:\/\/quieton.com\/werden-sie-wiederverkaeufer\/"},"modified":"2026-02-06T13:14:05","modified_gmt":"2026-02-06T11:14:05","slug":"werden-sie-wiederverkaeufer","status":"publish","type":"page","link":"https:\/\/quieton.com\/de\/werden-sie-wiederverkaeufer\/","title":{"rendered":"Werden Sie Wiederverk\u00e4ufer"},"content":{"rendered":"\n<div class=\"wp-block-cover alignfull\" style=\"margin-top:0;margin-bottom:0;padding-top:var(--wp--preset--spacing--30);padding-right:var(--wp--preset--spacing--50);padding-bottom:var(--wp--preset--spacing--30);padding-left:var(--wp--preset--spacing--50)\"><img loading=\"lazy\" decoding=\"async\" width=\"1080\" height=\"1080\" class=\"wp-block-cover__image-background wp-image-222348241 size-full\" alt=\"QuietOn 4 Active Noise Cancelling sleep buds for Sleep\" src=\"https:\/\/quieton.com\/wp-content\/uploads\/2026\/01\/QuietOn-4-x-Comply-Square-5.jpg\" data-object-fit=\"cover\" srcset=\"https:\/\/quieton.com\/wp-content\/uploads\/2026\/01\/QuietOn-4-x-Comply-Square-5.jpg 1080w, https:\/\/quieton.com\/wp-content\/uploads\/2026\/01\/QuietOn-4-x-Comply-Square-5-640x640.jpg 640w, https:\/\/quieton.com\/wp-content\/uploads\/2026\/01\/QuietOn-4-x-Comply-Square-5-320x320.jpg 320w, https:\/\/quieton.com\/wp-content\/uploads\/2026\/01\/QuietOn-4-x-Comply-Square-5-768x768.jpg 768w, https:\/\/quieton.com\/wp-content\/uploads\/2026\/01\/QuietOn-4-x-Comply-Square-5-120x120.jpg 120w, https:\/\/quieton.com\/wp-content\/uploads\/2026\/01\/QuietOn-4-x-Comply-Square-5-360x360.jpg 360w, https:\/\/quieton.com\/wp-content\/uploads\/2026\/01\/QuietOn-4-x-Comply-Square-5-530x530.jpg 530w, https:\/\/quieton.com\/wp-content\/uploads\/2026\/01\/QuietOn-4-x-Comply-Square-5-100x100.jpg 100w\" sizes=\"auto, (max-width: 1080px) 100vw, 1080px\" \/><span aria-hidden=\"true\" class=\"wp-block-cover__background has-background-dim-0 has-background-dim has-background-gradient\" style=\"background-color:#798081;background:linear-gradient(90deg,rgba(163,139,51,0) 0%,rgb(150,127,33) 57%,rgb(94,93,13) 100%)\"><\/span><div class=\"wp-block-cover__inner-container is-layout-flow wp-block-cover-is-layout-flow\">\n<h2 class=\"wp-block-heading has-text-align-center has-paralucent-font-family\" style=\"font-size:clamp(2.31rem, 2.31rem + ((1vw - 0.2rem) * 2.973), 4.25rem);\">Werden Sie Wiederverk\u00e4ufer<\/h2>\n<\/div><\/div>\n\n<div class=\"wp-block-group has-global-padding is-layout-constrained wp-container-core-group-is-layout-f36bc466 wp-block-group-is-layout-constrained\">\n<p class=\"has-text-align-left\">Sind Sie bereit, mit einer Marke zusammenzuarbeiten, die die Art und Weise revolutioniert, wie Menschen Schlaf erleben? Wir suchen engagierte und leidenschaftliche Wiederverk\u00e4ufer, die uns dabei helfen, unsere innovativen Ohrst\u00f6psel mit aktiver Ger\u00e4uschunterdr\u00fcckung einem globalen Publikum n\u00e4herzubringen.<\/p>\n\n\n\n<h4 class=\"wp-block-heading has-paralucent-font-family\">Warum mit QuietOn zusammenarbeiten?<\/h4>\n\n\n\n<ul class=\"wp-block-list\">\n<li>Innovative Ohrst\u00f6psel mit Ger\u00e4uschunterdr\u00fcckung: QuietOn\u2011Ohrst\u00f6psel sind mit modernster Technologie ausgestattet und bieten eine unvergleichliche Ger\u00e4uschreduzierung \u2013 ein Must\u2011have f\u00fcr alle, die besseren Schlaf und mehr Ruhe suchen.<\/li>\n\n\n\n<li>Bew\u00e4hrter Erfolg: Unsere Produkte erhalten hervorragende Bewertungen und werden von Tausenden zufriedenen Kunden weltweit gesch\u00e4tzt.<\/li>\n\n\n\n<li>Umfassende Unterst\u00fctzung: Als Wiederverk\u00e4ufer erhalten Sie Marketingmaterialien, Schulungen und kontinuierliche Unterst\u00fctzung, um Ihren Erfolg sicherzustellen.<\/li>\n<\/ul>\n\n\n\n<h4 class=\"wp-block-heading has-paralucent-font-family\">Was wir anbieten<\/h4>\n\n\n\n<ul class=\"wp-block-list\">\n<li>Exklusiven Zugang zu QuietOn\u2011Produkten: Erhalten Sie Zugriff auf unsere neuesten Ohrst\u00f6psel mit Ger\u00e4uschunterdr\u00fcckung und Innovationen, noch bevor sie auf den Markt kommen.<\/li>\n\n\n\n<li>Marketing\u2011Ressourcen: Nutzen Sie unsere professionell gestalteten Marketingmaterialien, um QuietOn\u2011Produkte effektiv zu bewerben.<\/li>\n\n\n\n<li>Engagierte Unterst\u00fctzung: Unser Team unterst\u00fctzt Sie in jedem Schritt \u2013 vom ersten Setup bis zu langfristigen Verkaufsstrategien.<\/li>\n<\/ul>\n\n\n\n<h4 class=\"wp-block-heading has-paralucent-font-family\">Treten Sie uns noch heute bei<\/h4>\n\n\n\n<p>Wenn Sie bereit sind, Teil einer dynamischen und wachsenden Marke zu werden, laden wir Sie ein, QuietOn\u2011Wiederverk\u00e4ufer zu werden. Gemeinsam k\u00f6nnen wir das Leben der Menschen verbessern, indem wir ihnen die Ruhe und Stille bieten, die sie verdienen.<\/p>\n\n\n\n<h4 class=\"wp-block-heading has-paralucent-font-family\">Kontaktieren Sie uns<\/h4>\n\n\n\n<p>Interessiert, bei uns mitzumachen? Kontaktiere uns, um zu erfahren, wie du QuietOn\u2011Wiederverk\u00e4ufer werden kannst. Melde dich unter sales(at)soundlesstech.com \u2013 wir teilen alles, was du wissen musst.<\/p>\n<\/div>\n\n<div class=\"wp-block-group alignfull has-global-padding is-layout-constrained wp-block-group-is-layout-constrained\" style=\"margin-bottom:0;padding-bottom:0\">\n<div class=\"wp-block-cover alignfull uag-hide-mob\" style=\"padding-top:var(--wp--preset--spacing--30);padding-right:var(--wp--preset--spacing--30);padding-bottom:0;padding-left:var(--wp--preset--spacing--30);min-height:669px;aspect-ratio:unset;\"><img loading=\"lazy\" decoding=\"async\" width=\"1440\" height=\"535\" class=\"wp-block-cover__image-background wp-image-222349299 size-large\" alt=\"\" src=\"https:\/\/quieton.com\/wp-content\/uploads\/2026\/02\/footer-1440x535.png\" style=\"object-position:49% 28%\" data-object-fit=\"cover\" data-object-position=\"49% 28%\" srcset=\"https:\/\/quieton.com\/wp-content\/uploads\/2026\/02\/footer-1440x535.png 1440w, https:\/\/quieton.com\/wp-content\/uploads\/2026\/02\/footer-640x238.png 640w, https:\/\/quieton.com\/wp-content\/uploads\/2026\/02\/footer-768x285.png 768w, https:\/\/quieton.com\/wp-content\/uploads\/2026\/02\/footer-1536x571.png 1536w, https:\/\/quieton.com\/wp-content\/uploads\/2026\/02\/footer-360x134.png 360w, https:\/\/quieton.com\/wp-content\/uploads\/2026\/02\/footer-530x197.png 530w, https:\/\/quieton.com\/wp-content\/uploads\/2026\/02\/footer.png 2000w\" sizes=\"auto, (max-width: 1440px) 100vw, 1440px\" \/><span aria-hidden=\"true\" class=\"wp-block-cover__background has-background-dim-0 has-background-dim has-background-gradient\" style=\"background-color:#4e3e34;background:linear-gradient(90deg,rgba(255,255,255,0.16) 39%,rgb(243,243,243) 66%)\"><\/span><div class=\"wp-block-cover__inner-container is-layout-flow wp-container-core-cover-is-layout-644bd98e wp-block-cover-is-layout-flow\">\n<div class=\"wp-block-group has-global-padding is-content-justification-center is-layout-constrained wp-block-group-is-layout-constrained\" style=\"padding-top:var(--wp--preset--spacing--70);padding-bottom:var(--wp--preset--spacing--70)\">\n<p class=\"has-text-align-center has-white-color has-text-color has-link-color has-paralucent-font-family wp-elements-64e0a41a3702e4c752043748e6d1a1e3\" style=\"font-size:clamp(2.876rem, 2.876rem + ((1vw - 0.2rem) * 4.175), 5.6rem);\">Get your QuietOn<\/p>\n<\/div>\n\n\n\n<div class=\"wp-block-group has-global-padding is-content-justification-center is-layout-constrained wp-block-group-is-layout-constrained\">\n\n\n<div class=\"wp-block-geotargeting-pro-gutenberg-country\">\n<div class=\"wp-block-uagb-buttons uagb-buttons__outer-wrap uagb-btn__default-btn uagb-btn-tablet__default-btn uagb-btn-mobile__default-btn uagb-block-2c9c6512\"><div class=\"uagb-buttons__wrap uagb-buttons-layout-wrap \">\n<div class=\"wp-block-uagb-buttons-child uagb-buttons__outer-wrap uagb-block-5092a7f9 wp-block-button\"><div class=\"uagb-button__wrapper\"><a class=\"uagb-buttons-repeater wp-block-button__link\" aria-label=\"\" href=\"https:\/\/quieton.com\/de\/wo-kaufen\/\" rel=\"follow noopener\" target=\"_self\" role=\"button\"><div class=\"uagb-button__link\">WO KAUFEN?<\/div><\/a><\/div><\/div>\n<\/div><\/div>\n<\/div>\n<\/div>\n<\/div><\/div>\n\n\n\n<div class=\"wp-block-cover alignfull uag-hide-desktop uag-hide-tab\" style=\"padding-top:var(--wp--preset--spacing--30);padding-right:var(--wp--preset--spacing--30);padding-bottom:0;padding-left:var(--wp--preset--spacing--30);min-height:669px;aspect-ratio:unset;\"><img loading=\"lazy\" decoding=\"async\" width=\"1440\" height=\"535\" class=\"wp-block-cover__image-background wp-image-222349299 size-large\" alt=\"\" src=\"https:\/\/quieton.com\/wp-content\/uploads\/2026\/02\/footer-1440x535.png\" style=\"object-position:56% 21%\" data-object-fit=\"cover\" data-object-position=\"56% 21%\" srcset=\"https:\/\/quieton.com\/wp-content\/uploads\/2026\/02\/footer-1440x535.png 1440w, https:\/\/quieton.com\/wp-content\/uploads\/2026\/02\/footer-640x238.png 640w, https:\/\/quieton.com\/wp-content\/uploads\/2026\/02\/footer-768x285.png 768w, https:\/\/quieton.com\/wp-content\/uploads\/2026\/02\/footer-1536x571.png 1536w, https:\/\/quieton.com\/wp-content\/uploads\/2026\/02\/footer-360x134.png 360w, https:\/\/quieton.com\/wp-content\/uploads\/2026\/02\/footer-530x197.png 530w, https:\/\/quieton.com\/wp-content\/uploads\/2026\/02\/footer.png 2000w\" sizes=\"auto, (max-width: 1440px) 100vw, 1440px\" \/><span aria-hidden=\"true\" class=\"wp-block-cover__background has-background-dim-0 has-background-dim has-background-gradient\" style=\"background-color:#4e3e34;background:linear-gradient(90deg,rgba(255,255,255,0.16) 39%,rgb(243,243,243) 66%)\"><\/span><div class=\"wp-block-cover__inner-container is-layout-flow wp-container-core-cover-is-layout-644bd98e wp-block-cover-is-layout-flow\">\n<div class=\"wp-block-group has-global-padding is-content-justification-center is-layout-constrained wp-block-group-is-layout-constrained\" style=\"padding-top:var(--wp--preset--spacing--70);padding-bottom:var(--wp--preset--spacing--70)\">\n<p class=\"has-text-align-center has-white-color has-text-color has-link-color has-paralucent-font-family wp-elements-64e0a41a3702e4c752043748e6d1a1e3\" style=\"font-size:clamp(2.876rem, 2.876rem + ((1vw - 0.2rem) * 4.175), 5.6rem);\">Get your QuietOn<\/p>\n<\/div>\n\n\n\n<div class=\"wp-block-group has-global-padding is-content-justification-center is-layout-constrained wp-block-group-is-layout-constrained\">\n\n\n<div class=\"wp-block-geotargeting-pro-gutenberg-country\">\n<div class=\"wp-block-uagb-buttons uagb-buttons__outer-wrap uagb-btn__default-btn uagb-btn-tablet__default-btn uagb-btn-mobile__default-btn uagb-block-2c9c6512\"><div class=\"uagb-buttons__wrap uagb-buttons-layout-wrap \">\n<div class=\"wp-block-uagb-buttons-child uagb-buttons__outer-wrap uagb-block-5092a7f9 wp-block-button\"><div class=\"uagb-button__wrapper\"><a class=\"uagb-buttons-repeater wp-block-button__link\" aria-label=\"\" href=\"https:\/\/quieton.com\/de\/wo-kaufen\/\" rel=\"follow noopener\" target=\"_self\" role=\"button\"><div class=\"uagb-button__link\">WO KAUFEN?<\/div><\/a><\/div><\/div>\n<\/div><\/div>\n<\/div>\n<\/div>\n<\/div><\/div>\n<\/div>\n","protected":false},"excerpt":{"rendered":"<p>Sind Sie bereit, mit einer Marke zusammenzuarbeiten, die die Art und Weise revolutioniert, wie Menschen Schlaf erleben? Wir suchen engagierte und leidenschaftliche Wiederverk\u00e4ufer, die uns dabei helfen, unsere innovativen Ohrst\u00f6psel mit aktiver Ger\u00e4uschunterdr\u00fcckung einem globalen Publikum n\u00e4herzubringen. Warum mit QuietOn zusammenarbeiten? Was wir anbieten Treten Sie uns noch heute bei Wenn Sie bereit sind, Teil [&hellip;]<\/p>\n","protected":false},"author":1,"featured_media":0,"parent":0,"menu_order":0,"comment_status":"closed","ping_status":"closed","template":"2025-default","meta":{"_acf_changed":false,"_uag_custom_page_level_css":"","footnotes":""},"class_list":["post-222348898","page","type-page","status-publish","hentry"],"acf":[],"yoast_head":"<!-- This site is optimized with the Yoast SEO plugin v27.3 - https:\/\/yoast.com\/product\/yoast-seo-wordpress\/ -->\n<title>Werden Sie Wiederverk\u00e4ufer - QuietOn<\/title>\n<meta name=\"description\" content=\"Partner mit QuietOn, um innovative schlafoptimierte Ohrst\u00f6psel mit aktiver Ger\u00e4uschunterdr\u00fcckung weiterzuverkaufen \u2013 erhalte Zugang zu Produkten, Marketingunterst\u00fctzung und werde Teil eines wachsenden globalen Wiederverk\u00e4ufernetzwerks.\" \/>\n<meta name=\"robots\" content=\"index, follow, max-snippet:-1, max-image-preview:large, max-video-preview:-1\" \/>\n<link rel=\"canonical\" href=\"https:\/\/quieton.com\/de\/werden-sie-wiederverkaeufer\/\" \/>\n<meta property=\"og:locale\" content=\"de_DE\" \/>\n<meta property=\"og:type\" content=\"article\" \/>\n<meta property=\"og:title\" content=\"Werden Sie Wiederverk\u00e4ufer - QuietOn\" \/>\n<meta property=\"og:description\" content=\"Partner mit QuietOn, um innovative schlafoptimierte Ohrst\u00f6psel mit aktiver Ger\u00e4uschunterdr\u00fcckung weiterzuverkaufen \u2013 erhalte Zugang zu Produkten, Marketingunterst\u00fctzung und werde Teil eines wachsenden globalen Wiederverk\u00e4ufernetzwerks.\" \/>\n<meta property=\"og:url\" content=\"https:\/\/quieton.com\/de\/werden-sie-wiederverkaeufer\/\" \/>\n<meta property=\"og:site_name\" content=\"QuietOn\" \/>\n<meta property=\"article:modified_time\" content=\"2026-02-06T11:14:05+00:00\" \/>\n<meta property=\"og:image\" content=\"https:\/\/quieton.com\/wp-content\/uploads\/2026\/01\/QuietOn-4-x-Comply-Square-5.jpg\" \/>\n\t<meta property=\"og:image:width\" content=\"1080\" \/>\n\t<meta property=\"og:image:height\" content=\"1080\" \/>\n\t<meta property=\"og:image:type\" content=\"image\/jpeg\" \/>\n<meta name=\"twitter:card\" content=\"summary_large_image\" \/>\n<meta name=\"twitter:label1\" content=\"Gesch\u00e4tzte Lesezeit\" \/>\n\t<meta name=\"twitter:data1\" content=\"1\u00a0Minute\" \/>\n<script type=\"application\/ld+json\" class=\"yoast-schema-graph\">{\"@context\":\"https:\\\/\\\/schema.org\",\"@graph\":[{\"@type\":\"WebPage\",\"@id\":\"https:\\\/\\\/quieton.com\\\/de\\\/werden-sie-wiederverkaeufer\\\/\",\"url\":\"https:\\\/\\\/quieton.com\\\/de\\\/werden-sie-wiederverkaeufer\\\/\",\"name\":\"Werden Sie Wiederverk\u00e4ufer - QuietOn\",\"isPartOf\":{\"@id\":\"https:\\\/\\\/quieton.com\\\/de\\\/#website\"},\"primaryImageOfPage\":{\"@id\":\"https:\\\/\\\/quieton.com\\\/de\\\/werden-sie-wiederverkaeufer\\\/#primaryimage\"},\"image\":{\"@id\":\"https:\\\/\\\/quieton.com\\\/de\\\/werden-sie-wiederverkaeufer\\\/#primaryimage\"},\"thumbnailUrl\":\"https:\\\/\\\/quieton.com\\\/wp-content\\\/uploads\\\/2026\\\/01\\\/QuietOn-4-x-Comply-Square-5.jpg\",\"datePublished\":\"2026-02-05T14:45:49+00:00\",\"dateModified\":\"2026-02-06T11:14:05+00:00\",\"description\":\"Partner mit QuietOn, um innovative schlafoptimierte Ohrst\u00f6psel mit aktiver Ger\u00e4uschunterdr\u00fcckung weiterzuverkaufen \u2013 erhalte Zugang zu Produkten, Marketingunterst\u00fctzung und werde Teil eines wachsenden globalen Wiederverk\u00e4ufernetzwerks.\",\"breadcrumb\":{\"@id\":\"https:\\\/\\\/quieton.com\\\/de\\\/werden-sie-wiederverkaeufer\\\/#breadcrumb\"},\"inLanguage\":\"de\",\"potentialAction\":[{\"@type\":\"ReadAction\",\"target\":[\"https:\\\/\\\/quieton.com\\\/de\\\/werden-sie-wiederverkaeufer\\\/\"]}]},{\"@type\":\"ImageObject\",\"inLanguage\":\"de\",\"@id\":\"https:\\\/\\\/quieton.com\\\/de\\\/werden-sie-wiederverkaeufer\\\/#primaryimage\",\"url\":\"https:\\\/\\\/quieton.com\\\/wp-content\\\/uploads\\\/2026\\\/01\\\/QuietOn-4-x-Comply-Square-5.jpg\",\"contentUrl\":\"https:\\\/\\\/quieton.com\\\/wp-content\\\/uploads\\\/2026\\\/01\\\/QuietOn-4-x-Comply-Square-5.jpg\"},{\"@type\":\"BreadcrumbList\",\"@id\":\"https:\\\/\\\/quieton.com\\\/de\\\/werden-sie-wiederverkaeufer\\\/#breadcrumb\",\"itemListElement\":[{\"@type\":\"ListItem\",\"position\":1,\"name\":\"Home\",\"item\":\"https:\\\/\\\/quieton.com\\\/de\\\/\"},{\"@type\":\"ListItem\",\"position\":2,\"name\":\"Werden Sie Wiederverk\u00e4ufer\"}]},{\"@type\":\"WebSite\",\"@id\":\"https:\\\/\\\/quieton.com\\\/de\\\/#website\",\"url\":\"https:\\\/\\\/quieton.com\\\/de\\\/\",\"name\":\"QuietOn\",\"description\":\"\",\"publisher\":{\"@id\":\"https:\\\/\\\/quieton.com\\\/de\\\/#organization\"},\"potentialAction\":[{\"@type\":\"SearchAction\",\"target\":{\"@type\":\"EntryPoint\",\"urlTemplate\":\"https:\\\/\\\/quieton.com\\\/de\\\/?s={search_term_string}\"},\"query-input\":{\"@type\":\"PropertyValueSpecification\",\"valueRequired\":true,\"valueName\":\"search_term_string\"}}],\"inLanguage\":\"de\"},{\"@type\":\"Organization\",\"@id\":\"https:\\\/\\\/quieton.com\\\/de\\\/#organization\",\"name\":\"QuietOn\",\"url\":\"https:\\\/\\\/quieton.com\\\/de\\\/\",\"logo\":{\"@type\":\"ImageObject\",\"inLanguage\":\"de\",\"@id\":\"https:\\\/\\\/quieton.com\\\/de\\\/#\\\/schema\\\/logo\\\/image\\\/\",\"url\":\"\",\"contentUrl\":\"\",\"caption\":\"QuietOn\"},\"image\":{\"@id\":\"https:\\\/\\\/quieton.com\\\/de\\\/#\\\/schema\\\/logo\\\/image\\\/\"}}]}<\/script>\n<!-- \/ Yoast SEO plugin. -->","yoast_head_json":{"title":"Werden Sie Wiederverk\u00e4ufer - QuietOn","description":"Partner mit QuietOn, um innovative schlafoptimierte Ohrst\u00f6psel mit aktiver Ger\u00e4uschunterdr\u00fcckung weiterzuverkaufen \u2013 erhalte Zugang zu Produkten, Marketingunterst\u00fctzung und werde Teil eines wachsenden globalen Wiederverk\u00e4ufernetzwerks.","robots":{"index":"index","follow":"follow","max-snippet":"max-snippet:-1","max-image-preview":"max-image-preview:large","max-video-preview":"max-video-preview:-1"},"canonical":"https:\/\/quieton.com\/de\/werden-sie-wiederverkaeufer\/","og_locale":"de_DE","og_type":"article","og_title":"Werden Sie Wiederverk\u00e4ufer - QuietOn","og_description":"Partner mit QuietOn, um innovative schlafoptimierte Ohrst\u00f6psel mit aktiver Ger\u00e4uschunterdr\u00fcckung weiterzuverkaufen \u2013 erhalte Zugang zu Produkten, Marketingunterst\u00fctzung und werde Teil eines wachsenden globalen Wiederverk\u00e4ufernetzwerks.","og_url":"https:\/\/quieton.com\/de\/werden-sie-wiederverkaeufer\/","og_site_name":"QuietOn","article_modified_time":"2026-02-06T11:14:05+00:00","og_image":[{"width":1080,"height":1080,"url":"https:\/\/quieton.com\/wp-content\/uploads\/2026\/01\/QuietOn-4-x-Comply-Square-5.jpg","type":"image\/jpeg"}],"twitter_card":"summary_large_image","twitter_misc":{"Gesch\u00e4tzte Lesezeit":"1\u00a0Minute"},"schema":{"@context":"https:\/\/schema.org","@graph":[{"@type":"WebPage","@id":"https:\/\/quieton.com\/de\/werden-sie-wiederverkaeufer\/","url":"https:\/\/quieton.com\/de\/werden-sie-wiederverkaeufer\/","name":"Werden Sie Wiederverk\u00e4ufer - QuietOn","isPartOf":{"@id":"https:\/\/quieton.com\/de\/#website"},"primaryImageOfPage":{"@id":"https:\/\/quieton.com\/de\/werden-sie-wiederverkaeufer\/#primaryimage"},"image":{"@id":"https:\/\/quieton.com\/de\/werden-sie-wiederverkaeufer\/#primaryimage"},"thumbnailUrl":"https:\/\/quieton.com\/wp-content\/uploads\/2026\/01\/QuietOn-4-x-Comply-Square-5.jpg","datePublished":"2026-02-05T14:45:49+00:00","dateModified":"2026-02-06T11:14:05+00:00","description":"Partner mit QuietOn, um innovative schlafoptimierte Ohrst\u00f6psel mit aktiver Ger\u00e4uschunterdr\u00fcckung weiterzuverkaufen \u2013 erhalte Zugang zu Produkten, Marketingunterst\u00fctzung und werde Teil eines wachsenden globalen Wiederverk\u00e4ufernetzwerks.","breadcrumb":{"@id":"https:\/\/quieton.com\/de\/werden-sie-wiederverkaeufer\/#breadcrumb"},"inLanguage":"de","potentialAction":[{"@type":"ReadAction","target":["https:\/\/quieton.com\/de\/werden-sie-wiederverkaeufer\/"]}]},{"@type":"ImageObject","inLanguage":"de","@id":"https:\/\/quieton.com\/de\/werden-sie-wiederverkaeufer\/#primaryimage","url":"https:\/\/quieton.com\/wp-content\/uploads\/2026\/01\/QuietOn-4-x-Comply-Square-5.jpg","contentUrl":"https:\/\/quieton.com\/wp-content\/uploads\/2026\/01\/QuietOn-4-x-Comply-Square-5.jpg"},{"@type":"BreadcrumbList","@id":"https:\/\/quieton.com\/de\/werden-sie-wiederverkaeufer\/#breadcrumb","itemListElement":[{"@type":"ListItem","position":1,"name":"Home","item":"https:\/\/quieton.com\/de\/"},{"@type":"ListItem","position":2,"name":"Werden Sie Wiederverk\u00e4ufer"}]},{"@type":"WebSite","@id":"https:\/\/quieton.com\/de\/#website","url":"https:\/\/quieton.com\/de\/","name":"QuietOn","description":"","publisher":{"@id":"https:\/\/quieton.com\/de\/#organization"},"potentialAction":[{"@type":"SearchAction","target":{"@type":"EntryPoint","urlTemplate":"https:\/\/quieton.com\/de\/?s={search_term_string}"},"query-input":{"@type":"PropertyValueSpecification","valueRequired":true,"valueName":"search_term_string"}}],"inLanguage":"de"},{"@type":"Organization","@id":"https:\/\/quieton.com\/de\/#organization","name":"QuietOn","url":"https:\/\/quieton.com\/de\/","logo":{"@type":"ImageObject","inLanguage":"de","@id":"https:\/\/quieton.com\/de\/#\/schema\/logo\/image\/","url":"","contentUrl":"","caption":"QuietOn"},"image":{"@id":"https:\/\/quieton.com\/de\/#\/schema\/logo\/image\/"}}]}},"uagb_featured_image_src":{"full":false,"thumbnail":false,"medium":false,"medium_large":false,"large":false,"tf-client-image-size":false,"1536x1536":false,"2048x2048":false,"woocommerce_thumbnail":false,"woocommerce_single":false,"woocommerce_gallery_thumbnail":false},"uagb_author_info":{"display_name":"DesignInspis","author_link":"https:\/\/quieton.com\/de\/author\/ntrnz\/"},"uagb_comment_info":0,"uagb_excerpt":"Sind Sie bereit, mit einer Marke zusammenzuarbeiten, die die Art und Weise revolutioniert, wie Menschen Schlaf erleben? Wir suchen engagierte und leidenschaftliche Wiederverk\u00e4ufer, die uns dabei helfen, unsere innovativen Ohrst\u00f6psel mit aktiver Ger\u00e4uschunterdr\u00fcckung einem globalen Publikum n\u00e4herzubringen. Warum mit QuietOn zusammenarbeiten? Was wir anbieten Treten Sie uns noch heute bei Wenn Sie bereit sind, Teil&hellip;","_links":{"self":[{"href":"https:\/\/quieton.com\/de\/wp-json\/wp\/v2\/pages\/222348898","targetHints":{"allow":["GET"]}}],"collection":[{"href":"https:\/\/quieton.com\/de\/wp-json\/wp\/v2\/pages"}],"about":[{"href":"https:\/\/quieton.com\/de\/wp-json\/wp\/v2\/types\/page"}],"author":[{"embeddable":true,"href":"https:\/\/quieton.com\/de\/wp-json\/wp\/v2\/users\/1"}],"replies":[{"embeddable":true,"href":"https:\/\/quieton.com\/de\/wp-json\/wp\/v2\/comments?post=222348898"}],"version-history":[{"count":2,"href":"https:\/\/quieton.com\/de\/wp-json\/wp\/v2\/pages\/222348898\/revisions"}],"predecessor-version":[{"id":222348919,"href":"https:\/\/quieton.com\/de\/wp-json\/wp\/v2\/pages\/222348898\/revisions\/222348919"}],"wp:attachment":[{"href":"https:\/\/quieton.com\/de\/wp-json\/wp\/v2\/media?parent=222348898"}],"curies":[{"name":"wp","href":"https:\/\/api.w.org\/{rel}","templated":true}]}}